{"id":157,"date":"2022-03-24T08:43:25","date_gmt":"2022-03-24T08:43:25","guid":{"rendered":"http:\/\/roadtales.de\/?page_id=157"},"modified":"2026-03-08T16:46:46","modified_gmt":"2026-03-08T15:46:46","slug":"impressum","status":"publish","type":"page","link":"http:\/\/roadtales.de\/en\/impressum","title":{"rendered":"Legal Notice"},"content":{"rendered":"<p><strong>Information pursuant to \u00a7 5 TMG<\/strong><\/p>\n\n\n\n<p>Sarah Strittmatter<br>Birkagatan 43B<br>41656 G\u00f6teborg<br>Sweden<\/p>\n\n\n\n<p><strong>Contact<\/strong><br>E-Mail: sarah@roadtales.de<\/p>\n\n\n\n<p><strong>Editorially responsible<\/strong><\/p>\n\n\n\n<p>Sarah Strittmatter<\/p>\n\n\n\n<h2 class=\"wp-block-heading\">Disclaimer<\/h2>\n\n\n\n<p><strong>Liability for Content<\/strong><\/p>\n\n\n\n<p>As a service provider, we are responsible for our own content on these pages according to general laws pursuant to \u00a7 7 paragraph 1 of the TMG. However, according to \u00a7\u00a7 8 to 10 of the TMG, we as service providers are not obligated to monitor transmitted or stored third-party information or to investigate circumstances that indicate illegal activity. Obligations to remove or block the use of information according to general laws remain unaffected. However, liability in this regard is only possible from the time of knowledge of a specific legal infringement. Upon becoming aware of such legal infringements, we will remove this content immediately.<\/p>\n\n\n\n<p><strong>Liability for Links<\/strong><\/p>\n\n\n\n<p>Our offer contains links to external third-party websites, on whose contents we have no influence. Therefore, we cannot assume any liability for these external contents. The respective provider or operator of the linked pages is always responsible for the contents of the linked pages. The linked pages were checked for possible legal violations at the time of linking. Illegal contents were not recognizable at the time of linking. However, a permanent content control of the linked pages is not reasonable without concrete indications of a legal violation. Upon becoming aware of legal violations, we will remove such links immediately.<\/p>\n\n\n\n<p><strong>Copyright<\/strong><\/p>\n\n\n\n<p>The content and works created by the site operators on these pages are subject to German copyright law. The duplication, processing, distribution, and any kind of exploitation outside the limits of copyright require the written consent of the respective author or creator. Downloads and copies of this site are only permitted for private, non-commercial use. Insofar as the content on this site was not created by the operator, the copyrights of third parties are respected. In particular, third-party content is marked as such. If you nevertheless become aware of a copyright infringement, please inform us accordingly. Upon becoming aware of legal violations, we will remove such content immediately.<\/p>\n\n\n\n<p>Source: <em><a href=\"https:\/\/www.e-recht24.de\/\">eRecht24<\/a><\/em><\/p>","protected":false},"excerpt":{"rendered":"<p>Angaben gem\u00e4\u00df \u00a7 5 TMG Sarah StrittmatterBirkagatan 43B41656 G\u00f6teborgSchweden KontaktE-Mail: sarah@roadtales.de Redaktionell verantwortlich Sarah Strittmatter Haftungsauschluss Haftung f\u00fcr Inhalte Als Diensteanbieter sind wir gem\u00e4\u00df \u00a7 7 Abs.1 TMG f\u00fcr eigene Inhalte auf diesen Seiten nach den allgemeinen Gesetzen verantwortlich. Nach \u00a7\u00a7 8 bis 10 TMG sind wir als Diensteanbieter jedoch nicht verpflichtet, \u00fcbermittelte oder gespeicherte<\/p>","protected":false},"author":1,"featured_media":0,"parent":0,"menu_order":0,"comment_status":"closed","ping_status":"closed","template":"","meta":{"slim_seo":{"title":"Impressum - Roadtales","description":"Angaben gem\u00e4\u00df \u00a7 5 TMG Sarah Strittmatter Birkagatan 43B 41656 G\u00f6teborg Schweden Kontakt E-Mail: sarah@roadtales.de Redaktionell verantwortlich Sarah Strittmatte"},"footnotes":""},"class_list":["post-157","page","type-page","status-publish"],"yoast_head":"<!-- This site is optimized with the Yoast SEO plugin v27.5 - https:\/\/yoast.com\/product\/yoast-seo-wordpress\/ -->\n<title>Impressum<\/title>\n<meta name=\"description\" content=\"Impressum dieser Website mit Angaben gem\u00e4\u00df \u00a7 5 TMG. Verantwortlich f\u00fcr Inhalte, Kontaktinformationen und rechtliche Hinweise.\" \/>\n<meta name=\"robots\" content=\"noindex, follow\" \/>\n<meta property=\"og:locale\" content=\"en_GB\" \/>\n<meta property=\"og:type\" content=\"article\" \/>\n<meta property=\"og:title\" content=\"Impressum\" \/>\n<meta property=\"og:description\" content=\"Impressum dieser Website mit Angaben gem\u00e4\u00df \u00a7 5 TMG. Verantwortlich f\u00fcr Inhalte, Kontaktinformationen und rechtliche Hinweise.\" \/>\n<meta property=\"og:url\" content=\"https:\/\/roadtales.de\/en\/impressum\/\" \/>\n<meta property=\"og:site_name\" content=\"Roadtales\" \/>\n<meta property=\"article:modified_time\" content=\"2026-03-08T15:46:46+00:00\" \/>\n<meta name=\"twitter:card\" content=\"summary_large_image\" \/>\n<meta name=\"twitter:label1\" content=\"Estimated reading time\" \/>\n\t<meta name=\"twitter:data1\" content=\"2 minutes\" \/>\n<script type=\"application\/ld+json\" class=\"yoast-schema-graph\">{\"@context\":\"https:\\\/\\\/schema.org\",\"@graph\":[{\"@type\":\"WebPage\",\"@id\":\"https:\\\/\\\/roadtales.de\\\/impressum\",\"url\":\"https:\\\/\\\/roadtales.de\\\/impressum\",\"name\":\"Impressum\",\"isPartOf\":{\"@id\":\"https:\\\/\\\/roadtales.de\\\/#website\"},\"datePublished\":\"2022-03-24T08:43:25+00:00\",\"dateModified\":\"2026-03-08T15:46:46+00:00\",\"description\":\"Impressum dieser Website mit Angaben gem\u00e4\u00df \u00a7 5 TMG. Verantwortlich f\u00fcr Inhalte, Kontaktinformationen und rechtliche Hinweise.\",\"breadcrumb\":{\"@id\":\"https:\\\/\\\/roadtales.de\\\/impressum#breadcrumb\"},\"inLanguage\":\"en-GB\",\"potentialAction\":[{\"@type\":\"ReadAction\",\"target\":[\"https:\\\/\\\/roadtales.de\\\/impressum\"]}]},{\"@type\":\"BreadcrumbList\",\"@id\":\"https:\\\/\\\/roadtales.de\\\/impressum#breadcrumb\",\"itemListElement\":[{\"@type\":\"ListItem\",\"position\":1,\"name\":\"Startseite\",\"item\":\"https:\\\/\\\/roadtales.de\\\/\"},{\"@type\":\"ListItem\",\"position\":2,\"name\":\"Impressum\"}]},{\"@type\":\"WebSite\",\"@id\":\"https:\\\/\\\/roadtales.de\\\/#website\",\"url\":\"https:\\\/\\\/roadtales.de\\\/\",\"name\":\"Roadtales\",\"description\":\"Overlanding, Camperausbau &amp; Reiseabenteuer\",\"publisher\":{\"@id\":\"https:\\\/\\\/roadtales.de\\\/#\\\/schema\\\/person\\\/1e68636375004def3d491f4977d362d0\"},\"potentialAction\":[{\"@type\":\"SearchAction\",\"target\":{\"@type\":\"EntryPoint\",\"urlTemplate\":\"https:\\\/\\\/roadtales.de\\\/?s={search_term_string}\"},\"query-input\":{\"@type\":\"PropertyValueSpecification\",\"valueRequired\":true,\"valueName\":\"search_term_string\"}}],\"inLanguage\":\"en-GB\"},{\"@type\":[\"Person\",\"Organization\"],\"@id\":\"https:\\\/\\\/roadtales.de\\\/#\\\/schema\\\/person\\\/1e68636375004def3d491f4977d362d0\",\"name\":\"Sarah\",\"image\":{\"@type\":\"ImageObject\",\"inLanguage\":\"en-GB\",\"@id\":\"https:\\\/\\\/roadtales.de\\\/wp-content\\\/uploads\\\/2023\\\/11\\\/Gotland-Restaurants-Sarah-Roadtales.jpg\",\"url\":\"https:\\\/\\\/roadtales.de\\\/wp-content\\\/uploads\\\/2023\\\/11\\\/Gotland-Restaurants-Sarah-Roadtales.jpg\",\"contentUrl\":\"https:\\\/\\\/roadtales.de\\\/wp-content\\\/uploads\\\/2023\\\/11\\\/Gotland-Restaurants-Sarah-Roadtales.jpg\",\"width\":660,\"height\":880,\"caption\":\"Sarah\"},\"logo\":{\"@id\":\"https:\\\/\\\/roadtales.de\\\/wp-content\\\/uploads\\\/2023\\\/11\\\/Gotland-Restaurants-Sarah-Roadtales.jpg\"},\"description\":\"Ich bin Sarah. Geboren 1990 im S\u00fcden von Deutschland an der Grenze zur Schweiz. Nach dem Abi hat es mich ins Ausland gezogen f\u00fcr ein Jahr nach Lesotho. Zwischen Bachelor uns Master war ich dann in S\u00fcdostasien reisen und habe meinen Master schlussendlich in Schweden gemacht. Nach einigen Jahren im Berufsleben, habe ich mich dann in ein Abenteuer gewagt und habe mit meinem Freund unseren Camper ausgebaut und nach S\u00fcdamerika verschifft. Seither erkunden wir gemeinsam mit viel Abenteuerlust und Neugierde diesen wundersch\u00f6nen Kontinent.\",\"sameAs\":[\"https:\\\/\\\/roadtales.de\",\"https:\\\/\\\/instagram.com\\\/_roadtales\\\/\"]}]}<\/script>\n<!-- \/ Yoast SEO plugin. -->","yoast_head_json":{"title":"Legal Notice","description":"Impressum dieser Website mit Angaben gem\u00e4\u00df \u00a7 5 TMG. Verantwortlich f\u00fcr Inhalte, Kontaktinformationen und rechtliche Hinweise.","robots":{"index":"noindex","follow":"follow"},"og_locale":"en_GB","og_type":"article","og_title":"Impressum","og_description":"Impressum dieser Website mit Angaben gem\u00e4\u00df \u00a7 5 TMG. Verantwortlich f\u00fcr Inhalte, Kontaktinformationen und rechtliche Hinweise.","og_url":"https:\/\/roadtales.de\/en\/impressum\/","og_site_name":"Roadtales","article_modified_time":"2026-03-08T15:46:46+00:00","twitter_card":"summary_large_image","twitter_misc":{"Estimated reading time":"2 minutes"},"schema":{"@context":"https:\/\/schema.org","@graph":[{"@type":"WebPage","@id":"https:\/\/roadtales.de\/impressum","url":"https:\/\/roadtales.de\/impressum","name":"Legal Notice","isPartOf":{"@id":"https:\/\/roadtales.de\/#website"},"datePublished":"2022-03-24T08:43:25+00:00","dateModified":"2026-03-08T15:46:46+00:00","description":"Impressum dieser Website mit Angaben gem\u00e4\u00df \u00a7 5 TMG. Verantwortlich f\u00fcr Inhalte, Kontaktinformationen und rechtliche Hinweise.","breadcrumb":{"@id":"https:\/\/roadtales.de\/impressum#breadcrumb"},"inLanguage":"en-GB","potentialAction":[{"@type":"ReadAction","target":["https:\/\/roadtales.de\/impressum"]}]},{"@type":"BreadcrumbList","@id":"https:\/\/roadtales.de\/impressum#breadcrumb","itemListElement":[{"@type":"ListItem","position":1,"name":"Startseite","item":"https:\/\/roadtales.de\/"},{"@type":"ListItem","position":2,"name":"Impressum"}]},{"@type":"WebSite","@id":"https:\/\/roadtales.de\/#website","url":"https:\/\/roadtales.de\/","name":"Roadtales","description":"Overlanding, Camperausbau &amp; Reiseabenteuer","publisher":{"@id":"https:\/\/roadtales.de\/#\/schema\/person\/1e68636375004def3d491f4977d362d0"},"potentialAction":[{"@type":"SearchAction","target":{"@type":"EntryPoint","urlTemplate":"https:\/\/roadtales.de\/?s={search_term_string}"},"query-input":{"@type":"PropertyValueSpecification","valueRequired":true,"valueName":"search_term_string"}}],"inLanguage":"en-GB"},{"@type":["Person","Organization"],"@id":"https:\/\/roadtales.de\/#\/schema\/person\/1e68636375004def3d491f4977d362d0","name":"Sarah","image":{"@type":"ImageObject","inLanguage":"en-GB","@id":"https:\/\/roadtales.de\/wp-content\/uploads\/2023\/11\/Gotland-Restaurants-Sarah-Roadtales.jpg","url":"https:\/\/roadtales.de\/wp-content\/uploads\/2023\/11\/Gotland-Restaurants-Sarah-Roadtales.jpg","contentUrl":"https:\/\/roadtales.de\/wp-content\/uploads\/2023\/11\/Gotland-Restaurants-Sarah-Roadtales.jpg","width":660,"height":880,"caption":"Sarah"},"logo":{"@id":"https:\/\/roadtales.de\/wp-content\/uploads\/2023\/11\/Gotland-Restaurants-Sarah-Roadtales.jpg"},"description":"I am Sarah. Born in 1990 in the south of Germany, near the Swiss border. After finishing high school, I moved abroad for a year to Lesotho. Between my bachelor's and master's degrees, I traveled through Southeast Asia and eventually completed my master's in Sweden. After a few years in the workforce, I embarked on an adventure with my boyfriend, converting our camper and shipping it to South America. Since then, we have been exploring this beautiful continent together with a lot of adventurous spirit and curiosity.","sameAs":["https:\/\/roadtales.de","https:\/\/instagram.com\/_roadtales\/"]}]}},"jetpack_sharing_enabled":true,"jetpack-related-posts":[{"id":195,"url":"http:\/\/roadtales.de\/en\/datenschutz","url_meta":{"origin":157,"position":0},"title":"Privacy Policy","author":"Sarah","date":"26\/03\/2022","format":false,"excerpt":"1. Datenschutz auf einen Blick Allgemeine Hinweise Die folgenden Hinweise geben einen einfachen \u00dcberblick dar\u00fcber, was mit Ihren personenbezogenen Daten passiert, wenn Sie diese Website besuchen. Personenbezogene Daten sind alle Daten, mit denen Sie pers\u00f6nlich identifiziert werden k\u00f6nnen. Ausf\u00fchrliche Informationen zum Thema Datenschutz entnehmen Sie unserer unter diesem Text aufgef\u00fchrten\u2026","rel":"","context":"Similar post","block_context":{"text":"Similar post","link":""},"img":{"alt_text":"","src":"","width":0,"height":0},"classes":[]},{"id":54,"url":"http:\/\/roadtales.de\/en\/ueber-uns","url_meta":{"origin":157,"position":1},"title":"About Us","author":"Sarah","date":"23\/01\/2015","format":false,"excerpt":"Hi, wir sind Sarah und Mats, willkommen auf unserem Blog Roadtales. Sch\u00f6n dass du da bist! Uns verbindet die Reise- und Abenteuerlust. Diese wollen wir hier mit dir teilen. Alles begann 2018 in Kirgistan, als wir mit einem alten russischen UAZ die entlegenen Stra\u00dfen erkundeten und dabei einem kleinen roten\u2026","rel":"","context":"Similar post","block_context":{"text":"Similar post","link":""},"img":{"alt_text":"Wanderung Jotunheimen Nationalprk Roadtales","src":"https:\/\/i0.wp.com\/roadtales.de\/wp-content\/uploads\/2023\/11\/Wanderung-Jotunheimen-Nationalprk-Roadtales.jpg?resize=350%2C200&ssl=1","width":350,"height":200,"srcset":"https:\/\/i0.wp.com\/roadtales.de\/wp-content\/uploads\/2023\/11\/Wanderung-Jotunheimen-Nationalprk-Roadtales.jpg?resize=350%2C200&ssl=1 1x, https:\/\/i0.wp.com\/roadtales.de\/wp-content\/uploads\/2023\/11\/Wanderung-Jotunheimen-Nationalprk-Roadtales.jpg?resize=525%2C300&ssl=1 1.5x, https:\/\/i0.wp.com\/roadtales.de\/wp-content\/uploads\/2023\/11\/Wanderung-Jotunheimen-Nationalprk-Roadtales.jpg?resize=700%2C400&ssl=1 2x, https:\/\/i0.wp.com\/roadtales.de\/wp-content\/uploads\/2023\/11\/Wanderung-Jotunheimen-Nationalprk-Roadtales.jpg?resize=1050%2C600&ssl=1 3x"},"classes":[]},{"id":1753,"url":"http:\/\/roadtales.de\/en\/camperausbau-diy-tipps-und-anleitung","url_meta":{"origin":157,"position":2},"title":"Camper Conversion","author":"Sarah","date":"16\/10\/2022","format":false,"excerpt":"","rel":"","context":"Similar post","block_context":{"text":"Similar post","link":""},"img":{"alt_text":"","src":"","width":0,"height":0},"classes":[]},{"id":2912,"url":"http:\/\/roadtales.de\/en\/montenegro-reiseziele","url_meta":{"origin":157,"position":3},"title":"Montenegro","author":"Sarah","date":"24\/09\/2024","format":false,"excerpt":"Montenegro","rel":"","context":"Similar post","block_context":{"text":"Similar post","link":""},"img":{"alt_text":"","src":"","width":0,"height":0},"classes":[]},{"id":2899,"url":"http:\/\/roadtales.de\/en\/bolivien-reiseziele","url_meta":{"origin":157,"position":4},"title":"Bolivia","author":"Sarah","date":"24\/09\/2024","format":false,"excerpt":"Bolivia","rel":"","context":"Similar post","block_context":{"text":"Similar post","link":""},"img":{"alt_text":"","src":"","width":0,"height":0},"classes":[]},{"id":3187,"url":"http:\/\/roadtales.de\/en\/ecuador-reiseziele","url_meta":{"origin":157,"position":5},"title":"Ecuador","author":"Sarah","date":"04\/12\/2024","format":false,"excerpt":"","rel":"","context":"Similar post","block_context":{"text":"Similar post","link":""},"img":{"alt_text":"","src":"","width":0,"height":0},"classes":[]}],"_links":{"self":[{"href":"http:\/\/roadtales.de\/en\/wp-json\/wp\/v2\/pages\/157","targetHints":{"allow":["GET"]}}],"collection":[{"href":"http:\/\/roadtales.de\/en\/wp-json\/wp\/v2\/pages"}],"about":[{"href":"http:\/\/roadtales.de\/en\/wp-json\/wp\/v2\/types\/page"}],"author":[{"embeddable":true,"href":"http:\/\/roadtales.de\/en\/wp-json\/wp\/v2\/users\/1"}],"replies":[{"embeddable":true,"href":"http:\/\/roadtales.de\/en\/wp-json\/wp\/v2\/comments?post=157"}],"version-history":[{"count":5,"href":"http:\/\/roadtales.de\/en\/wp-json\/wp\/v2\/pages\/157\/revisions"}],"predecessor-version":[{"id":3966,"href":"http:\/\/roadtales.de\/en\/wp-json\/wp\/v2\/pages\/157\/revisions\/3966"}],"wp:attachment":[{"href":"http:\/\/roadtales.de\/en\/wp-json\/wp\/v2\/media?parent=157"}],"curies":[{"name":"wp","href":"https:\/\/api.w.org\/{rel}","templated":true}]}}