{"id":290,"date":"2016-05-24T16:06:45","date_gmt":"2016-05-24T16:06:45","guid":{"rendered":"https:\/\/cheerup.theme-sphere.com\/bold\/?page_id=290"},"modified":"2024-10-09T15:34:22","modified_gmt":"2024-10-09T13:34:22","slug":"kontakt","status":"publish","type":"page","link":"http:\/\/roadtales.de\/en\/kontakt","title":{"rendered":"Contact"},"content":{"rendered":"<div class=\"wp-block-image\">\n<figure class=\"alignright size-large is-resized\"><img loading=\"lazy\" decoding=\"async\" width=\"1024\" height=\"682\" src=\"https:\/\/roadtales.de\/wp-content\/uploads\/2024\/10\/Ein-Paar-steht-neben-ihrem-Offroad-Fahrzeug-das-an-einem-Fluss-geparkt-ist-umgeben-von-Wald-und-Bergen-im-Hintergrund-mit-offenen-Fahrzeugtueren-1024x682.jpg\" alt=\"Ein Paar Steht Neben Ihrem Offroad Fahrzeug, Das An Einem Fluss Geparkt Ist, Umgeben Von Wald Und Bergen Im Hintergrund, Mit Offenen Fahrzeugtueren\" class=\"wp-image-3029\" style=\"width:237px;height:auto\" srcset=\"https:\/\/roadtales.de\/wp-content\/uploads\/2024\/10\/Ein-Paar-steht-neben-ihrem-Offroad-Fahrzeug-das-an-einem-Fluss-geparkt-ist-umgeben-von-Wald-und-Bergen-im-Hintergrund-mit-offenen-Fahrzeugtueren-1024x682.jpg 1024w, https:\/\/roadtales.de\/wp-content\/uploads\/2024\/10\/Ein-Paar-steht-neben-ihrem-Offroad-Fahrzeug-das-an-einem-Fluss-geparkt-ist-umgeben-von-Wald-und-Bergen-im-Hintergrund-mit-offenen-Fahrzeugtueren-300x200.jpg 300w, https:\/\/roadtales.de\/wp-content\/uploads\/2024\/10\/Ein-Paar-steht-neben-ihrem-Offroad-Fahrzeug-das-an-einem-Fluss-geparkt-ist-umgeben-von-Wald-und-Bergen-im-Hintergrund-mit-offenen-Fahrzeugtueren-768x512.jpg 768w, https:\/\/roadtales.de\/wp-content\/uploads\/2024\/10\/Ein-Paar-steht-neben-ihrem-Offroad-Fahrzeug-das-an-einem-Fluss-geparkt-ist-umgeben-von-Wald-und-Bergen-im-Hintergrund-mit-offenen-Fahrzeugtueren-18x12.jpg 18w, https:\/\/roadtales.de\/wp-content\/uploads\/2024\/10\/Ein-Paar-steht-neben-ihrem-Offroad-Fahrzeug-das-an-einem-Fluss-geparkt-ist-umgeben-von-Wald-und-Bergen-im-Hintergrund-mit-offenen-Fahrzeugtueren-175x117.jpg 175w, https:\/\/roadtales.de\/wp-content\/uploads\/2024\/10\/Ein-Paar-steht-neben-ihrem-Offroad-Fahrzeug-das-an-einem-Fluss-geparkt-ist-umgeben-von-Wald-und-Bergen-im-Hintergrund-mit-offenen-Fahrzeugtueren-450x300.jpg 450w, https:\/\/roadtales.de\/wp-content\/uploads\/2024\/10\/Ein-Paar-steht-neben-ihrem-Offroad-Fahrzeug-das-an-einem-Fluss-geparkt-ist-umgeben-von-Wald-und-Bergen-im-Hintergrund-mit-offenen-Fahrzeugtueren-270x180.jpg 270w, https:\/\/roadtales.de\/wp-content\/uploads\/2024\/10\/Ein-Paar-steht-neben-ihrem-Offroad-Fahrzeug-das-an-einem-Fluss-geparkt-ist-umgeben-von-Wald-und-Bergen-im-Hintergrund-mit-offenen-Fahrzeugtueren.jpg 1082w\" sizes=\"auto, (max-width: 1024px) 100vw, 1024px\" \/><\/figure>\n<\/div>\n\n<p>Do you have questions or comments? Feel free to use the contact form or send us an email to <a href=\"mailto:contact@roadtales.de\">contact@roadtales.de<\/a>.<\/p>\n<p>If you have a question or comment about a topic in an article, it's best to leave a comment under the article. This way, other readers can also benefit from it.\u00a0<\/p>\n<hr \/>\n\n<div class=\"wpcf7 no-js\" id=\"wpcf7-f3022-o1\" lang=\"de-DE\" dir=\"ltr\" data-wpcf7-id=\"3022\">\n<div class=\"screen-reader-response\"><p role=\"status\" aria-live=\"polite\" aria-atomic=\"true\"><\/p> <ul><\/ul><\/div>\n<form action=\"\/en\/wp-json\/wp\/v2\/pages\/290#wpcf7-f3022-o1\" method=\"post\" class=\"wpcf7-form init\" aria-label=\"Contact Form\" novalidate=\"novalidate\" data-status=\"init\" data-trp-original-action=\"\/en\/wp-json\/wp\/v2\/pages\/290#wpcf7-f3022-o1\">\n<fieldset class=\"hidden-fields-container\"><input type=\"hidden\" name=\"_wpcf7\" value=\"3022\" \/><input type=\"hidden\" name=\"_wpcf7_version\" value=\"6.1.5\" \/><input type=\"hidden\" name=\"_wpcf7_locale\" value=\"de_DE\" \/><input type=\"hidden\" name=\"_wpcf7_unit_tag\" value=\"wpcf7-f3022-o1\" \/><input type=\"hidden\" name=\"_wpcf7_container_post\" value=\"0\" \/><input type=\"hidden\" name=\"_wpcf7_posted_data_hash\" value=\"\" \/>\n<\/fieldset>\n<p><label> Your name<br \/>\n<span class=\"wpcf7-form-control-wrap\" data-name=\"your-name\"><input size=\"40\" maxlength=\"400\" class=\"wpcf7-form-control wpcf7-text wpcf7-validates-as-required\" aria-required=\"true\" aria-invalid=\"false\" value=\"\" type=\"text\" name=\"your-name\" \/><\/span> <\/label>\n<\/p>\n<p><label> Your email address<br \/>\n<span class=\"wpcf7-form-control-wrap\" data-name=\"your-email\"><input size=\"40\" maxlength=\"400\" class=\"wpcf7-form-control wpcf7-email wpcf7-validates-as-required wpcf7-text wpcf7-validates-as-email\" autocomplete=\"email\" aria-required=\"true\" aria-invalid=\"false\" value=\"\" type=\"email\" name=\"your-email\" \/><\/span> <\/label>\n<\/p>\n<p><label> Subject<br \/>\n<span class=\"wpcf7-form-control-wrap\" data-name=\"your-subject\"><input size=\"40\" maxlength=\"400\" class=\"wpcf7-form-control wpcf7-text wpcf7-validates-as-required\" aria-required=\"true\" aria-invalid=\"false\" value=\"\" type=\"text\" name=\"your-subject\" \/><\/span> <\/label>\n<\/p>\n<p><label> Your message<br \/>\n<span class=\"wpcf7-form-control-wrap\" data-name=\"your-message\"><textarea cols=\"40\" rows=\"10\" maxlength=\"2000\" class=\"wpcf7-form-control wpcf7-textarea\" aria-invalid=\"false\" name=\"your-message\"><\/textarea><\/span> <\/label>\n<\/p>\n<p><input class=\"wpcf7-form-control wpcf7-submit has-spinner\" type=\"submit\" value=\"Send\" \/>\n<\/p><div class=\"wpcf7-response-output\" aria-hidden=\"true\"><\/div>\n<input type=\"hidden\" name=\"trp-form-language\" value=\"en\"\/><\/form>\n<\/div>\n\n\n\n<p><\/p>","protected":false},"excerpt":{"rendered":"<p>Du hast Fragen oder Anmerkungen? Dann nutze gerne das Kontaktformular oder schick uns eine E-Mail an contact@roadtales.de. Falls du eine Frage oder Anmerkung zu einem Thema in einem Artikel hast, hinterlasse am Besten einen Kommentar unter dem Artikel. So k\u00f6nnen auch andere Leser*innen davon profitieren.\u00a0<\/p>","protected":false},"author":1,"featured_media":0,"parent":0,"menu_order":0,"comment_status":"closed","ping_status":"closed","template":"","meta":{"slim_seo":{"noindex":"1","title":"Kontakt - Roadtales","description":"Du hast Fragen oder Anmerkungen? Dann nutze gerne das Kontaktformular oder schick uns eine E-Mail an contact@roadtales.de . Falls du eine Frage oder Anmerkung z"},"footnotes":""},"class_list":["post-290","page","type-page","status-publish"],"yoast_head":"<!-- This site is optimized with the Yoast SEO plugin v27.5 - https:\/\/yoast.com\/product\/yoast-seo-wordpress\/ -->\n<title>Kontakt \u2013 Roadtales Reiseblog<\/title>\n<meta name=\"description\" content=\"Kontaktiere uns f\u00fcr Fragen, Kooperationen und Anmerkungen zu unseren Reiseberichten und Offroad-Abenteuern.\" \/>\n<meta name=\"robots\" content=\"noindex, follow\" \/>\n<meta property=\"og:locale\" content=\"en_GB\" \/>\n<meta property=\"og:type\" content=\"article\" \/>\n<meta property=\"og:title\" content=\"Kontakt \u2013 Roadtales Reiseblog\" \/>\n<meta property=\"og:description\" content=\"Kontaktiere uns f\u00fcr Fragen, Kooperationen und Anmerkungen zu unseren Reiseberichten und Offroad-Abenteuern.\" \/>\n<meta property=\"og:url\" content=\"https:\/\/roadtales.de\/en\/kontakt\/\" \/>\n<meta property=\"og:site_name\" content=\"Roadtales\" \/>\n<meta property=\"article:modified_time\" content=\"2024-10-09T13:34:22+00:00\" \/>\n<meta property=\"og:image\" content=\"https:\/\/roadtales.de\/wp-content\/uploads\/2024\/10\/Ein-Paar-steht-neben-ihrem-Offroad-Fahrzeug-das-an-einem-Fluss-geparkt-ist-umgeben-von-Wald-und-Bergen-im-Hintergrund-mit-offenen-Fahrzeugtueren-1024x682.jpg\" \/>\n<meta name=\"twitter:card\" content=\"summary_large_image\" \/>\n<meta name=\"twitter:label1\" content=\"Estimated reading time\" \/>\n\t<meta name=\"twitter:data1\" content=\"1 minute\" \/>\n<script type=\"application\/ld+json\" class=\"yoast-schema-graph\">{\"@context\":\"https:\\\/\\\/schema.org\",\"@graph\":[{\"@type\":\"WebPage\",\"@id\":\"https:\\\/\\\/roadtales.de\\\/kontakt\",\"url\":\"https:\\\/\\\/roadtales.de\\\/kontakt\",\"name\":\"Kontakt \u2013 Roadtales Reiseblog\",\"isPartOf\":{\"@id\":\"https:\\\/\\\/roadtales.de\\\/#website\"},\"primaryImageOfPage\":{\"@id\":\"https:\\\/\\\/roadtales.de\\\/kontakt#primaryimage\"},\"image\":{\"@id\":\"https:\\\/\\\/roadtales.de\\\/kontakt#primaryimage\"},\"thumbnailUrl\":\"https:\\\/\\\/roadtales.de\\\/wp-content\\\/uploads\\\/2024\\\/10\\\/Ein-Paar-steht-neben-ihrem-Offroad-Fahrzeug-das-an-einem-Fluss-geparkt-ist-umgeben-von-Wald-und-Bergen-im-Hintergrund-mit-offenen-Fahrzeugtueren-1024x682.jpg\",\"datePublished\":\"2016-05-24T16:06:45+00:00\",\"dateModified\":\"2024-10-09T13:34:22+00:00\",\"description\":\"Kontaktiere uns f\u00fcr Fragen, Kooperationen und Anmerkungen zu unseren Reiseberichten und Offroad-Abenteuern.\",\"breadcrumb\":{\"@id\":\"https:\\\/\\\/roadtales.de\\\/kontakt#breadcrumb\"},\"inLanguage\":\"en-GB\",\"potentialAction\":[{\"@type\":\"ReadAction\",\"target\":[\"https:\\\/\\\/roadtales.de\\\/kontakt\"]}]},{\"@type\":\"ImageObject\",\"inLanguage\":\"en-GB\",\"@id\":\"https:\\\/\\\/roadtales.de\\\/kontakt#primaryimage\",\"url\":\"https:\\\/\\\/roadtales.de\\\/wp-content\\\/uploads\\\/2024\\\/10\\\/Ein-Paar-steht-neben-ihrem-Offroad-Fahrzeug-das-an-einem-Fluss-geparkt-ist-umgeben-von-Wald-und-Bergen-im-Hintergrund-mit-offenen-Fahrzeugtueren-1024x682.jpg\",\"contentUrl\":\"https:\\\/\\\/roadtales.de\\\/wp-content\\\/uploads\\\/2024\\\/10\\\/Ein-Paar-steht-neben-ihrem-Offroad-Fahrzeug-das-an-einem-Fluss-geparkt-ist-umgeben-von-Wald-und-Bergen-im-Hintergrund-mit-offenen-Fahrzeugtueren-1024x682.jpg\"},{\"@type\":\"BreadcrumbList\",\"@id\":\"https:\\\/\\\/roadtales.de\\\/kontakt#breadcrumb\",\"itemListElement\":[{\"@type\":\"ListItem\",\"position\":1,\"name\":\"Startseite\",\"item\":\"https:\\\/\\\/roadtales.de\\\/\"},{\"@type\":\"ListItem\",\"position\":2,\"name\":\"Kontakt\"}]},{\"@type\":\"WebSite\",\"@id\":\"https:\\\/\\\/roadtales.de\\\/#website\",\"url\":\"https:\\\/\\\/roadtales.de\\\/\",\"name\":\"Roadtales\",\"description\":\"Overlanding, Camperausbau &amp; Reiseabenteuer\",\"publisher\":{\"@id\":\"https:\\\/\\\/roadtales.de\\\/#\\\/schema\\\/person\\\/1e68636375004def3d491f4977d362d0\"},\"potentialAction\":[{\"@type\":\"SearchAction\",\"target\":{\"@type\":\"EntryPoint\",\"urlTemplate\":\"https:\\\/\\\/roadtales.de\\\/?s={search_term_string}\"},\"query-input\":{\"@type\":\"PropertyValueSpecification\",\"valueRequired\":true,\"valueName\":\"search_term_string\"}}],\"inLanguage\":\"en-GB\"},{\"@type\":[\"Person\",\"Organization\"],\"@id\":\"https:\\\/\\\/roadtales.de\\\/#\\\/schema\\\/person\\\/1e68636375004def3d491f4977d362d0\",\"name\":\"Sarah\",\"image\":{\"@type\":\"ImageObject\",\"inLanguage\":\"en-GB\",\"@id\":\"https:\\\/\\\/roadtales.de\\\/wp-content\\\/uploads\\\/2023\\\/11\\\/Gotland-Restaurants-Sarah-Roadtales.jpg\",\"url\":\"https:\\\/\\\/roadtales.de\\\/wp-content\\\/uploads\\\/2023\\\/11\\\/Gotland-Restaurants-Sarah-Roadtales.jpg\",\"contentUrl\":\"https:\\\/\\\/roadtales.de\\\/wp-content\\\/uploads\\\/2023\\\/11\\\/Gotland-Restaurants-Sarah-Roadtales.jpg\",\"width\":660,\"height\":880,\"caption\":\"Sarah\"},\"logo\":{\"@id\":\"https:\\\/\\\/roadtales.de\\\/wp-content\\\/uploads\\\/2023\\\/11\\\/Gotland-Restaurants-Sarah-Roadtales.jpg\"},\"description\":\"Ich bin Sarah. Geboren 1990 im S\u00fcden von Deutschland an der Grenze zur Schweiz. Nach dem Abi hat es mich ins Ausland gezogen f\u00fcr ein Jahr nach Lesotho. Zwischen Bachelor uns Master war ich dann in S\u00fcdostasien reisen und habe meinen Master schlussendlich in Schweden gemacht. Nach einigen Jahren im Berufsleben, habe ich mich dann in ein Abenteuer gewagt und habe mit meinem Freund unseren Camper ausgebaut und nach S\u00fcdamerika verschifft. Seither erkunden wir gemeinsam mit viel Abenteuerlust und Neugierde diesen wundersch\u00f6nen Kontinent.\",\"sameAs\":[\"https:\\\/\\\/roadtales.de\",\"https:\\\/\\\/instagram.com\\\/_roadtales\\\/\"]}]}<\/script>\n<!-- \/ Yoast SEO plugin. -->","yoast_head_json":{"title":"Kontakt \u2013 Roadtales Reiseblog","description":"Kontaktiere uns f\u00fcr Fragen, Kooperationen und Anmerkungen zu unseren Reiseberichten und Offroad-Abenteuern.","robots":{"index":"noindex","follow":"follow"},"og_locale":"en_GB","og_type":"article","og_title":"Kontakt \u2013 Roadtales Reiseblog","og_description":"Kontaktiere uns f\u00fcr Fragen, Kooperationen und Anmerkungen zu unseren Reiseberichten und Offroad-Abenteuern.","og_url":"https:\/\/roadtales.de\/en\/kontakt\/","og_site_name":"Roadtales","article_modified_time":"2024-10-09T13:34:22+00:00","og_image":[{"url":"https:\/\/roadtales.de\/wp-content\/uploads\/2024\/10\/Ein-Paar-steht-neben-ihrem-Offroad-Fahrzeug-das-an-einem-Fluss-geparkt-ist-umgeben-von-Wald-und-Bergen-im-Hintergrund-mit-offenen-Fahrzeugtueren-1024x682.jpg","type":"","width":"","height":""}],"twitter_card":"summary_large_image","twitter_misc":{"Estimated reading time":"1 minute"},"schema":{"@context":"https:\/\/schema.org","@graph":[{"@type":"WebPage","@id":"https:\/\/roadtales.de\/kontakt","url":"https:\/\/roadtales.de\/kontakt","name":"Kontakt \u2013 Roadtales Reiseblog","isPartOf":{"@id":"https:\/\/roadtales.de\/#website"},"primaryImageOfPage":{"@id":"https:\/\/roadtales.de\/kontakt#primaryimage"},"image":{"@id":"https:\/\/roadtales.de\/kontakt#primaryimage"},"thumbnailUrl":"https:\/\/roadtales.de\/wp-content\/uploads\/2024\/10\/Ein-Paar-steht-neben-ihrem-Offroad-Fahrzeug-das-an-einem-Fluss-geparkt-ist-umgeben-von-Wald-und-Bergen-im-Hintergrund-mit-offenen-Fahrzeugtueren-1024x682.jpg","datePublished":"2016-05-24T16:06:45+00:00","dateModified":"2024-10-09T13:34:22+00:00","description":"Kontaktiere uns f\u00fcr Fragen, Kooperationen und Anmerkungen zu unseren Reiseberichten und Offroad-Abenteuern.","breadcrumb":{"@id":"https:\/\/roadtales.de\/kontakt#breadcrumb"},"inLanguage":"en-GB","potentialAction":[{"@type":"ReadAction","target":["https:\/\/roadtales.de\/kontakt"]}]},{"@type":"ImageObject","inLanguage":"en-GB","@id":"https:\/\/roadtales.de\/kontakt#primaryimage","url":"https:\/\/roadtales.de\/wp-content\/uploads\/2024\/10\/Ein-Paar-steht-neben-ihrem-Offroad-Fahrzeug-das-an-einem-Fluss-geparkt-ist-umgeben-von-Wald-und-Bergen-im-Hintergrund-mit-offenen-Fahrzeugtueren-1024x682.jpg","contentUrl":"https:\/\/roadtales.de\/wp-content\/uploads\/2024\/10\/Ein-Paar-steht-neben-ihrem-Offroad-Fahrzeug-das-an-einem-Fluss-geparkt-ist-umgeben-von-Wald-und-Bergen-im-Hintergrund-mit-offenen-Fahrzeugtueren-1024x682.jpg"},{"@type":"BreadcrumbList","@id":"https:\/\/roadtales.de\/kontakt#breadcrumb","itemListElement":[{"@type":"ListItem","position":1,"name":"Startseite","item":"https:\/\/roadtales.de\/"},{"@type":"ListItem","position":2,"name":"Kontakt"}]},{"@type":"WebSite","@id":"https:\/\/roadtales.de\/#website","url":"https:\/\/roadtales.de\/","name":"Roadtales","description":"Overlanding, Camperausbau &amp; Reiseabenteuer","publisher":{"@id":"https:\/\/roadtales.de\/#\/schema\/person\/1e68636375004def3d491f4977d362d0"},"potentialAction":[{"@type":"SearchAction","target":{"@type":"EntryPoint","urlTemplate":"https:\/\/roadtales.de\/?s={search_term_string}"},"query-input":{"@type":"PropertyValueSpecification","valueRequired":true,"valueName":"search_term_string"}}],"inLanguage":"en-GB"},{"@type":["Person","Organization"],"@id":"https:\/\/roadtales.de\/#\/schema\/person\/1e68636375004def3d491f4977d362d0","name":"Sarah","image":{"@type":"ImageObject","inLanguage":"en-GB","@id":"https:\/\/roadtales.de\/wp-content\/uploads\/2023\/11\/Gotland-Restaurants-Sarah-Roadtales.jpg","url":"https:\/\/roadtales.de\/wp-content\/uploads\/2023\/11\/Gotland-Restaurants-Sarah-Roadtales.jpg","contentUrl":"https:\/\/roadtales.de\/wp-content\/uploads\/2023\/11\/Gotland-Restaurants-Sarah-Roadtales.jpg","width":660,"height":880,"caption":"Sarah"},"logo":{"@id":"https:\/\/roadtales.de\/wp-content\/uploads\/2023\/11\/Gotland-Restaurants-Sarah-Roadtales.jpg"},"description":"I am Sarah. Born in 1990 in the south of Germany, near the Swiss border. After finishing high school, I moved abroad for a year to Lesotho. Between my bachelor's and master's degrees, I traveled through Southeast Asia and eventually completed my master's in Sweden. After a few years in the workforce, I embarked on an adventure with my boyfriend, converting our camper and shipping it to South America. Since then, we have been exploring this beautiful continent together with a lot of adventurous spirit and curiosity.","sameAs":["https:\/\/roadtales.de","https:\/\/instagram.com\/_roadtales\/"]}]}},"jetpack_sharing_enabled":true,"jetpack-related-posts":[{"id":195,"url":"http:\/\/roadtales.de\/en\/datenschutz","url_meta":{"origin":290,"position":0},"title":"Privacy Policy","author":"Sarah","date":"26\/03\/2022","format":false,"excerpt":"1. Datenschutz auf einen Blick Allgemeine Hinweise Die folgenden Hinweise geben einen einfachen \u00dcberblick dar\u00fcber, was mit Ihren personenbezogenen Daten passiert, wenn Sie diese Website besuchen. Personenbezogene Daten sind alle Daten, mit denen Sie pers\u00f6nlich identifiziert werden k\u00f6nnen. Ausf\u00fchrliche Informationen zum Thema Datenschutz entnehmen Sie unserer unter diesem Text aufgef\u00fchrten\u2026","rel":"","context":"Similar post","block_context":{"text":"Similar post","link":""},"img":{"alt_text":"","src":"","width":0,"height":0},"classes":[]},{"id":157,"url":"http:\/\/roadtales.de\/en\/impressum","url_meta":{"origin":290,"position":1},"title":"Legal Notice","author":"Sarah","date":"24\/03\/2022","format":false,"excerpt":"Angaben gem\u00e4\u00df \u00a7 5 TMG Sarah StrittmatterBirkagatan 43B41656 G\u00f6teborgSchweden KontaktE-Mail: sarah@roadtales.de Redaktionell verantwortlich Sarah Strittmatter Haftungsauschluss Haftung f\u00fcr Inhalte Als Diensteanbieter sind wir gem\u00e4\u00df \u00a7 7 Abs.1 TMG f\u00fcr eigene Inhalte auf diesen Seiten nach den allgemeinen Gesetzen verantwortlich. Nach \u00a7\u00a7 8 bis 10 TMG sind wir als Diensteanbieter jedoch\u2026","rel":"","context":"Similar post","block_context":{"text":"Similar post","link":""},"img":{"alt_text":"","src":"","width":0,"height":0},"classes":[]},{"id":211,"url":"http:\/\/roadtales.de\/en\/reiseziele-weltweit","url_meta":{"origin":290,"position":2},"title":"Travel Destinations","author":"Sarah","date":"19\/05\/2022","format":false,"excerpt":"","rel":"","context":"Similar post","block_context":{"text":"Similar post","link":""},"img":{"alt_text":"","src":"","width":0,"height":0},"classes":[]}],"_links":{"self":[{"href":"http:\/\/roadtales.de\/en\/wp-json\/wp\/v2\/pages\/290","targetHints":{"allow":["GET"]}}],"collection":[{"href":"http:\/\/roadtales.de\/en\/wp-json\/wp\/v2\/pages"}],"about":[{"href":"http:\/\/roadtales.de\/en\/wp-json\/wp\/v2\/types\/page"}],"author":[{"embeddable":true,"href":"http:\/\/roadtales.de\/en\/wp-json\/wp\/v2\/users\/1"}],"replies":[{"embeddable":true,"href":"http:\/\/roadtales.de\/en\/wp-json\/wp\/v2\/comments?post=290"}],"version-history":[{"count":8,"href":"http:\/\/roadtales.de\/en\/wp-json\/wp\/v2\/pages\/290\/revisions"}],"predecessor-version":[{"id":3031,"href":"http:\/\/roadtales.de\/en\/wp-json\/wp\/v2\/pages\/290\/revisions\/3031"}],"wp:attachment":[{"href":"http:\/\/roadtales.de\/en\/wp-json\/wp\/v2\/media?parent=290"}],"curies":[{"name":"wp","href":"https:\/\/api.w.org\/{rel}","templated":true}]}}