{"id":2899,"date":"2024-09-24T15:46:52","date_gmt":"2024-09-24T13:46:52","guid":{"rendered":"https:\/\/roadtales.de\/?page_id=2899"},"modified":"2025-07-16T11:47:32","modified_gmt":"2025-07-16T09:47:32","slug":"bolivien-reiseziele","status":"publish","type":"page","link":"https:\/\/roadtales.de\/en\/bolivien-reiseziele","title":{"rendered":"Bolivia"},"content":{"rendered":"<h2 class=\"wp-block-heading\">Bolivia<\/h2>\n\n\n<div class=\"ts-row blocks cf wpb_row\"><div class=\"wpb_column vc_column_container vc_col-sm-12 col-12\"><div class=\"vc_column-inner\"><div class=\"wpb_wrapper\">\n\t<div class=\"wpb_text_column wpb_content_element post-content\">\n\t\t<div class=\"wpb_wrapper\">\n\t\t\t<p>Bolivia \u2013 a country full of diversity and spectacular nature. Whether you want to explore the majestic peaks of the Altiplano or the dense rainforests, in our travel reports you will find exciting places, valuable tips, and inspiring stories for your next adventure in Bolivia. Discover Bolivia's travel destinations with us.<\/p>\n\n\t\t<\/div>\n\t<\/div>\n<\/div><\/div><\/div><\/div><div class=\"ts-row blocks cf wpb_row\"><div class=\"wpb_column vc_column_container vc_col-sm-12 col-12\"><div class=\"vc_column-inner\"><div class=\"wpb_wrapper\">\n\t<section class=\"cf block loop-grid-3\" data-id=\"6\">\n\t\n\t\t\n\t\t\t\t\t\n\t\t\t<div class=\"block-head block-head-b\">\n\t\t\t\t<h4 class=\"title\"><a href=\"https:\/\/roadtales.de\/en\/category\/reiseziele\/suedamerika\/bolivien\">Latest Bolivia Posts<\/a><\/h4>\n\t\t\t\t\n\t\t\t\t\t\t\t\t\t<a href=\"https:\/\/roadtales.de\/en\/category\/reiseziele\/suedamerika\/bolivien\" class=\"view-all\">Show all<\/a>\n\t\t\t\t\t\t\t\n\t\t\t<\/div>\t\n\t\t\t\n\t\t\n\t\t\t\t\n\t\t\t\t\n\t\t<div class=\"block-content\">\n\t\t\n\t<div class=\"posts-dynamic posts-container ts-row grid count-0 is-mixed has-grid-3 masonry\">\n\t\t\t\n\t\t\t\t\t\n\t\t\t\t\t\t\n\t\t\t\t\t\t\t\n\t\t\t\t\t\t\t\t\n\t\t\t\t<div class=\"posts-wrap\">\t\t\t\t\n\t\t\t\t\t\t\n\t\t\t\t\t\t\n\t\t\t\t\t\t\t\t\n\t\t\t\t\t<div class=\"column col-4\">\t\n\t\t\t\t\t\t\n<article id=\"post-2998\" class=\"grid-post post-2998 post type-post status-publish format-standard has-post-thumbnail category-bolivien category-reiseziele category-suedamerika tag-geheimtipp tag-reisebericht no-excerpt grid-post-c3 grid-post-a\">\n\n\n\t<div class=\"post-thumb\">\n\t\t\n\t\t<a href=\"https:\/\/roadtales.de\/en\/minentour-potosi-cerro-rico\" class=\"image-link media-ratio bg-ratio\"style=\"--a-ratio: 1.5010460251046\"><span data-bgsrc=\"https:\/\/roadtales.de\/wp-content\/uploads\/2024\/10\/Bergarbeiter-mit-Helm-und-Stirnlampe-bohren-Loecher-in-einen-Stollen-umgeben-von-dichtem-Staub-768x512.jpg\" class=\"img bg-cover wp-post-image attachment-cheerup-768 size-cheerup-768\" role=\"img\" data-bgset=\"https:\/\/roadtales.de\/wp-content\/uploads\/2024\/10\/Bergarbeiter-mit-Helm-und-Stirnlampe-bohren-Loecher-in-einen-Stollen-umgeben-von-dichtem-Staub-768x512.jpg 768w, https:\/\/roadtales.de\/wp-content\/uploads\/2024\/10\/Bergarbeiter-mit-Helm-und-Stirnlampe-bohren-Loecher-in-einen-Stollen-umgeben-von-dichtem-Staub-300x200.jpg 300w, https:\/\/roadtales.de\/wp-content\/uploads\/2024\/10\/Bergarbeiter-mit-Helm-und-Stirnlampe-bohren-Loecher-in-einen-Stollen-umgeben-von-dichtem-Staub-1024x682.jpg 1024w, https:\/\/roadtales.de\/wp-content\/uploads\/2024\/10\/Bergarbeiter-mit-Helm-und-Stirnlampe-bohren-Loecher-in-einen-Stollen-umgeben-von-dichtem-Staub-18x12.jpg 18w, https:\/\/roadtales.de\/wp-content\/uploads\/2024\/10\/Bergarbeiter-mit-Helm-und-Stirnlampe-bohren-Loecher-in-einen-Stollen-umgeben-von-dichtem-Staub-175x117.jpg 175w, https:\/\/roadtales.de\/wp-content\/uploads\/2024\/10\/Bergarbeiter-mit-Helm-und-Stirnlampe-bohren-Loecher-in-einen-Stollen-umgeben-von-dichtem-Staub-450x300.jpg 450w, https:\/\/roadtales.de\/wp-content\/uploads\/2024\/10\/Bergarbeiter-mit-Helm-und-Stirnlampe-bohren-Loecher-in-einen-Stollen-umgeben-von-dichtem-Staub-1170x779.jpg 1170w, https:\/\/roadtales.de\/wp-content\/uploads\/2024\/10\/Bergarbeiter-mit-Helm-und-Stirnlampe-bohren-Loecher-in-einen-Stollen-umgeben-von-dichtem-Staub-270x180.jpg 270w, https:\/\/roadtales.de\/wp-content\/uploads\/2024\/10\/Bergarbeiter-mit-Helm-und-Stirnlampe-bohren-Loecher-in-einen-Stollen-umgeben-von-dichtem-Staub.jpg 1435w\" data-sizes=\"(max-width: 370px) 100vw, 370px\" aria-label=\"Bergarbeiter Mit Helm Und Stirnlampe Bohren Lo\u0308cher In Einen Stollen, Umgeben Von Dichtem Staub\" data-ratio=\"1.5010460251046\"><\/span><\/a>\n\t\t\n\t\t\n\t\t\t\t\n\t<\/div>\n\t\t\n\t\t\t<div class=\"meta-title\">\n\t\t\n\t\t\t<div class=\"post-meta post-meta-b post-meta-center has-below\"><div class=\"meta-above\"><span class=\"post-cat\">\n\t\t\t\t\t\t\n\t\t\t\t\t\t<a href=\"https:\/\/roadtales.de\/en\/category\/reiseziele\/suedamerika\/bolivien\" class=\"category\" rel=\"category\">Bolivia<\/a> <a href=\"https:\/\/roadtales.de\/en\/category\/reiseziele\" class=\"category\" rel=\"category\">Travel Destinations<\/a> <a href=\"https:\/\/roadtales.de\/en\/category\/reiseziele\/suedamerika\" class=\"category\" rel=\"category\">South America<\/a>\n\t\t\t\t\t<\/span>\n\t\t\t\t\t<\/div><h2 class=\"is-title post-title-alt\"><a href=\"https:\/\/roadtales.de\/en\/minentour-potosi-cerro-rico\">Mine tour in Potos\u00ed: An insight into the harsh reality of Cerro Rico<\/a><\/h2><div class=\"below meta-below\"><a href=\"https:\/\/roadtales.de\/en\/minentour-potosi-cerro-rico\" class=\"meta-item date-link\">\n\t\t\t\t\t\t<time class=\"post-date\" datetime=\"2024-10-08T23:55:14+02:00\">08\/10\/2024<\/time>\n\t\t\t\t\t<\/a><\/div><\/div>\t\t\n\t\t<\/div>\n\n\t\t\t\t\n\t\t\t\t\t\n\t\t\t<a href=\"https:\/\/roadtales.de\/en\/minentour-potosi-cerro-rico\" class=\"read-more-link read-more-btn\">\n\t\t\t\tTo the article\t\t\t<\/a>\n\n\t\t\n\t\t\n\t\t\n<\/article>\n\t\t\t\t\t<\/div>\n\t\t\t\t\t\n\t\t\t\t\t\t\t\t\t\n\t\t\t\t\t\t\n\t\t\t\t\t\n\t\t\t\t\t\t\n\t\t\t\t\t\t\n\t\t\t\t\t\t\t\t\n\t\t\t\t\t<div class=\"column col-4\">\t\n\t\t\t\t\t\t\n<article id=\"post-2965\" class=\"grid-post post-2965 post type-post status-publish format-standard has-post-thumbnail category-bolivien category-reiseziele category-suedamerika tag-offroad tag-reisebericht no-excerpt grid-post-c3 grid-post-a\">\n\n\n\t<div class=\"post-thumb\">\n\t\t\n\t\t<a href=\"https:\/\/roadtales.de\/en\/salar-de-uyuni-tipps\" class=\"image-link media-ratio bg-ratio\"style=\"--a-ratio: 1.4995150339476\"><span data-bgsrc=\"https:\/\/roadtales.de\/wp-content\/uploads\/2024\/09\/Expeditionsfahrzeuge-beim-Camping-auf-dem-Salar-de-Uyuni-bei-Sonnenuntergang-768x512.jpg\" class=\"img bg-cover wp-post-image attachment-cheerup-768 size-cheerup-768\" role=\"img\" data-bgset=\"https:\/\/roadtales.de\/wp-content\/uploads\/2024\/09\/Expeditionsfahrzeuge-beim-Camping-auf-dem-Salar-de-Uyuni-bei-Sonnenuntergang-768x512.jpg 768w, https:\/\/roadtales.de\/wp-content\/uploads\/2024\/09\/Expeditionsfahrzeuge-beim-Camping-auf-dem-Salar-de-Uyuni-bei-Sonnenuntergang-300x200.jpg 300w, https:\/\/roadtales.de\/wp-content\/uploads\/2024\/09\/Expeditionsfahrzeuge-beim-Camping-auf-dem-Salar-de-Uyuni-bei-Sonnenuntergang-1024x683.jpg 1024w, https:\/\/roadtales.de\/wp-content\/uploads\/2024\/09\/Expeditionsfahrzeuge-beim-Camping-auf-dem-Salar-de-Uyuni-bei-Sonnenuntergang-1536x1024.jpg 1536w, https:\/\/roadtales.de\/wp-content\/uploads\/2024\/09\/Expeditionsfahrzeuge-beim-Camping-auf-dem-Salar-de-Uyuni-bei-Sonnenuntergang-18x12.jpg 18w, https:\/\/roadtales.de\/wp-content\/uploads\/2024\/09\/Expeditionsfahrzeuge-beim-Camping-auf-dem-Salar-de-Uyuni-bei-Sonnenuntergang-175x117.jpg 175w, https:\/\/roadtales.de\/wp-content\/uploads\/2024\/09\/Expeditionsfahrzeuge-beim-Camping-auf-dem-Salar-de-Uyuni-bei-Sonnenuntergang-450x300.jpg 450w, https:\/\/roadtales.de\/wp-content\/uploads\/2024\/09\/Expeditionsfahrzeuge-beim-Camping-auf-dem-Salar-de-Uyuni-bei-Sonnenuntergang-1170x780.jpg 1170w, https:\/\/roadtales.de\/wp-content\/uploads\/2024\/09\/Expeditionsfahrzeuge-beim-Camping-auf-dem-Salar-de-Uyuni-bei-Sonnenuntergang-270x180.jpg 270w, https:\/\/roadtales.de\/wp-content\/uploads\/2024\/09\/Expeditionsfahrzeuge-beim-Camping-auf-dem-Salar-de-Uyuni-bei-Sonnenuntergang.jpg 1546w\" data-sizes=\"(max-width: 370px) 100vw, 370px\" aria-label=\"Expeditionsfahrzeuge Beim Camping Auf Dem Salar De Uyuni Bei Sonnenuntergang\" data-ratio=\"1.4995150339476\"><\/span><\/a>\n\t\t\n\t\t\n\t\t\t\t\n\t<\/div>\n\t\t\n\t\t\t<div class=\"meta-title\">\n\t\t\n\t\t\t<div class=\"post-meta post-meta-b post-meta-center has-below\"><div class=\"meta-above\"><span class=\"post-cat\">\n\t\t\t\t\t\t\n\t\t\t\t\t\t<a href=\"https:\/\/roadtales.de\/en\/category\/reiseziele\/suedamerika\/bolivien\" class=\"category\" rel=\"category\">Bolivia<\/a> <a href=\"https:\/\/roadtales.de\/en\/category\/reiseziele\" class=\"category\" rel=\"category\">Travel Destinations<\/a> <a href=\"https:\/\/roadtales.de\/en\/category\/reiseziele\/suedamerika\" class=\"category\" rel=\"category\">South America<\/a>\n\t\t\t\t\t<\/span>\n\t\t\t\t\t<\/div><h2 class=\"is-title post-title-alt\"><a href=\"https:\/\/roadtales.de\/en\/salar-de-uyuni-tipps\">Salar de Uyuni: The largest salt flat in the world and how to experience it<\/a><\/h2><div class=\"below meta-below\"><a href=\"https:\/\/roadtales.de\/en\/salar-de-uyuni-tipps\" class=\"meta-item date-link\">\n\t\t\t\t\t\t<time class=\"post-date\" datetime=\"2024-09-30T14:58:53+02:00\">30\/09\/2024<\/time>\n\t\t\t\t\t<\/a><\/div><\/div>\t\t\n\t\t<\/div>\n\n\t\t\t\t\n\t\t\t\t\t\n\t\t\t<a href=\"https:\/\/roadtales.de\/en\/salar-de-uyuni-tipps\" class=\"read-more-link read-more-btn\">\n\t\t\t\tTo the article\t\t\t<\/a>\n\n\t\t\n\t\t\n\t\t\n<\/article>\n\t\t\t\t\t<\/div>\n\t\t\t\t\t\n\t\t\t\t\t\t\t\t\t\n\t\t\t\t\t\t\n\t\t\t\t\t\n\t\t\t\t\t\t\n\t\t\t\t\t\t\n\t\t\t\t\t\t\t\t\n\t\t\t\t\t<div class=\"column col-4\">\t\n\t\t\t\t\t\t\n<article id=\"post-2662\" class=\"grid-post post-2662 post type-post status-publish format-standard has-post-thumbnail category-bolivien category-reiseziele category-suedamerika tag-anden tag-offroad tag-reisebericht tag-roadtrip no-excerpt grid-post-c3 grid-post-a\">\n\n\n\t<div class=\"post-thumb\">\n\t\t\n\t\t<a href=\"https:\/\/roadtales.de\/en\/lagunenroute-bolivien\" class=\"image-link media-ratio bg-ratio\"style=\"--a-ratio: 1.5005393743258\"><span data-bgsrc=\"https:\/\/roadtales.de\/wp-content\/uploads\/2024\/07\/Selbstfahrer-Lagunen-Rute-768x512.jpg\" class=\"img bg-cover wp-post-image attachment-cheerup-768 size-cheerup-768\" role=\"img\" data-bgset=\"https:\/\/roadtales.de\/wp-content\/uploads\/2024\/07\/Selbstfahrer-Lagunen-Rute-768x512.jpg 768w, https:\/\/roadtales.de\/wp-content\/uploads\/2024\/07\/Selbstfahrer-Lagunen-Rute-300x200.jpg 300w, https:\/\/roadtales.de\/wp-content\/uploads\/2024\/07\/Selbstfahrer-Lagunen-Rute-1024x682.jpg 1024w, https:\/\/roadtales.de\/wp-content\/uploads\/2024\/07\/Selbstfahrer-Lagunen-Rute-18x12.jpg 18w, https:\/\/roadtales.de\/wp-content\/uploads\/2024\/07\/Selbstfahrer-Lagunen-Rute-175x117.jpg 175w, https:\/\/roadtales.de\/wp-content\/uploads\/2024\/07\/Selbstfahrer-Lagunen-Rute-450x300.jpg 450w, https:\/\/roadtales.de\/wp-content\/uploads\/2024\/07\/Selbstfahrer-Lagunen-Rute-1170x780.jpg 1170w, https:\/\/roadtales.de\/wp-content\/uploads\/2024\/07\/Selbstfahrer-Lagunen-Rute-270x180.jpg 270w, https:\/\/roadtales.de\/wp-content\/uploads\/2024\/07\/Selbstfahrer-Lagunen-Rute.jpg 1391w\" data-sizes=\"(max-width: 370px) 100vw, 370px\" aria-label=\"Selbstfahrer Lagunen Rute\" data-ratio=\"1.5005393743258\"><\/span><\/a>\n\t\t\n\t\t\n\t\t\t\t\n\t<\/div>\n\t\t\n\t\t\t<div class=\"meta-title\">\n\t\t\n\t\t\t<div class=\"post-meta post-meta-b post-meta-center has-below\"><div class=\"meta-above\"><span class=\"post-cat\">\n\t\t\t\t\t\t\n\t\t\t\t\t\t<a href=\"https:\/\/roadtales.de\/en\/category\/reiseziele\/suedamerika\/bolivien\" class=\"category\" rel=\"category\">Bolivia<\/a> <a href=\"https:\/\/roadtales.de\/en\/category\/reiseziele\" class=\"category\" rel=\"category\">Travel Destinations<\/a> <a href=\"https:\/\/roadtales.de\/en\/category\/reiseziele\/suedamerika\" class=\"category\" rel=\"category\">South America<\/a>\n\t\t\t\t\t<\/span>\n\t\t\t\t\t<\/div><h2 class=\"is-title post-title-alt\"><a href=\"https:\/\/roadtales.de\/en\/lagunenroute-bolivien\">6 Days on the Laguna Route in Bolivia: Our Adventure with the Camper<\/a><\/h2><div class=\"below meta-below\"><a href=\"https:\/\/roadtales.de\/en\/lagunenroute-bolivien\" class=\"meta-item date-link\">\n\t\t\t\t\t\t<time class=\"post-date\" datetime=\"2024-07-22T18:32:57+02:00\">22\/07\/2024<\/time>\n\t\t\t\t\t<\/a><\/div><\/div>\t\t\n\t\t<\/div>\n\n\t\t\t\t\n\t\t\t\t\t\n\t\t\t<a href=\"https:\/\/roadtales.de\/en\/lagunenroute-bolivien\" class=\"read-more-link read-more-btn\">\n\t\t\t\tTo the article\t\t\t<\/a>\n\n\t\t\n\t\t\n\t\t\n<\/article>\n\t\t\t\t\t<\/div>\n\t\t\t\t\t\n\t\t\t\t\t\t\t\t\t\n\t\t\t\t\t\t\n\t\t\t\t\n\t\t<\/div>\n\t<\/div>\n\t\n\t\n\t\n\n\t\n\t\n\n\t\t<\/div>\n\t\n\t<\/section>\n\n<\/div><\/div><\/div><\/div>","protected":false},"excerpt":{"rendered":"<p>Bolivia<\/p>","protected":false},"author":1,"featured_media":0,"parent":0,"menu_order":0,"comment_status":"closed","ping_status":"closed","template":"page-blocks.php","meta":{"slim_seo":{"title":"6 Tage auf der Lagunenroute in Bolivien: Unser Abenteuer mit dem Camper - Roadtales","description":"Die Lagunenroute Bolivien ist wohl eine der ber\u00fchmtesten Overlanderstrecken S\u00fcdamerikas. Sie f\u00fchrt von San Pedro de Atacama nach Uyuni, beziehungsweise in der l"},"footnotes":""},"class_list":["post-2899","page","type-page","status-publish"],"yoast_head":"<!-- This site is optimized with the Yoast SEO plugin v27.4 - https:\/\/yoast.com\/product\/yoast-seo-wordpress\/ -->\n<title>Bolivien Reiseziele \u2013 Entdecke atemberaubende Natur und Kultur<\/title>\n<meta name=\"description\" content=\"Erkunde die faszinierendsten Reiseziele Boliviens. Von den H\u00f6hen des Altiplano bis zu den tropischen Regenw\u00e4ldern \u2013 Tipps f\u00fcr dein Abenteuer.\" \/>\n<meta name=\"robots\" content=\"index, follow, max-snippet:-1, max-image-preview:large, max-video-preview:-1\" \/>\n<link rel=\"canonical\" href=\"https:\/\/roadtales.de\/en\/bolivien-reiseziele\/\" \/>\n<meta property=\"og:locale\" content=\"en_GB\" \/>\n<meta property=\"og:type\" content=\"article\" \/>\n<meta property=\"og:title\" content=\"Bolivien Reiseziele \u2013 Entdecke atemberaubende Natur und Kultur\" \/>\n<meta property=\"og:description\" content=\"Erkunde die faszinierendsten Reiseziele Boliviens. Von den H\u00f6hen des Altiplano bis zu den tropischen Regenw\u00e4ldern \u2013 Tipps f\u00fcr dein Abenteuer.\" \/>\n<meta property=\"og:url\" content=\"https:\/\/roadtales.de\/en\/bolivien-reiseziele\/\" \/>\n<meta property=\"og:site_name\" content=\"Roadtales\" \/>\n<meta property=\"article:modified_time\" content=\"2025-07-16T09:47:32+00:00\" \/>\n<meta name=\"twitter:card\" content=\"summary_large_image\" \/>\n<meta name=\"twitter:label1\" content=\"Estimated reading time\" \/>\n\t<meta name=\"twitter:data1\" content=\"1 minute\" \/>\n<script type=\"application\/ld+json\" class=\"yoast-schema-graph\">{\"@context\":\"https:\\\/\\\/schema.org\",\"@graph\":[{\"@type\":\"WebPage\",\"@id\":\"https:\\\/\\\/roadtales.de\\\/bolivien-reiseziele\",\"url\":\"https:\\\/\\\/roadtales.de\\\/bolivien-reiseziele\",\"name\":\"Bolivien Reiseziele \u2013 Entdecke atemberaubende Natur und Kultur\",\"isPartOf\":{\"@id\":\"https:\\\/\\\/roadtales.de\\\/#website\"},\"datePublished\":\"2024-09-24T13:46:52+00:00\",\"dateModified\":\"2025-07-16T09:47:32+00:00\",\"description\":\"Erkunde die faszinierendsten Reiseziele Boliviens. Von den H\u00f6hen des Altiplano bis zu den tropischen Regenw\u00e4ldern \u2013 Tipps f\u00fcr dein Abenteuer.\",\"breadcrumb\":{\"@id\":\"https:\\\/\\\/roadtales.de\\\/bolivien-reiseziele#breadcrumb\"},\"inLanguage\":\"en-GB\",\"potentialAction\":[{\"@type\":\"ReadAction\",\"target\":[\"https:\\\/\\\/roadtales.de\\\/bolivien-reiseziele\"]}]},{\"@type\":\"BreadcrumbList\",\"@id\":\"https:\\\/\\\/roadtales.de\\\/bolivien-reiseziele#breadcrumb\",\"itemListElement\":[{\"@type\":\"ListItem\",\"position\":1,\"name\":\"Startseite\",\"item\":\"https:\\\/\\\/roadtales.de\\\/\"},{\"@type\":\"ListItem\",\"position\":2,\"name\":\"Bolivien\"}]},{\"@type\":\"WebSite\",\"@id\":\"https:\\\/\\\/roadtales.de\\\/#website\",\"url\":\"https:\\\/\\\/roadtales.de\\\/\",\"name\":\"Roadtales\",\"description\":\"Overlanding, Camperausbau &amp; Reiseabenteuer\",\"publisher\":{\"@id\":\"https:\\\/\\\/roadtales.de\\\/#\\\/schema\\\/person\\\/1e68636375004def3d491f4977d362d0\"},\"potentialAction\":[{\"@type\":\"SearchAction\",\"target\":{\"@type\":\"EntryPoint\",\"urlTemplate\":\"https:\\\/\\\/roadtales.de\\\/?s={search_term_string}\"},\"query-input\":{\"@type\":\"PropertyValueSpecification\",\"valueRequired\":true,\"valueName\":\"search_term_string\"}}],\"inLanguage\":\"en-GB\"},{\"@type\":[\"Person\",\"Organization\"],\"@id\":\"https:\\\/\\\/roadtales.de\\\/#\\\/schema\\\/person\\\/1e68636375004def3d491f4977d362d0\",\"name\":\"Sarah\",\"image\":{\"@type\":\"ImageObject\",\"inLanguage\":\"en-GB\",\"@id\":\"https:\\\/\\\/roadtales.de\\\/wp-content\\\/uploads\\\/2023\\\/11\\\/Gotland-Restaurants-Sarah-Roadtales.jpg\",\"url\":\"https:\\\/\\\/roadtales.de\\\/wp-content\\\/uploads\\\/2023\\\/11\\\/Gotland-Restaurants-Sarah-Roadtales.jpg\",\"contentUrl\":\"https:\\\/\\\/roadtales.de\\\/wp-content\\\/uploads\\\/2023\\\/11\\\/Gotland-Restaurants-Sarah-Roadtales.jpg\",\"width\":660,\"height\":880,\"caption\":\"Sarah\"},\"logo\":{\"@id\":\"https:\\\/\\\/roadtales.de\\\/wp-content\\\/uploads\\\/2023\\\/11\\\/Gotland-Restaurants-Sarah-Roadtales.jpg\"},\"description\":\"Ich bin Sarah. Geboren 1990 im S\u00fcden von Deutschland an der Grenze zur Schweiz. Nach dem Abi hat es mich ins Ausland gezogen f\u00fcr ein Jahr nach Lesotho. Zwischen Bachelor uns Master war ich dann in S\u00fcdostasien reisen und habe meinen Master schlussendlich in Schweden gemacht. Nach einigen Jahren im Berufsleben, habe ich mich dann in ein Abenteuer gewagt und habe mit meinem Freund unseren Camper ausgebaut und nach S\u00fcdamerika verschifft. Seither erkunden wir gemeinsam mit viel Abenteuerlust und Neugierde diesen wundersch\u00f6nen Kontinent.\",\"sameAs\":[\"https:\\\/\\\/roadtales.de\",\"https:\\\/\\\/instagram.com\\\/_roadtales\\\/\"]}]}<\/script>\n<!-- \/ Yoast SEO plugin. -->","yoast_head_json":{"title":"Bolivien Reiseziele \u2013 Entdecke atemberaubende Natur und Kultur","description":"Erkunde die faszinierendsten Reiseziele Boliviens. Von den H\u00f6hen des Altiplano bis zu den tropischen Regenw\u00e4ldern \u2013 Tipps f\u00fcr dein Abenteuer.","robots":{"index":"index","follow":"follow","max-snippet":"max-snippet:-1","max-image-preview":"max-image-preview:large","max-video-preview":"max-video-preview:-1"},"canonical":"https:\/\/roadtales.de\/en\/bolivien-reiseziele\/","og_locale":"en_GB","og_type":"article","og_title":"Bolivien Reiseziele \u2013 Entdecke atemberaubende Natur und Kultur","og_description":"Erkunde die faszinierendsten Reiseziele Boliviens. Von den H\u00f6hen des Altiplano bis zu den tropischen Regenw\u00e4ldern \u2013 Tipps f\u00fcr dein Abenteuer.","og_url":"https:\/\/roadtales.de\/en\/bolivien-reiseziele\/","og_site_name":"Roadtales","article_modified_time":"2025-07-16T09:47:32+00:00","twitter_card":"summary_large_image","twitter_misc":{"Estimated reading time":"1 minute"},"schema":{"@context":"https:\/\/schema.org","@graph":[{"@type":"WebPage","@id":"https:\/\/roadtales.de\/bolivien-reiseziele","url":"https:\/\/roadtales.de\/bolivien-reiseziele","name":"Bolivien Reiseziele \u2013 Entdecke atemberaubende Natur und Kultur","isPartOf":{"@id":"https:\/\/roadtales.de\/#website"},"datePublished":"2024-09-24T13:46:52+00:00","dateModified":"2025-07-16T09:47:32+00:00","description":"Erkunde die faszinierendsten Reiseziele Boliviens. Von den H\u00f6hen des Altiplano bis zu den tropischen Regenw\u00e4ldern \u2013 Tipps f\u00fcr dein Abenteuer.","breadcrumb":{"@id":"https:\/\/roadtales.de\/bolivien-reiseziele#breadcrumb"},"inLanguage":"en-GB","potentialAction":[{"@type":"ReadAction","target":["https:\/\/roadtales.de\/bolivien-reiseziele"]}]},{"@type":"BreadcrumbList","@id":"https:\/\/roadtales.de\/bolivien-reiseziele#breadcrumb","itemListElement":[{"@type":"ListItem","position":1,"name":"Startseite","item":"https:\/\/roadtales.de\/"},{"@type":"ListItem","position":2,"name":"Bolivien"}]},{"@type":"WebSite","@id":"https:\/\/roadtales.de\/#website","url":"https:\/\/roadtales.de\/","name":"Roadtales","description":"Overlanding, Camperausbau &amp; Reiseabenteuer","publisher":{"@id":"https:\/\/roadtales.de\/#\/schema\/person\/1e68636375004def3d491f4977d362d0"},"potentialAction":[{"@type":"SearchAction","target":{"@type":"EntryPoint","urlTemplate":"https:\/\/roadtales.de\/?s={search_term_string}"},"query-input":{"@type":"PropertyValueSpecification","valueRequired":true,"valueName":"search_term_string"}}],"inLanguage":"en-GB"},{"@type":["Person","Organization"],"@id":"https:\/\/roadtales.de\/#\/schema\/person\/1e68636375004def3d491f4977d362d0","name":"Sarah","image":{"@type":"ImageObject","inLanguage":"en-GB","@id":"https:\/\/roadtales.de\/wp-content\/uploads\/2023\/11\/Gotland-Restaurants-Sarah-Roadtales.jpg","url":"https:\/\/roadtales.de\/wp-content\/uploads\/2023\/11\/Gotland-Restaurants-Sarah-Roadtales.jpg","contentUrl":"https:\/\/roadtales.de\/wp-content\/uploads\/2023\/11\/Gotland-Restaurants-Sarah-Roadtales.jpg","width":660,"height":880,"caption":"Sarah"},"logo":{"@id":"https:\/\/roadtales.de\/wp-content\/uploads\/2023\/11\/Gotland-Restaurants-Sarah-Roadtales.jpg"},"description":"I am Sarah. Born in 1990 in the south of Germany, near the Swiss border. After finishing high school, I moved abroad for a year to Lesotho. Between my bachelor's and master's degrees, I traveled through Southeast Asia and eventually completed my master's in Sweden. After a few years in the workforce, I embarked on an adventure with my boyfriend, converting our camper and shipping it to South America. Since then, we have been exploring this beautiful continent together with a lot of adventurous spirit and curiosity.","sameAs":["https:\/\/roadtales.de","https:\/\/instagram.com\/_roadtales\/"]}]}},"jetpack_sharing_enabled":true,"jetpack-related-posts":[{"id":2870,"url":"https:\/\/roadtales.de\/en\/suedamerika-reiseziele","url_meta":{"origin":2899,"position":0},"title":"South America","author":"Sarah","date":"24\/09\/2024","format":false,"excerpt":"Welcome to our South America adventure!","rel":"","context":"Similar post","block_context":{"text":"Similar post","link":""},"img":{"alt_text":"Argentinien Reiseziele","src":"https:\/\/i0.wp.com\/roadtales.de\/wp-content\/uploads\/2024\/09\/Argentinien-Reiseziele-150x150.jpg?resize=350%2C200&ssl=1","width":350,"height":200,"srcset":"https:\/\/i0.wp.com\/roadtales.de\/wp-content\/uploads\/2024\/09\/Argentinien-Reiseziele-150x150.jpg?resize=350%2C200&ssl=1 1x, https:\/\/i0.wp.com\/roadtales.de\/wp-content\/uploads\/2024\/09\/Argentinien-Reiseziele-150x150.jpg?resize=525%2C300&ssl=1 1.5x, https:\/\/i0.wp.com\/roadtales.de\/wp-content\/uploads\/2024\/09\/Argentinien-Reiseziele-150x150.jpg?resize=700%2C400&ssl=1 2x"},"classes":[]},{"id":2893,"url":"https:\/\/roadtales.de\/en\/europa-reiseziele","url_meta":{"origin":2899,"position":1},"title":"Europe","author":"Sarah","date":"24\/09\/2024","format":false,"excerpt":"Welcome to our Europe page!","rel":"","context":"Similar post","block_context":{"text":"Similar post","link":""},"img":{"alt_text":"Montenegro Reiseziele","src":"https:\/\/i0.wp.com\/roadtales.de\/wp-content\/uploads\/2024\/09\/Montenegro-Reiseziele-150x150.jpg?resize=350%2C200&ssl=1","width":350,"height":200,"srcset":"https:\/\/i0.wp.com\/roadtales.de\/wp-content\/uploads\/2024\/09\/Montenegro-Reiseziele-150x150.jpg?resize=350%2C200&ssl=1 1x, https:\/\/i0.wp.com\/roadtales.de\/wp-content\/uploads\/2024\/09\/Montenegro-Reiseziele-150x150.jpg?resize=525%2C300&ssl=1 1.5x, https:\/\/i0.wp.com\/roadtales.de\/wp-content\/uploads\/2024\/09\/Montenegro-Reiseziele-150x150.jpg?resize=700%2C400&ssl=1 2x"},"classes":[]},{"id":3528,"url":"https:\/\/roadtales.de\/en\/schweiz-reiseziele","url_meta":{"origin":2899,"position":2},"title":"Switzerland","author":"Sarah","date":"26\/05\/2025","format":false,"excerpt":"","rel":"","context":"Similar post","block_context":{"text":"Similar post","link":""},"img":{"alt_text":"","src":"","width":0,"height":0},"classes":[]},{"id":2897,"url":"https:\/\/roadtales.de\/en\/argentinien-reisetipps","url_meta":{"origin":2899,"position":3},"title":"Argentina","author":"Sarah","date":"24\/09\/2024","format":false,"excerpt":"","rel":"","context":"Similar post","block_context":{"text":"Similar post","link":""},"img":{"alt_text":"","src":"","width":0,"height":0},"classes":[]},{"id":2901,"url":"https:\/\/roadtales.de\/en\/chile-reiseziele","url_meta":{"origin":2899,"position":4},"title":"Chile","author":"Sarah","date":"24\/09\/2024","format":false,"excerpt":"Chile","rel":"","context":"Similar post","block_context":{"text":"Similar post","link":""},"img":{"alt_text":"","src":"","width":0,"height":0},"classes":[]},{"id":2905,"url":"https:\/\/roadtales.de\/en\/schweden-reiseziele","url_meta":{"origin":2899,"position":5},"title":"Sweden","author":"Sarah","date":"24\/09\/2024","format":false,"excerpt":"Sweden","rel":"","context":"Similar post","block_context":{"text":"Similar post","link":""},"img":{"alt_text":"","src":"","width":0,"height":0},"classes":[]}],"_links":{"self":[{"href":"https:\/\/roadtales.de\/en\/wp-json\/wp\/v2\/pages\/2899","targetHints":{"allow":["GET"]}}],"collection":[{"href":"https:\/\/roadtales.de\/en\/wp-json\/wp\/v2\/pages"}],"about":[{"href":"https:\/\/roadtales.de\/en\/wp-json\/wp\/v2\/types\/page"}],"author":[{"embeddable":true,"href":"https:\/\/roadtales.de\/en\/wp-json\/wp\/v2\/users\/1"}],"replies":[{"embeddable":true,"href":"https:\/\/roadtales.de\/en\/wp-json\/wp\/v2\/comments?post=2899"}],"version-history":[{"count":3,"href":"https:\/\/roadtales.de\/en\/wp-json\/wp\/v2\/pages\/2899\/revisions"}],"predecessor-version":[{"id":2959,"href":"https:\/\/roadtales.de\/en\/wp-json\/wp\/v2\/pages\/2899\/revisions\/2959"}],"wp:attachment":[{"href":"https:\/\/roadtales.de\/en\/wp-json\/wp\/v2\/media?parent=2899"}],"curies":[{"name":"wp","href":"https:\/\/api.w.org\/{rel}","templated":true}]}}