{"id":2903,"date":"2024-09-24T15:49:23","date_gmt":"2024-09-24T13:49:23","guid":{"rendered":"https:\/\/roadtales.de\/?page_id=2903"},"modified":"2025-07-16T11:53:48","modified_gmt":"2025-07-16T09:53:48","slug":"peru-reiseziele","status":"publish","type":"page","link":"https:\/\/roadtales.de\/en\/peru-reiseziele","title":{"rendered":"Peru"},"content":{"rendered":"<h2 class=\"wp-block-heading\">Peru<\/h2>\n\n\n<div class=\"ts-row blocks cf wpb_row\"><div class=\"wpb_column vc_column_container vc_col-sm-12 col-12\"><div class=\"vc_column-inner\"><div class=\"wpb_wrapper\">\n\t<div class=\"wpb_text_column wpb_content_element post-content\">\n\t\t<div class=\"wpb_wrapper\">\n\t\t\t<p>Peru \u2013 the country of ancient cultures, breathtaking landscapes, and fascinating diversity. Whether you want to explore the legendary Inca city of Machu Picchu, hike through the majestic Andes, or discover the Amazon, Peru offers spectacular travel destinations. Discover Peru's travel destinations with us.<\/p>\n\n\t\t<\/div>\n\t<\/div>\n<\/div><\/div><\/div><\/div><div class=\"ts-row blocks cf wpb_row\"><div class=\"wpb_column vc_column_container vc_col-sm-12 col-12\"><div class=\"vc_column-inner\"><div class=\"wpb_wrapper\">\n\t<section class=\"cf block loop-grid-3\" data-id=\"p-1\">\n\t\n\t\t\n\t\t\t\t\t\n\t\t\t<div class=\"block-head block-head-b\">\n\t\t\t\t<h4 class=\"title\"><a href=\"https:\/\/roadtales.de\/en\/category\/reiseziele\/suedamerika\/peru\">Latest Peru Posts<\/a><\/h4>\n\t\t\t\t\n\t\t\t\t\t\t\t\t\t<a href=\"https:\/\/roadtales.de\/en\/category\/reiseziele\/suedamerika\/peru\" class=\"view-all\">Show all<\/a>\n\t\t\t\t\t\t\t\n\t\t\t<\/div>\t\n\t\t\t\n\t\t\n\t\t\t\t\n\t\t\t\t\n\t\t<div class=\"block-content\">\n\t\t\n\t<div class=\"posts-dynamic posts-container ts-row grid count-0 is-mixed has-grid-3 masonry\">\n\t\t\t\n\t\t\t\t\t\n\t\t\t\t\t\t\n\t\t\t\t\t\t\t\n\t\t\t\t\t\t\t\t\n\t\t\t\t<div class=\"posts-wrap\">\t\t\t\t\n\t\t\t\t\t\t\n\t\t\t\t\t\t\n\t\t\t\t\t\t\t\t\n\t\t\t\t\t<div class=\"column col-4\">\t\n\t\t\t\t\t\t\n<article id=\"post-2818\" class=\"grid-post post-2818 post type-post status-publish format-standard has-post-thumbnail category-peru category-reiseziele category-suedamerika tag-anden tag-reisebericht tag-wandern no-excerpt grid-post-c3 grid-post-a\">\n\n\n\t<div class=\"post-thumb\">\n\t\t\n\t\t<a href=\"https:\/\/roadtales.de\/en\/huayhuash-wanderung-mirador-tres-lagunas\" class=\"image-link media-ratio bg-ratio\"style=\"--a-ratio: 1.4995150339476\"><span data-bgsrc=\"https:\/\/roadtales.de\/wp-content\/uploads\/2024\/09\/Mirador-Tres-Lagunas-Cordillera-Huayhuash-768x512.jpg\" class=\"img bg-cover wp-post-image attachment-cheerup-768 size-cheerup-768\" role=\"img\" data-bgset=\"https:\/\/roadtales.de\/wp-content\/uploads\/2024\/09\/Mirador-Tres-Lagunas-Cordillera-Huayhuash-768x512.jpg 768w, https:\/\/roadtales.de\/wp-content\/uploads\/2024\/09\/Mirador-Tres-Lagunas-Cordillera-Huayhuash-300x200.jpg 300w, https:\/\/roadtales.de\/wp-content\/uploads\/2024\/09\/Mirador-Tres-Lagunas-Cordillera-Huayhuash-1024x683.jpg 1024w, https:\/\/roadtales.de\/wp-content\/uploads\/2024\/09\/Mirador-Tres-Lagunas-Cordillera-Huayhuash-1536x1024.jpg 1536w, https:\/\/roadtales.de\/wp-content\/uploads\/2024\/09\/Mirador-Tres-Lagunas-Cordillera-Huayhuash-18x12.jpg 18w, https:\/\/roadtales.de\/wp-content\/uploads\/2024\/09\/Mirador-Tres-Lagunas-Cordillera-Huayhuash-175x117.jpg 175w, https:\/\/roadtales.de\/wp-content\/uploads\/2024\/09\/Mirador-Tres-Lagunas-Cordillera-Huayhuash-450x300.jpg 450w, https:\/\/roadtales.de\/wp-content\/uploads\/2024\/09\/Mirador-Tres-Lagunas-Cordillera-Huayhuash-1170x780.jpg 1170w, https:\/\/roadtales.de\/wp-content\/uploads\/2024\/09\/Mirador-Tres-Lagunas-Cordillera-Huayhuash-270x180.jpg 270w, https:\/\/roadtales.de\/wp-content\/uploads\/2024\/09\/Mirador-Tres-Lagunas-Cordillera-Huayhuash.jpg 1546w\" data-sizes=\"(max-width: 370px) 100vw, 370px\" aria-label=\"Mirador Tres Lagunas Huayhuash mountain range\" data-ratio=\"1.4995150339476\"><\/span><\/a>\n\t\t\n\t\t\n\t\t\t\t\n\t<\/div>\n\t\t\n\t\t\t<div class=\"meta-title\">\n\t\t\n\t\t\t<div class=\"post-meta post-meta-b post-meta-center has-below\"><div class=\"meta-above\"><span class=\"post-cat\">\n\t\t\t\t\t\t\n\t\t\t\t\t\t<a href=\"https:\/\/roadtales.de\/en\/category\/reiseziele\/suedamerika\/peru\" class=\"category\" rel=\"category\">Peru<\/a> <a href=\"https:\/\/roadtales.de\/en\/category\/reiseziele\" class=\"category\" rel=\"category\">Travel Destinations<\/a> <a href=\"https:\/\/roadtales.de\/en\/category\/reiseziele\/suedamerika\" class=\"category\" rel=\"category\">South America<\/a>\n\t\t\t\t\t<\/span>\n\t\t\t\t\t<\/div><h2 class=\"is-title post-title-alt\"><a href=\"https:\/\/roadtales.de\/en\/huayhuash-wanderung-mirador-tres-lagunas\">Day hike in the Cordillera Huayhuash: Hike to the Mirador Tres Lagunas<\/a><\/h2><div class=\"below meta-below\"><a href=\"https:\/\/roadtales.de\/en\/huayhuash-wanderung-mirador-tres-lagunas\" class=\"meta-item date-link\">\n\t\t\t\t\t\t<time class=\"post-date\" datetime=\"2024-09-18T18:05:12+02:00\">18\/09\/2024<\/time>\n\t\t\t\t\t<\/a><\/div><\/div>\t\t\n\t\t<\/div>\n\n\t\t\t\t\n\t\t\t\t\t\n\t\t\t<a href=\"https:\/\/roadtales.de\/en\/huayhuash-wanderung-mirador-tres-lagunas\" class=\"read-more-link read-more-btn\">\n\t\t\t\tTo the article\t\t\t<\/a>\n\n\t\t\n\t\t\n\t\t\n<\/article>\n\t\t\t\t\t<\/div>\n\t\t\t\t\t\n\t\t\t\t\t\t\t\t\t\n\t\t\t\t\t\t\n\t\t\t\t\t\n\t\t\t\t\t\t\n\t\t\t\t\t\t\n\t\t\t\t\t\t\t\t\n\t\t\t\t\t<div class=\"column col-4\">\t\n\t\t\t\t\t\t\n<article id=\"post-2780\" class=\"grid-post post-2780 post type-post status-publish format-standard has-post-thumbnail category-peru category-reiseziele category-suedamerika tag-anden tag-offroad tag-puch-230-ge no-excerpt grid-post-c3 grid-post-a\">\n\n\n\t<div class=\"post-thumb\">\n\t\t\n\t\t<a href=\"https:\/\/roadtales.de\/en\/4x5000-offroad-route-peru\" class=\"image-link media-ratio bg-ratio\"style=\"--a-ratio: 1.5013736263736\"><span data-bgsrc=\"https:\/\/roadtales.de\/wp-content\/uploads\/2024\/09\/Offroad-auf-4x5000-Route-mit-Ouch-Camper-768x512.jpg\" class=\"img bg-cover wp-post-image attachment-cheerup-768 size-cheerup-768\" role=\"img\" data-bgset=\"https:\/\/roadtales.de\/wp-content\/uploads\/2024\/09\/Offroad-auf-4x5000-Route-mit-Ouch-Camper-768x512.jpg 768w, https:\/\/roadtales.de\/wp-content\/uploads\/2024\/09\/Offroad-auf-4x5000-Route-mit-Ouch-Camper-300x200.jpg 300w, https:\/\/roadtales.de\/wp-content\/uploads\/2024\/09\/Offroad-auf-4x5000-Route-mit-Ouch-Camper-1024x682.jpg 1024w, https:\/\/roadtales.de\/wp-content\/uploads\/2024\/09\/Offroad-auf-4x5000-Route-mit-Ouch-Camper-18x12.jpg 18w, https:\/\/roadtales.de\/wp-content\/uploads\/2024\/09\/Offroad-auf-4x5000-Route-mit-Ouch-Camper-175x117.jpg 175w, https:\/\/roadtales.de\/wp-content\/uploads\/2024\/09\/Offroad-auf-4x5000-Route-mit-Ouch-Camper-450x300.jpg 450w, https:\/\/roadtales.de\/wp-content\/uploads\/2024\/09\/Offroad-auf-4x5000-Route-mit-Ouch-Camper-270x180.jpg 270w, https:\/\/roadtales.de\/wp-content\/uploads\/2024\/09\/Offroad-auf-4x5000-Route-mit-Ouch-Camper.jpg 1093w\" data-sizes=\"(max-width: 370px) 100vw, 370px\" aria-label=\"Offroad Auf 4x5000 Route Mit Ouch Camper\" data-ratio=\"1.5013736263736\"><\/span><\/a>\n\t\t\n\t\t\n\t\t\t\t\n\t<\/div>\n\t\t\n\t\t\t<div class=\"meta-title\">\n\t\t\n\t\t\t<div class=\"post-meta post-meta-b post-meta-center has-below\"><div class=\"meta-above\"><span class=\"post-cat\">\n\t\t\t\t\t\t\n\t\t\t\t\t\t<a href=\"https:\/\/roadtales.de\/en\/category\/reiseziele\/suedamerika\/peru\" class=\"category\" rel=\"category\">Peru<\/a> <a href=\"https:\/\/roadtales.de\/en\/category\/reiseziele\" class=\"category\" rel=\"category\">Travel Destinations<\/a> <a href=\"https:\/\/roadtales.de\/en\/category\/reiseziele\/suedamerika\" class=\"category\" rel=\"category\">South America<\/a>\n\t\t\t\t\t<\/span>\n\t\t\t\t\t<\/div><h2 class=\"is-title post-title-alt\"><a href=\"https:\/\/roadtales.de\/en\/4x5000-offroad-route-peru\">4x5000 Route: Offroad Adventure through the Peruvian Highlands to the Colca Canyon<\/a><\/h2><div class=\"below meta-below\"><a href=\"https:\/\/roadtales.de\/en\/4x5000-offroad-route-peru\" class=\"meta-item date-link\">\n\t\t\t\t\t\t<time class=\"post-date\" datetime=\"2024-09-17T16:13:07+02:00\">17\/09\/2024<\/time>\n\t\t\t\t\t<\/a><\/div><\/div>\t\t\n\t\t<\/div>\n\n\t\t\t\t\n\t\t\t\t\t\n\t\t\t<a href=\"https:\/\/roadtales.de\/en\/4x5000-offroad-route-peru\" class=\"read-more-link read-more-btn\">\n\t\t\t\tTo the article\t\t\t<\/a>\n\n\t\t\n\t\t\n\t\t\n<\/article>\n\t\t\t\t\t<\/div>\n\t\t\t\t\t\n\t\t\t\t\t\t\t\t\t\n\t\t\t\t\t\t\n\t\t\t\t\t\n\t\t\t\t\t\t\n\t\t\t\t\t\t\n\t\t\t\t\t\t\t\t\n\t\t\t\t\t<div class=\"column col-4\">\t\n\t\t\t\t\t\t\n<article id=\"post-2693\" class=\"grid-post post-2693 post type-post status-publish format-standard has-post-thumbnail category-peru category-reiseziele category-suedamerika tag-anden tag-reisebericht tag-reisetipps tag-wandern no-excerpt grid-post-c3 grid-post-a\">\n\n\n\t<div class=\"post-thumb\">\n\t\t\n\t\t<a href=\"https:\/\/roadtales.de\/en\/machu-picchu-peru-reisebericht-tipps\" class=\"image-link media-ratio bg-ratio\"style=\"--a-ratio: 1.5009708737864\"><span data-bgsrc=\"https:\/\/roadtales.de\/wp-content\/uploads\/2024\/08\/Inkastadt-Machu-Picchu--768x512.jpg\" class=\"img bg-cover wp-post-image attachment-cheerup-768 size-cheerup-768\" role=\"img\" data-bgset=\"https:\/\/roadtales.de\/wp-content\/uploads\/2024\/08\/Inkastadt-Machu-Picchu--768x512.jpg 768w, https:\/\/roadtales.de\/wp-content\/uploads\/2024\/08\/Inkastadt-Machu-Picchu--300x200.jpg 300w, https:\/\/roadtales.de\/wp-content\/uploads\/2024\/08\/Inkastadt-Machu-Picchu--1024x682.jpg 1024w, https:\/\/roadtales.de\/wp-content\/uploads\/2024\/08\/Inkastadt-Machu-Picchu--1536x1023.jpg 1536w, https:\/\/roadtales.de\/wp-content\/uploads\/2024\/08\/Inkastadt-Machu-Picchu--18x12.jpg 18w, https:\/\/roadtales.de\/wp-content\/uploads\/2024\/08\/Inkastadt-Machu-Picchu--175x117.jpg 175w, https:\/\/roadtales.de\/wp-content\/uploads\/2024\/08\/Inkastadt-Machu-Picchu--450x300.jpg 450w, https:\/\/roadtales.de\/wp-content\/uploads\/2024\/08\/Inkastadt-Machu-Picchu--1170x779.jpg 1170w, https:\/\/roadtales.de\/wp-content\/uploads\/2024\/08\/Inkastadt-Machu-Picchu--270x180.jpg 270w, https:\/\/roadtales.de\/wp-content\/uploads\/2024\/08\/Inkastadt-Machu-Picchu-.jpg 1546w\" data-sizes=\"(max-width: 370px) 100vw, 370px\" aria-label=\"Inkastadt Machu Picchu\" data-ratio=\"1.5009708737864\"><\/span><\/a>\n\t\t\n\t\t\n\t\t\t\t\n\t<\/div>\n\t\t\n\t\t\t<div class=\"meta-title\">\n\t\t\n\t\t\t<div class=\"post-meta post-meta-b post-meta-center has-below\"><div class=\"meta-above\"><span class=\"post-cat\">\n\t\t\t\t\t\t\n\t\t\t\t\t\t<a href=\"https:\/\/roadtales.de\/en\/category\/reiseziele\/suedamerika\/peru\" class=\"category\" rel=\"category\">Peru<\/a> <a href=\"https:\/\/roadtales.de\/en\/category\/reiseziele\" class=\"category\" rel=\"category\">Travel Destinations<\/a> <a href=\"https:\/\/roadtales.de\/en\/category\/reiseziele\/suedamerika\" class=\"category\" rel=\"category\">South America<\/a>\n\t\t\t\t\t<\/span>\n\t\t\t\t\t<\/div><h2 class=\"is-title post-title-alt\"><a href=\"https:\/\/roadtales.de\/en\/machu-picchu-peru-reisebericht-tipps\">Our Machu Picchu Travel Report: Everything You Need to Know for a Perfect Visit<\/a><\/h2><div class=\"below meta-below\"><a href=\"https:\/\/roadtales.de\/en\/machu-picchu-peru-reisebericht-tipps\" class=\"meta-item date-link\">\n\t\t\t\t\t\t<time class=\"post-date\" datetime=\"2024-08-07T13:44:52+02:00\">07\/08\/2024<\/time>\n\t\t\t\t\t<\/a><\/div><\/div>\t\t\n\t\t<\/div>\n\n\t\t\t\t\n\t\t\t\t\t\n\t\t\t<a href=\"https:\/\/roadtales.de\/en\/machu-picchu-peru-reisebericht-tipps\" class=\"read-more-link read-more-btn\">\n\t\t\t\tTo the article\t\t\t<\/a>\n\n\t\t\n\t\t\n\t\t\n<\/article>\n\t\t\t\t\t<\/div>\n\t\t\t\t\t\n\t\t\t\t\t\t\t\t\t\n\t\t\t\t\t\t\n\t\t\t\t\n\t\t<\/div>\n\t<\/div>\n\t\n\t\n\t\t\t<\/div>\n\t\n\t<\/section>\n\n<\/div><\/div><\/div><\/div>","protected":false},"excerpt":{"rendered":"<p>Peru<\/p>","protected":false},"author":1,"featured_media":0,"parent":0,"menu_order":0,"comment_status":"closed","ping_status":"closed","template":"page-blocks.php","meta":{"slim_seo":{"title":"Unser Machu Picchu Reisebericht: Alles, was du wissen musst f\u00fcr einen perfekten Besuch - Roadtales","description":"Machu Picchu, die mystische Stadt der Inka, zieht j\u00e4hrlich Tausende von Besuchern aus aller Welt an. F\u00fcr mich geht ein kleiner Traum in Erf\u00fcllung. Ein Besuch de"},"footnotes":""},"class_list":["post-2903","page","type-page","status-publish"],"yoast_head":"<!-- This site is optimized with the Yoast SEO plugin v27.4 - https:\/\/yoast.com\/product\/yoast-seo-wordpress\/ -->\n<title>Peru Reiseziele \u2013 Entdecke die Anden, den Amazonas und antike St\u00e4tten<\/title>\n<meta name=\"description\" content=\"Erkunde die besten Reiseziele Perus. Von Machu Picchu bis zum Amazonas \u2013 Tipps und Berichte f\u00fcr dein unvergessliches Abenteuer in Peru.\" \/>\n<meta name=\"robots\" content=\"index, follow, max-snippet:-1, max-image-preview:large, max-video-preview:-1\" \/>\n<link rel=\"canonical\" href=\"https:\/\/roadtales.de\/en\/peru-reiseziele\/\" \/>\n<meta property=\"og:locale\" content=\"en_GB\" \/>\n<meta property=\"og:type\" content=\"article\" \/>\n<meta property=\"og:title\" content=\"Peru Reiseziele \u2013 Entdecke die Anden, den Amazonas und antike St\u00e4tten\" \/>\n<meta property=\"og:description\" content=\"Erkunde die besten Reiseziele Perus. Von Machu Picchu bis zum Amazonas \u2013 Tipps und Berichte f\u00fcr dein unvergessliches Abenteuer in Peru.\" \/>\n<meta property=\"og:url\" content=\"https:\/\/roadtales.de\/en\/peru-reiseziele\/\" \/>\n<meta property=\"og:site_name\" content=\"Roadtales\" \/>\n<meta property=\"article:modified_time\" content=\"2025-07-16T09:53:48+00:00\" \/>\n<meta name=\"twitter:card\" content=\"summary_large_image\" \/>\n<meta name=\"twitter:label1\" content=\"Estimated reading time\" \/>\n\t<meta name=\"twitter:data1\" content=\"1 minute\" \/>\n<script type=\"application\/ld+json\" class=\"yoast-schema-graph\">{\"@context\":\"https:\\\/\\\/schema.org\",\"@graph\":[{\"@type\":\"WebPage\",\"@id\":\"https:\\\/\\\/roadtales.de\\\/peru-reiseziele\",\"url\":\"https:\\\/\\\/roadtales.de\\\/peru-reiseziele\",\"name\":\"Peru Reiseziele \u2013 Entdecke die Anden, den Amazonas und antike St\u00e4tten\",\"isPartOf\":{\"@id\":\"https:\\\/\\\/roadtales.de\\\/#website\"},\"datePublished\":\"2024-09-24T13:49:23+00:00\",\"dateModified\":\"2025-07-16T09:53:48+00:00\",\"description\":\"Erkunde die besten Reiseziele Perus. Von Machu Picchu bis zum Amazonas \u2013 Tipps und Berichte f\u00fcr dein unvergessliches Abenteuer in Peru.\",\"breadcrumb\":{\"@id\":\"https:\\\/\\\/roadtales.de\\\/peru-reiseziele#breadcrumb\"},\"inLanguage\":\"en-GB\",\"potentialAction\":[{\"@type\":\"ReadAction\",\"target\":[\"https:\\\/\\\/roadtales.de\\\/peru-reiseziele\"]}]},{\"@type\":\"BreadcrumbList\",\"@id\":\"https:\\\/\\\/roadtales.de\\\/peru-reiseziele#breadcrumb\",\"itemListElement\":[{\"@type\":\"ListItem\",\"position\":1,\"name\":\"Startseite\",\"item\":\"https:\\\/\\\/roadtales.de\\\/\"},{\"@type\":\"ListItem\",\"position\":2,\"name\":\"Peru\"}]},{\"@type\":\"WebSite\",\"@id\":\"https:\\\/\\\/roadtales.de\\\/#website\",\"url\":\"https:\\\/\\\/roadtales.de\\\/\",\"name\":\"Roadtales\",\"description\":\"Overlanding, Camperausbau &amp; Reiseabenteuer\",\"publisher\":{\"@id\":\"https:\\\/\\\/roadtales.de\\\/#\\\/schema\\\/person\\\/1e68636375004def3d491f4977d362d0\"},\"potentialAction\":[{\"@type\":\"SearchAction\",\"target\":{\"@type\":\"EntryPoint\",\"urlTemplate\":\"https:\\\/\\\/roadtales.de\\\/?s={search_term_string}\"},\"query-input\":{\"@type\":\"PropertyValueSpecification\",\"valueRequired\":true,\"valueName\":\"search_term_string\"}}],\"inLanguage\":\"en-GB\"},{\"@type\":[\"Person\",\"Organization\"],\"@id\":\"https:\\\/\\\/roadtales.de\\\/#\\\/schema\\\/person\\\/1e68636375004def3d491f4977d362d0\",\"name\":\"Sarah\",\"image\":{\"@type\":\"ImageObject\",\"inLanguage\":\"en-GB\",\"@id\":\"https:\\\/\\\/roadtales.de\\\/wp-content\\\/uploads\\\/2023\\\/11\\\/Gotland-Restaurants-Sarah-Roadtales.jpg\",\"url\":\"https:\\\/\\\/roadtales.de\\\/wp-content\\\/uploads\\\/2023\\\/11\\\/Gotland-Restaurants-Sarah-Roadtales.jpg\",\"contentUrl\":\"https:\\\/\\\/roadtales.de\\\/wp-content\\\/uploads\\\/2023\\\/11\\\/Gotland-Restaurants-Sarah-Roadtales.jpg\",\"width\":660,\"height\":880,\"caption\":\"Sarah\"},\"logo\":{\"@id\":\"https:\\\/\\\/roadtales.de\\\/wp-content\\\/uploads\\\/2023\\\/11\\\/Gotland-Restaurants-Sarah-Roadtales.jpg\"},\"description\":\"Ich bin Sarah. Geboren 1990 im S\u00fcden von Deutschland an der Grenze zur Schweiz. Nach dem Abi hat es mich ins Ausland gezogen f\u00fcr ein Jahr nach Lesotho. Zwischen Bachelor uns Master war ich dann in S\u00fcdostasien reisen und habe meinen Master schlussendlich in Schweden gemacht. Nach einigen Jahren im Berufsleben, habe ich mich dann in ein Abenteuer gewagt und habe mit meinem Freund unseren Camper ausgebaut und nach S\u00fcdamerika verschifft. Seither erkunden wir gemeinsam mit viel Abenteuerlust und Neugierde diesen wundersch\u00f6nen Kontinent.\",\"sameAs\":[\"https:\\\/\\\/roadtales.de\",\"https:\\\/\\\/instagram.com\\\/_roadtales\\\/\"]}]}<\/script>\n<!-- \/ Yoast SEO plugin. -->","yoast_head_json":{"title":"Peru Reiseziele \u2013 Entdecke die Anden, den Amazonas und antike St\u00e4tten","description":"Erkunde die besten Reiseziele Perus. Von Machu Picchu bis zum Amazonas \u2013 Tipps und Berichte f\u00fcr dein unvergessliches Abenteuer in Peru.","robots":{"index":"index","follow":"follow","max-snippet":"max-snippet:-1","max-image-preview":"max-image-preview:large","max-video-preview":"max-video-preview:-1"},"canonical":"https:\/\/roadtales.de\/en\/peru-reiseziele\/","og_locale":"en_GB","og_type":"article","og_title":"Peru Reiseziele \u2013 Entdecke die Anden, den Amazonas und antike St\u00e4tten","og_description":"Erkunde die besten Reiseziele Perus. Von Machu Picchu bis zum Amazonas \u2013 Tipps und Berichte f\u00fcr dein unvergessliches Abenteuer in Peru.","og_url":"https:\/\/roadtales.de\/en\/peru-reiseziele\/","og_site_name":"Roadtales","article_modified_time":"2025-07-16T09:53:48+00:00","twitter_card":"summary_large_image","twitter_misc":{"Estimated reading time":"1 minute"},"schema":{"@context":"https:\/\/schema.org","@graph":[{"@type":"WebPage","@id":"https:\/\/roadtales.de\/peru-reiseziele","url":"https:\/\/roadtales.de\/peru-reiseziele","name":"Peru Reiseziele \u2013 Entdecke die Anden, den Amazonas und antike St\u00e4tten","isPartOf":{"@id":"https:\/\/roadtales.de\/#website"},"datePublished":"2024-09-24T13:49:23+00:00","dateModified":"2025-07-16T09:53:48+00:00","description":"Erkunde die besten Reiseziele Perus. Von Machu Picchu bis zum Amazonas \u2013 Tipps und Berichte f\u00fcr dein unvergessliches Abenteuer in Peru.","breadcrumb":{"@id":"https:\/\/roadtales.de\/peru-reiseziele#breadcrumb"},"inLanguage":"en-GB","potentialAction":[{"@type":"ReadAction","target":["https:\/\/roadtales.de\/peru-reiseziele"]}]},{"@type":"BreadcrumbList","@id":"https:\/\/roadtales.de\/peru-reiseziele#breadcrumb","itemListElement":[{"@type":"ListItem","position":1,"name":"Startseite","item":"https:\/\/roadtales.de\/"},{"@type":"ListItem","position":2,"name":"Peru"}]},{"@type":"WebSite","@id":"https:\/\/roadtales.de\/#website","url":"https:\/\/roadtales.de\/","name":"Roadtales","description":"Overlanding, Camperausbau &amp; Reiseabenteuer","publisher":{"@id":"https:\/\/roadtales.de\/#\/schema\/person\/1e68636375004def3d491f4977d362d0"},"potentialAction":[{"@type":"SearchAction","target":{"@type":"EntryPoint","urlTemplate":"https:\/\/roadtales.de\/?s={search_term_string}"},"query-input":{"@type":"PropertyValueSpecification","valueRequired":true,"valueName":"search_term_string"}}],"inLanguage":"en-GB"},{"@type":["Person","Organization"],"@id":"https:\/\/roadtales.de\/#\/schema\/person\/1e68636375004def3d491f4977d362d0","name":"Sarah","image":{"@type":"ImageObject","inLanguage":"en-GB","@id":"https:\/\/roadtales.de\/wp-content\/uploads\/2023\/11\/Gotland-Restaurants-Sarah-Roadtales.jpg","url":"https:\/\/roadtales.de\/wp-content\/uploads\/2023\/11\/Gotland-Restaurants-Sarah-Roadtales.jpg","contentUrl":"https:\/\/roadtales.de\/wp-content\/uploads\/2023\/11\/Gotland-Restaurants-Sarah-Roadtales.jpg","width":660,"height":880,"caption":"Sarah"},"logo":{"@id":"https:\/\/roadtales.de\/wp-content\/uploads\/2023\/11\/Gotland-Restaurants-Sarah-Roadtales.jpg"},"description":"I am Sarah. Born in 1990 in the south of Germany, near the Swiss border. After finishing high school, I moved abroad for a year to Lesotho. Between my bachelor's and master's degrees, I traveled through Southeast Asia and eventually completed my master's in Sweden. After a few years in the workforce, I embarked on an adventure with my boyfriend, converting our camper and shipping it to South America. Since then, we have been exploring this beautiful continent together with a lot of adventurous spirit and curiosity.","sameAs":["https:\/\/roadtales.de","https:\/\/instagram.com\/_roadtales\/"]}]}},"jetpack_sharing_enabled":true,"jetpack-related-posts":[{"id":2870,"url":"https:\/\/roadtales.de\/en\/suedamerika-reiseziele","url_meta":{"origin":2903,"position":0},"title":"South America","author":"Sarah","date":"24\/09\/2024","format":false,"excerpt":"Welcome to our South America adventure!","rel":"","context":"Similar post","block_context":{"text":"Similar post","link":""},"img":{"alt_text":"Argentinien Reiseziele","src":"https:\/\/i0.wp.com\/roadtales.de\/wp-content\/uploads\/2024\/09\/Argentinien-Reiseziele-150x150.jpg?resize=350%2C200&ssl=1","width":350,"height":200,"srcset":"https:\/\/i0.wp.com\/roadtales.de\/wp-content\/uploads\/2024\/09\/Argentinien-Reiseziele-150x150.jpg?resize=350%2C200&ssl=1 1x, https:\/\/i0.wp.com\/roadtales.de\/wp-content\/uploads\/2024\/09\/Argentinien-Reiseziele-150x150.jpg?resize=525%2C300&ssl=1 1.5x, https:\/\/i0.wp.com\/roadtales.de\/wp-content\/uploads\/2024\/09\/Argentinien-Reiseziele-150x150.jpg?resize=700%2C400&ssl=1 2x"},"classes":[]},{"id":2893,"url":"https:\/\/roadtales.de\/en\/europa-reiseziele","url_meta":{"origin":2903,"position":1},"title":"Europe","author":"Sarah","date":"24\/09\/2024","format":false,"excerpt":"Welcome to our Europe page!","rel":"","context":"Similar post","block_context":{"text":"Similar post","link":""},"img":{"alt_text":"Montenegro Reiseziele","src":"https:\/\/i0.wp.com\/roadtales.de\/wp-content\/uploads\/2024\/09\/Montenegro-Reiseziele-150x150.jpg?resize=350%2C200&ssl=1","width":350,"height":200,"srcset":"https:\/\/i0.wp.com\/roadtales.de\/wp-content\/uploads\/2024\/09\/Montenegro-Reiseziele-150x150.jpg?resize=350%2C200&ssl=1 1x, https:\/\/i0.wp.com\/roadtales.de\/wp-content\/uploads\/2024\/09\/Montenegro-Reiseziele-150x150.jpg?resize=525%2C300&ssl=1 1.5x, https:\/\/i0.wp.com\/roadtales.de\/wp-content\/uploads\/2024\/09\/Montenegro-Reiseziele-150x150.jpg?resize=700%2C400&ssl=1 2x"},"classes":[]},{"id":211,"url":"https:\/\/roadtales.de\/en\/reiseziele-weltweit","url_meta":{"origin":2903,"position":2},"title":"Travel Destinations","author":"Sarah","date":"19\/05\/2022","format":false,"excerpt":"","rel":"","context":"Similar post","block_context":{"text":"Similar post","link":""},"img":{"alt_text":"","src":"","width":0,"height":0},"classes":[]},{"id":2901,"url":"https:\/\/roadtales.de\/en\/chile-reiseziele","url_meta":{"origin":2903,"position":3},"title":"Chile","author":"Sarah","date":"24\/09\/2024","format":false,"excerpt":"Chile","rel":"","context":"Similar post","block_context":{"text":"Similar post","link":""},"img":{"alt_text":"","src":"","width":0,"height":0},"classes":[]},{"id":2899,"url":"https:\/\/roadtales.de\/en\/bolivien-reiseziele","url_meta":{"origin":2903,"position":4},"title":"Bolivia","author":"Sarah","date":"24\/09\/2024","format":false,"excerpt":"Bolivia","rel":"","context":"Similar post","block_context":{"text":"Similar post","link":""},"img":{"alt_text":"","src":"","width":0,"height":0},"classes":[]},{"id":3607,"url":"https:\/\/roadtales.de\/en\/kolumbien-reiseziele","url_meta":{"origin":2903,"position":5},"title":"Columbia","author":"Sarah","date":"30\/06\/2025","format":false,"excerpt":"","rel":"","context":"Similar post","block_context":{"text":"Similar post","link":""},"img":{"alt_text":"","src":"","width":0,"height":0},"classes":[]}],"_links":{"self":[{"href":"https:\/\/roadtales.de\/en\/wp-json\/wp\/v2\/pages\/2903","targetHints":{"allow":["GET"]}}],"collection":[{"href":"https:\/\/roadtales.de\/en\/wp-json\/wp\/v2\/pages"}],"about":[{"href":"https:\/\/roadtales.de\/en\/wp-json\/wp\/v2\/types\/page"}],"author":[{"embeddable":true,"href":"https:\/\/roadtales.de\/en\/wp-json\/wp\/v2\/users\/1"}],"replies":[{"embeddable":true,"href":"https:\/\/roadtales.de\/en\/wp-json\/wp\/v2\/comments?post=2903"}],"version-history":[{"count":3,"href":"https:\/\/roadtales.de\/en\/wp-json\/wp\/v2\/pages\/2903\/revisions"}],"predecessor-version":[{"id":2961,"href":"https:\/\/roadtales.de\/en\/wp-json\/wp\/v2\/pages\/2903\/revisions\/2961"}],"wp:attachment":[{"href":"https:\/\/roadtales.de\/en\/wp-json\/wp\/v2\/media?parent=2903"}],"curies":[{"name":"wp","href":"https:\/\/api.w.org\/{rel}","templated":true}]}}