{"id":2912,"date":"2024-09-24T15:48:41","date_gmt":"2024-09-24T13:48:41","guid":{"rendered":"https:\/\/roadtales.de\/?page_id=2912"},"modified":"2025-07-16T11:53:42","modified_gmt":"2025-07-16T09:53:42","slug":"montenegro-reiseziele","status":"publish","type":"page","link":"https:\/\/roadtales.de\/en\/montenegro-reiseziele","title":{"rendered":"Montenegro"},"content":{"rendered":"<h2 class=\"wp-block-heading\">Montenegro<\/h2>\n\n\n<div class=\"ts-row blocks cf wpb_row\"><div class=\"wpb_column vc_column_container vc_col-sm-12 col-12\"><div class=\"vc_column-inner\"><div class=\"wpb_wrapper\">\n\t<div class=\"wpb_text_column wpb_content_element post-content\">\n\t\t<div class=\"wpb_wrapper\">\n\t\t\t<p>Montenegro \u2013 a small country with great diversity, from the Adriatic coast to the impressive mountains of the Balkans. Stroll through picturesque coastal towns or experience the wild nature of the Durmitor Mountains, Montenegro's travel destinations offer adventures for every taste. In our reports, you will find tips and inspiration for your journey through Montenegro.<\/p>\n\n\t\t<\/div>\n\t<\/div>\n<\/div><\/div><\/div><\/div><div class=\"ts-row blocks cf wpb_row\"><div class=\"wpb_column vc_column_container vc_col-sm-12 col-12\"><div class=\"vc_column-inner\"><div class=\"wpb_wrapper\">\n\t<section class=\"cf block loop-grid-3\" data-id=\"9\">\n\t\n\t\t\n\t\t\t\t\t\n\t\t\t<div class=\"block-head block-head-b\">\n\t\t\t\t<h4 class=\"title\"><a href=\"https:\/\/roadtales.de\/en\/category\/reiseziele\/europa\/montenegro\">Latest Montenegro Posts<\/a><\/h4>\n\t\t\t\t\n\t\t\t\t\t\t\t\t\t<a href=\"https:\/\/roadtales.de\/en\/category\/reiseziele\/europa\/montenegro\" class=\"view-all\">Show all<\/a>\n\t\t\t\t\t\t\t\n\t\t\t<\/div>\t\n\t\t\t\n\t\t\n\t\t\t\t\n\t\t\t\t\n\t\t<div class=\"block-content\">\n\t\t\n\t<div class=\"posts-dynamic posts-container ts-row grid count-0 is-mixed has-grid-3 masonry\">\n\t\t\t\n\t\t\t\t\t\n\t\t\t\t\t\t\n\t\t\t\t\t\t\t\n\t\t\t\t\t\t\t\t\n\t\t\t\t<div class=\"posts-wrap\">\t\t\t\t\n\t\t\t\t\t\t\n\t\t\t\t\t\t\n\t\t\t\t\t\t\t\t\n\t\t\t\t\t<div class=\"column col-4\">\t\n\t\t\t\t\t\t\n<article id=\"post-23\" class=\"grid-post post-23 post type-post status-publish format-standard has-post-thumbnail category-europa category-montenegro tag-roadtrip tag-wandern no-excerpt grid-post-c3 grid-post-a\">\n\n\n\t<div class=\"post-thumb\">\n\t\t\n\t\t<a href=\"https:\/\/roadtales.de\/en\/montenegro-roadtrip\" class=\"image-link media-ratio bg-ratio\"style=\"--a-ratio: 1.5014662756598\"><span data-bgsrc=\"https:\/\/roadtales.de\/wp-content\/uploads\/2022\/11\/montenegro-durmitor-ringstrase-drohne-3-768x512.jpg\" class=\"img bg-cover wp-post-image attachment-cheerup-768 size-cheerup-768\" role=\"img\" data-bgset=\"https:\/\/roadtales.de\/wp-content\/uploads\/2022\/11\/montenegro-durmitor-ringstrase-drohne-3-768x512.jpg 768w, https:\/\/roadtales.de\/wp-content\/uploads\/2022\/11\/montenegro-durmitor-ringstrase-drohne-3-300x200.jpg 300w, https:\/\/roadtales.de\/wp-content\/uploads\/2022\/11\/montenegro-durmitor-ringstrase-drohne-3-1024x682.jpg 1024w, https:\/\/roadtales.de\/wp-content\/uploads\/2022\/11\/montenegro-durmitor-ringstrase-drohne-3-1536x1023.jpg 1536w, https:\/\/roadtales.de\/wp-content\/uploads\/2022\/11\/montenegro-durmitor-ringstrase-drohne-3-175x117.jpg 175w, https:\/\/roadtales.de\/wp-content\/uploads\/2022\/11\/montenegro-durmitor-ringstrase-drohne-3-450x300.jpg 450w, https:\/\/roadtales.de\/wp-content\/uploads\/2022\/11\/montenegro-durmitor-ringstrase-drohne-3-1170x779.jpg 1170w, https:\/\/roadtales.de\/wp-content\/uploads\/2022\/11\/montenegro-durmitor-ringstrase-drohne-3-270x180.jpg 270w, https:\/\/roadtales.de\/wp-content\/uploads\/2022\/11\/montenegro-durmitor-ringstrase-drohne-3.jpg 2048w\" data-sizes=\"(max-width: 370px) 100vw, 370px\" title=\"Montenegro \u2013 a road trip through the land of black mountains\" data-ratio=\"1.5014662756598\"><\/span><\/a>\n\t\t\n\t\t\n\t\t\t\t\n\t<\/div>\n\t\t\n\t\t\t<div class=\"meta-title\">\n\t\t\n\t\t\t<div class=\"post-meta post-meta-b post-meta-center has-below\"><div class=\"meta-above\"><span class=\"post-cat\">\n\t\t\t\t\t\t\n\t\t\t\t\t\t<a href=\"https:\/\/roadtales.de\/en\/category\/reiseziele\/europa\" class=\"category\" rel=\"category\">Europe<\/a> <a href=\"https:\/\/roadtales.de\/en\/category\/reiseziele\/europa\/montenegro\" class=\"category\" rel=\"category\">Montenegro<\/a>\n\t\t\t\t\t<\/span>\n\t\t\t\t\t<\/div><h2 class=\"is-title post-title-alt\"><a href=\"https:\/\/roadtales.de\/en\/montenegro-roadtrip\">Montenegro \u2013 a road trip through the land of the black mountains<\/a><\/h2><div class=\"below meta-below\"><a href=\"https:\/\/roadtales.de\/en\/montenegro-roadtrip\" class=\"meta-item date-link\">\n\t\t\t\t\t\t<time class=\"post-date\" datetime=\"2016-05-15T04:30:35+02:00\">15\/05\/2016<\/time>\n\t\t\t\t\t<\/a><\/div><\/div>\t\t\n\t\t<\/div>\n\n\t\t\t\t\n\t\t\t\t\t\n\t\t\t<a href=\"https:\/\/roadtales.de\/en\/montenegro-roadtrip\" class=\"read-more-link read-more-btn\">\n\t\t\t\tTo the article\t\t\t<\/a>\n\n\t\t\n\t\t\n\t\t\n<\/article>\n\t\t\t\t\t<\/div>\n\t\t\t\t\t\n\t\t\t\t\t\t\t\t\t\n\t\t\t\t\t\t\n\t\t\t\t\n\t\t<\/div>\n\t<\/div>\n\t\n\t\n\t\n\n\t\n\t\n\n\t\t<\/div>\n\t\n\t<\/section>\n\n<\/div><\/div><\/div><\/div>","protected":false},"excerpt":{"rendered":"<p>Montenegro<\/p>","protected":false},"author":1,"featured_media":0,"parent":0,"menu_order":0,"comment_status":"closed","ping_status":"closed","template":"page-blocks.php","meta":{"slim_seo":{"title":"Montenegro - ein Roadtrip durch das Land der schwarzen Berge - Roadtales","description":"Montenegro - das bedeutet schwarze Berge, genau diese Berge ziehen uns im Mai und Juni 2022 in das kleine Land an der Adria. W\u00e4hrend unseres zweiw\u00f6chigen Monten"},"footnotes":""},"class_list":["post-2912","page","type-page","status-publish"],"yoast_head":"<!-- This site is optimized with the Yoast SEO plugin v27.4 - https:\/\/yoast.com\/product\/yoast-seo-wordpress\/ -->\n<title>Montenegro Reiseziele \u2013 Von der Adriak\u00fcste in die Berge<\/title>\n<meta name=\"description\" content=\"Erkunde die sch\u00f6nsten Reiseziele Montenegros - von der Adriak\u00fcste bis zu den Bergen des Balkans \u2013 Tipps f\u00fcr das n\u00e4chste Abenteuer\" \/>\n<meta name=\"robots\" content=\"index, follow, max-snippet:-1, max-image-preview:large, max-video-preview:-1\" \/>\n<link rel=\"canonical\" href=\"https:\/\/roadtales.de\/en\/montenegro-reiseziele\/\" \/>\n<meta property=\"og:locale\" content=\"en_GB\" \/>\n<meta property=\"og:type\" content=\"article\" \/>\n<meta property=\"og:title\" content=\"Montenegro Reiseziele \u2013 Von der Adriak\u00fcste in die Berge\" \/>\n<meta property=\"og:description\" content=\"Erkunde die sch\u00f6nsten Reiseziele Montenegros - von der Adriak\u00fcste bis zu den Bergen des Balkans \u2013 Tipps f\u00fcr das n\u00e4chste Abenteuer\" \/>\n<meta property=\"og:url\" content=\"https:\/\/roadtales.de\/en\/montenegro-reiseziele\/\" \/>\n<meta property=\"og:site_name\" content=\"Roadtales\" \/>\n<meta property=\"article:modified_time\" content=\"2025-07-16T09:53:42+00:00\" \/>\n<meta name=\"twitter:card\" content=\"summary_large_image\" \/>\n<meta name=\"twitter:label1\" content=\"Estimated reading time\" \/>\n\t<meta name=\"twitter:data1\" content=\"1 minute\" \/>\n<script type=\"application\/ld+json\" class=\"yoast-schema-graph\">{\"@context\":\"https:\\\/\\\/schema.org\",\"@graph\":[{\"@type\":\"WebPage\",\"@id\":\"https:\\\/\\\/roadtales.de\\\/montenegro-reiseziele\",\"url\":\"https:\\\/\\\/roadtales.de\\\/montenegro-reiseziele\",\"name\":\"Montenegro Reiseziele \u2013 Von der Adriak\u00fcste in die Berge\",\"isPartOf\":{\"@id\":\"https:\\\/\\\/roadtales.de\\\/#website\"},\"datePublished\":\"2024-09-24T13:48:41+00:00\",\"dateModified\":\"2025-07-16T09:53:42+00:00\",\"description\":\"Erkunde die sch\u00f6nsten Reiseziele Montenegros - von der Adriak\u00fcste bis zu den Bergen des Balkans \u2013 Tipps f\u00fcr das n\u00e4chste Abenteuer\",\"breadcrumb\":{\"@id\":\"https:\\\/\\\/roadtales.de\\\/montenegro-reiseziele#breadcrumb\"},\"inLanguage\":\"en-GB\",\"potentialAction\":[{\"@type\":\"ReadAction\",\"target\":[\"https:\\\/\\\/roadtales.de\\\/montenegro-reiseziele\"]}]},{\"@type\":\"BreadcrumbList\",\"@id\":\"https:\\\/\\\/roadtales.de\\\/montenegro-reiseziele#breadcrumb\",\"itemListElement\":[{\"@type\":\"ListItem\",\"position\":1,\"name\":\"Startseite\",\"item\":\"https:\\\/\\\/roadtales.de\\\/\"},{\"@type\":\"ListItem\",\"position\":2,\"name\":\"Montenegro\"}]},{\"@type\":\"WebSite\",\"@id\":\"https:\\\/\\\/roadtales.de\\\/#website\",\"url\":\"https:\\\/\\\/roadtales.de\\\/\",\"name\":\"Roadtales\",\"description\":\"Overlanding, Camperausbau &amp; Reiseabenteuer\",\"publisher\":{\"@id\":\"https:\\\/\\\/roadtales.de\\\/#\\\/schema\\\/person\\\/1e68636375004def3d491f4977d362d0\"},\"potentialAction\":[{\"@type\":\"SearchAction\",\"target\":{\"@type\":\"EntryPoint\",\"urlTemplate\":\"https:\\\/\\\/roadtales.de\\\/?s={search_term_string}\"},\"query-input\":{\"@type\":\"PropertyValueSpecification\",\"valueRequired\":true,\"valueName\":\"search_term_string\"}}],\"inLanguage\":\"en-GB\"},{\"@type\":[\"Person\",\"Organization\"],\"@id\":\"https:\\\/\\\/roadtales.de\\\/#\\\/schema\\\/person\\\/1e68636375004def3d491f4977d362d0\",\"name\":\"Sarah\",\"image\":{\"@type\":\"ImageObject\",\"inLanguage\":\"en-GB\",\"@id\":\"https:\\\/\\\/roadtales.de\\\/wp-content\\\/uploads\\\/2023\\\/11\\\/Gotland-Restaurants-Sarah-Roadtales.jpg\",\"url\":\"https:\\\/\\\/roadtales.de\\\/wp-content\\\/uploads\\\/2023\\\/11\\\/Gotland-Restaurants-Sarah-Roadtales.jpg\",\"contentUrl\":\"https:\\\/\\\/roadtales.de\\\/wp-content\\\/uploads\\\/2023\\\/11\\\/Gotland-Restaurants-Sarah-Roadtales.jpg\",\"width\":660,\"height\":880,\"caption\":\"Sarah\"},\"logo\":{\"@id\":\"https:\\\/\\\/roadtales.de\\\/wp-content\\\/uploads\\\/2023\\\/11\\\/Gotland-Restaurants-Sarah-Roadtales.jpg\"},\"description\":\"Ich bin Sarah. Geboren 1990 im S\u00fcden von Deutschland an der Grenze zur Schweiz. Nach dem Abi hat es mich ins Ausland gezogen f\u00fcr ein Jahr nach Lesotho. Zwischen Bachelor uns Master war ich dann in S\u00fcdostasien reisen und habe meinen Master schlussendlich in Schweden gemacht. Nach einigen Jahren im Berufsleben, habe ich mich dann in ein Abenteuer gewagt und habe mit meinem Freund unseren Camper ausgebaut und nach S\u00fcdamerika verschifft. Seither erkunden wir gemeinsam mit viel Abenteuerlust und Neugierde diesen wundersch\u00f6nen Kontinent.\",\"sameAs\":[\"https:\\\/\\\/roadtales.de\",\"https:\\\/\\\/instagram.com\\\/_roadtales\\\/\"]}]}<\/script>\n<!-- \/ Yoast SEO plugin. -->","yoast_head_json":{"title":"Montenegro Reiseziele \u2013 Von der Adriak\u00fcste in die Berge","description":"Erkunde die sch\u00f6nsten Reiseziele Montenegros - von der Adriak\u00fcste bis zu den Bergen des Balkans \u2013 Tipps f\u00fcr das n\u00e4chste Abenteuer","robots":{"index":"index","follow":"follow","max-snippet":"max-snippet:-1","max-image-preview":"max-image-preview:large","max-video-preview":"max-video-preview:-1"},"canonical":"https:\/\/roadtales.de\/en\/montenegro-reiseziele\/","og_locale":"en_GB","og_type":"article","og_title":"Montenegro Reiseziele \u2013 Von der Adriak\u00fcste in die Berge","og_description":"Erkunde die sch\u00f6nsten Reiseziele Montenegros - von der Adriak\u00fcste bis zu den Bergen des Balkans \u2013 Tipps f\u00fcr das n\u00e4chste Abenteuer","og_url":"https:\/\/roadtales.de\/en\/montenegro-reiseziele\/","og_site_name":"Roadtales","article_modified_time":"2025-07-16T09:53:42+00:00","twitter_card":"summary_large_image","twitter_misc":{"Estimated reading time":"1 minute"},"schema":{"@context":"https:\/\/schema.org","@graph":[{"@type":"WebPage","@id":"https:\/\/roadtales.de\/montenegro-reiseziele","url":"https:\/\/roadtales.de\/montenegro-reiseziele","name":"Montenegro Reiseziele \u2013 Von der Adriak\u00fcste in die Berge","isPartOf":{"@id":"https:\/\/roadtales.de\/#website"},"datePublished":"2024-09-24T13:48:41+00:00","dateModified":"2025-07-16T09:53:42+00:00","description":"Erkunde die sch\u00f6nsten Reiseziele Montenegros - von der Adriak\u00fcste bis zu den Bergen des Balkans \u2013 Tipps f\u00fcr das n\u00e4chste Abenteuer","breadcrumb":{"@id":"https:\/\/roadtales.de\/montenegro-reiseziele#breadcrumb"},"inLanguage":"en-GB","potentialAction":[{"@type":"ReadAction","target":["https:\/\/roadtales.de\/montenegro-reiseziele"]}]},{"@type":"BreadcrumbList","@id":"https:\/\/roadtales.de\/montenegro-reiseziele#breadcrumb","itemListElement":[{"@type":"ListItem","position":1,"name":"Startseite","item":"https:\/\/roadtales.de\/"},{"@type":"ListItem","position":2,"name":"Montenegro"}]},{"@type":"WebSite","@id":"https:\/\/roadtales.de\/#website","url":"https:\/\/roadtales.de\/","name":"Roadtales","description":"Overlanding, Camperausbau &amp; Reiseabenteuer","publisher":{"@id":"https:\/\/roadtales.de\/#\/schema\/person\/1e68636375004def3d491f4977d362d0"},"potentialAction":[{"@type":"SearchAction","target":{"@type":"EntryPoint","urlTemplate":"https:\/\/roadtales.de\/?s={search_term_string}"},"query-input":{"@type":"PropertyValueSpecification","valueRequired":true,"valueName":"search_term_string"}}],"inLanguage":"en-GB"},{"@type":["Person","Organization"],"@id":"https:\/\/roadtales.de\/#\/schema\/person\/1e68636375004def3d491f4977d362d0","name":"Sarah","image":{"@type":"ImageObject","inLanguage":"en-GB","@id":"https:\/\/roadtales.de\/wp-content\/uploads\/2023\/11\/Gotland-Restaurants-Sarah-Roadtales.jpg","url":"https:\/\/roadtales.de\/wp-content\/uploads\/2023\/11\/Gotland-Restaurants-Sarah-Roadtales.jpg","contentUrl":"https:\/\/roadtales.de\/wp-content\/uploads\/2023\/11\/Gotland-Restaurants-Sarah-Roadtales.jpg","width":660,"height":880,"caption":"Sarah"},"logo":{"@id":"https:\/\/roadtales.de\/wp-content\/uploads\/2023\/11\/Gotland-Restaurants-Sarah-Roadtales.jpg"},"description":"I am Sarah. Born in 1990 in the south of Germany, near the Swiss border. After finishing high school, I moved abroad for a year to Lesotho. Between my bachelor's and master's degrees, I traveled through Southeast Asia and eventually completed my master's in Sweden. After a few years in the workforce, I embarked on an adventure with my boyfriend, converting our camper and shipping it to South America. Since then, we have been exploring this beautiful continent together with a lot of adventurous spirit and curiosity.","sameAs":["https:\/\/roadtales.de","https:\/\/instagram.com\/_roadtales\/"]}]}},"jetpack_sharing_enabled":true,"jetpack-related-posts":[{"id":2893,"url":"https:\/\/roadtales.de\/en\/europa-reiseziele","url_meta":{"origin":2912,"position":0},"title":"Europe","author":"Sarah","date":"24\/09\/2024","format":false,"excerpt":"Welcome to our Europe page!","rel":"","context":"Similar post","block_context":{"text":"Similar post","link":""},"img":{"alt_text":"Montenegro Reiseziele","src":"https:\/\/i0.wp.com\/roadtales.de\/wp-content\/uploads\/2024\/09\/Montenegro-Reiseziele-150x150.jpg?resize=350%2C200&ssl=1","width":350,"height":200,"srcset":"https:\/\/i0.wp.com\/roadtales.de\/wp-content\/uploads\/2024\/09\/Montenegro-Reiseziele-150x150.jpg?resize=350%2C200&ssl=1 1x, https:\/\/i0.wp.com\/roadtales.de\/wp-content\/uploads\/2024\/09\/Montenegro-Reiseziele-150x150.jpg?resize=525%2C300&ssl=1 1.5x, https:\/\/i0.wp.com\/roadtales.de\/wp-content\/uploads\/2024\/09\/Montenegro-Reiseziele-150x150.jpg?resize=700%2C400&ssl=1 2x"},"classes":[]},{"id":3528,"url":"https:\/\/roadtales.de\/en\/schweiz-reiseziele","url_meta":{"origin":2912,"position":1},"title":"Switzerland","author":"Sarah","date":"26\/05\/2025","format":false,"excerpt":"","rel":"","context":"Similar post","block_context":{"text":"Similar post","link":""},"img":{"alt_text":"","src":"","width":0,"height":0},"classes":[]},{"id":2897,"url":"https:\/\/roadtales.de\/en\/argentinien-reisetipps","url_meta":{"origin":2912,"position":2},"title":"Argentina","author":"Sarah","date":"24\/09\/2024","format":false,"excerpt":"","rel":"","context":"Similar post","block_context":{"text":"Similar post","link":""},"img":{"alt_text":"","src":"","width":0,"height":0},"classes":[]},{"id":2901,"url":"https:\/\/roadtales.de\/en\/chile-reiseziele","url_meta":{"origin":2912,"position":3},"title":"Chile","author":"Sarah","date":"24\/09\/2024","format":false,"excerpt":"Chile","rel":"","context":"Similar post","block_context":{"text":"Similar post","link":""},"img":{"alt_text":"","src":"","width":0,"height":0},"classes":[]},{"id":2899,"url":"https:\/\/roadtales.de\/en\/bolivien-reiseziele","url_meta":{"origin":2912,"position":4},"title":"Bolivia","author":"Sarah","date":"24\/09\/2024","format":false,"excerpt":"Bolivia","rel":"","context":"Similar post","block_context":{"text":"Similar post","link":""},"img":{"alt_text":"","src":"","width":0,"height":0},"classes":[]},{"id":211,"url":"https:\/\/roadtales.de\/en\/reiseziele-weltweit","url_meta":{"origin":2912,"position":5},"title":"Travel Destinations","author":"Sarah","date":"19\/05\/2022","format":false,"excerpt":"","rel":"","context":"Similar post","block_context":{"text":"Similar post","link":""},"img":{"alt_text":"","src":"","width":0,"height":0},"classes":[]}],"_links":{"self":[{"href":"https:\/\/roadtales.de\/en\/wp-json\/wp\/v2\/pages\/2912","targetHints":{"allow":["GET"]}}],"collection":[{"href":"https:\/\/roadtales.de\/en\/wp-json\/wp\/v2\/pages"}],"about":[{"href":"https:\/\/roadtales.de\/en\/wp-json\/wp\/v2\/types\/page"}],"author":[{"embeddable":true,"href":"https:\/\/roadtales.de\/en\/wp-json\/wp\/v2\/users\/1"}],"replies":[{"embeddable":true,"href":"https:\/\/roadtales.de\/en\/wp-json\/wp\/v2\/comments?post=2912"}],"version-history":[{"count":2,"href":"https:\/\/roadtales.de\/en\/wp-json\/wp\/v2\/pages\/2912\/revisions"}],"predecessor-version":[{"id":2963,"href":"https:\/\/roadtales.de\/en\/wp-json\/wp\/v2\/pages\/2912\/revisions\/2963"}],"wp:attachment":[{"href":"https:\/\/roadtales.de\/en\/wp-json\/wp\/v2\/media?parent=2912"}],"curies":[{"name":"wp","href":"https:\/\/api.w.org\/{rel}","templated":true}]}}