{"id":3187,"date":"2024-12-04T18:27:55","date_gmt":"2024-12-04T17:27:55","guid":{"rendered":"https:\/\/roadtales.de\/?page_id=3187"},"modified":"2025-07-16T11:51:03","modified_gmt":"2025-07-16T09:51:03","slug":"ecuador-reiseziele","status":"publish","type":"page","link":"https:\/\/roadtales.de\/en\/ecuador-reiseziele","title":{"rendered":"Ecuador"},"content":{"rendered":"<div class=\"ts-row blocks cf wpb_row\"><div class=\"wpb_column vc_column_container vc_col-sm-12 col-12\"><div class=\"vc_column-inner\"><div class=\"wpb_wrapper\">\n\t<div class=\"wpb_text_column wpb_content_element post-content\">\n\t\t<div class=\"wpb_wrapper\">\n\t\t\t<h2>Ecuador<\/h2>\n\n\t\t<\/div>\n\t<\/div>\n<\/div><\/div><\/div><\/div><div class=\"ts-row blocks cf wpb_row\"><div class=\"wpb_column vc_column_container vc_col-sm-12 col-12\"><div class=\"vc_column-inner\"><div class=\"wpb_wrapper\">\n\t<div class=\"wpb_text_column wpb_content_element post-content\">\n\t\t<div class=\"wpb_wrapper\">\n\t\t\t<p>Ecuador \u2013 a land full of diversity. From the majestic peaks of the Andes to the dense rainforests of the Amazon and the unique Gal\u00e1pagos Islands, Ecuador offers breathtaking landscapes and fascinating culture. In our travel reports, you will find the most beautiful places, exciting activities, and helpful tips for your adventure in Ecuador.<\/p>\n<p>\u00a0<\/p>\n\n\t\t<\/div>\n\t<\/div>\n<\/div><\/div><\/div><\/div><div class=\"ts-row blocks cf wpb_row\"><div class=\"wpb_column vc_column_container vc_col-sm-12 col-12\"><div class=\"vc_column-inner\"><div class=\"wpb_wrapper\">\n\t<section class=\"cf block loop-grid\" data-id=\"p-1\">\n\t\n\t\t\n\t\t\t\t\t\n\t\t\t<div class=\"block-head block-head-b\">\n\t\t\t\t<h4 class=\"title\"><a href=\"https:\/\/roadtales.de\/en\/category\/reiseziele\/suedamerika\/ecuador\">Ecuador<\/a><\/h4>\n\t\t\t\t\n\t\t\t\t\t\t\t\t\t<a href=\"https:\/\/roadtales.de\/en\/category\/reiseziele\/suedamerika\/ecuador\" class=\"view-all\">Neuste Ecuador Beitr\u00e4ge<\/a>\n\t\t\t\t\t\t\t\n\t\t\t<\/div>\t\n\t\t\t\n\t\t\n\t\t\t\t\n\t\t\t\t\n\t\t<div class=\"block-content\">\n\t\t\n\t<div class=\"posts-dynamic posts-container ts-row grid count-0 is-mixed has-grid-2 masonry\">\n\t\t\t\n\t\t\t\t\t\n\t\t\t\t\t\t\n\t\t\t\t\t\t\t\n\t\t\t\t\t\t\t\t\n\t\t\t\t<div class=\"posts-wrap\">\t\t\t\t\n\t\t\t\t\t\t\n\t\t\t\t\t\t\n\t\t\t\t\t\t\t\t\n\t\t\t\t\t<div class=\"column col-6\">\t\n\t\t\t\t\t\t\n<article id=\"post-3301\" class=\"grid-post post-3301 post type-post status-publish format-standard has-post-thumbnail category-ecuador category-reiseziele category-suedamerika tag-anden tag-reisebericht tag-wandern no-excerpt grid-post-c2 grid-post-c\">\n\n\n\t<div class=\"post-thumb\">\n\t\t\n\t\t<a href=\"https:\/\/roadtales.de\/en\/quilotoa-kraterwanderung-tipps\" class=\"image-link media-ratio bg-ratio\"style=\"--a-ratio: 1.4995150339476\"><span data-bgsrc=\"https:\/\/roadtales.de\/wp-content\/uploads\/2025\/01\/Panoramablick-auf-den-Quilotoa-Kratersee-mit-einem-Wanderer-im-Vordergrund-768x512.jpg\" class=\"img bg-cover wp-post-image attachment-cheerup-768 size-cheerup-768\" role=\"img\" data-bgset=\"https:\/\/roadtales.de\/wp-content\/uploads\/2025\/01\/Panoramablick-auf-den-Quilotoa-Kratersee-mit-einem-Wanderer-im-Vordergrund-768x512.jpg 768w, https:\/\/roadtales.de\/wp-content\/uploads\/2025\/01\/Panoramablick-auf-den-Quilotoa-Kratersee-mit-einem-Wanderer-im-Vordergrund-300x200.jpg 300w, https:\/\/roadtales.de\/wp-content\/uploads\/2025\/01\/Panoramablick-auf-den-Quilotoa-Kratersee-mit-einem-Wanderer-im-Vordergrund-1024x683.jpg 1024w, https:\/\/roadtales.de\/wp-content\/uploads\/2025\/01\/Panoramablick-auf-den-Quilotoa-Kratersee-mit-einem-Wanderer-im-Vordergrund-1536x1024.jpg 1536w, https:\/\/roadtales.de\/wp-content\/uploads\/2025\/01\/Panoramablick-auf-den-Quilotoa-Kratersee-mit-einem-Wanderer-im-Vordergrund-18x12.jpg 18w, https:\/\/roadtales.de\/wp-content\/uploads\/2025\/01\/Panoramablick-auf-den-Quilotoa-Kratersee-mit-einem-Wanderer-im-Vordergrund-175x117.jpg 175w, https:\/\/roadtales.de\/wp-content\/uploads\/2025\/01\/Panoramablick-auf-den-Quilotoa-Kratersee-mit-einem-Wanderer-im-Vordergrund-450x300.jpg 450w, https:\/\/roadtales.de\/wp-content\/uploads\/2025\/01\/Panoramablick-auf-den-Quilotoa-Kratersee-mit-einem-Wanderer-im-Vordergrund-1170x780.jpg 1170w, https:\/\/roadtales.de\/wp-content\/uploads\/2025\/01\/Panoramablick-auf-den-Quilotoa-Kratersee-mit-einem-Wanderer-im-Vordergrund-270x180.jpg 270w, https:\/\/roadtales.de\/wp-content\/uploads\/2025\/01\/Panoramablick-auf-den-Quilotoa-Kratersee-mit-einem-Wanderer-im-Vordergrund.jpg 1546w\" data-sizes=\"(max-width: 370px) 100vw, 370px\" aria-label=\"Panoramic view of the Quilotoa crater lake with a hiker in the foreground\" data-ratio=\"1.4995150339476\"><\/span><\/a>\n\t\t\n\t\t\n\t\t\t\t\n\t<\/div>\n\t\t\n\t\t<div class=\"content-wrap\">\n\t\t\t<div class=\"meta-title\">\n\t\t\n\t\t\t<div class=\"post-meta post-meta-b post-meta-center has-below\"><div class=\"meta-above\"><span class=\"post-cat\">\n\t\t\t\t\t\t\n\t\t\t\t\t\t<a href=\"https:\/\/roadtales.de\/en\/category\/reiseziele\/suedamerika\/ecuador\" class=\"category\" rel=\"category\">Ecuador<\/a> <a href=\"https:\/\/roadtales.de\/en\/category\/reiseziele\" class=\"category\" rel=\"category\">Travel Destinations<\/a> <a href=\"https:\/\/roadtales.de\/en\/category\/reiseziele\/suedamerika\" class=\"category\" rel=\"category\">South America<\/a>\n\t\t\t\t\t<\/span>\n\t\t\t\t\t<\/div><h2 class=\"is-title post-title-alt\"><a href=\"https:\/\/roadtales.de\/en\/quilotoa-kraterwanderung-tipps\">Quilotoa Crater Hike: Tips and Highlights for Your Trip<\/a><\/h2><div class=\"below meta-below\"><a href=\"https:\/\/roadtales.de\/en\/quilotoa-kraterwanderung-tipps\" class=\"meta-item date-link\">\n\t\t\t\t\t\t<time class=\"post-date\" datetime=\"2025-01-14T20:31:23+01:00\">14\/01\/2025<\/time>\n\t\t\t\t\t<\/a><\/div><\/div>\t\t\n\t\t<\/div>\n\n\t\t\t\t\n\t\t\t\t\t\n\t\t\t<a href=\"https:\/\/roadtales.de\/en\/quilotoa-kraterwanderung-tipps\" class=\"read-more-link read-more-btn\">\n\t\t\t\tTo the article\t\t\t<\/a>\n\n\t\t\n\t\t\n\t<\/div>\n\t\t\n<\/article>\n\t\t\t\t\t<\/div>\n\t\t\t\t\t\n\t\t\t\t\t\t\t\t\t\n\t\t\t\t\t\t\n\t\t\t\t\t\n\t\t\t\t\t\t\n\t\t\t\t\t\t\n\t\t\t\t\t\t\t\t\n\t\t\t\t\t<div class=\"column col-6\">\t\n\t\t\t\t\t\t\n<article id=\"post-3139\" class=\"grid-post post-3139 post type-post status-publish format-standard has-post-thumbnail category-ecuador category-reiseziele category-suedamerika tag-reisebericht tag-tierbeobachtung no-excerpt grid-post-c2 grid-post-c\">\n\n\n\t<div class=\"post-thumb\">\n\t\t\n\t\t<a href=\"https:\/\/roadtales.de\/en\/galapagos-guenstig-tipps-erfahrungen\" class=\"image-link media-ratio bg-ratio\"style=\"--a-ratio: 1.4995150339476\"><span data-bgsrc=\"https:\/\/roadtales.de\/wp-content\/uploads\/2024\/12\/Meerechse-in-der-Naehe-eines-Felsen-in-den-Galapagos-Inseln-768x512.jpg\" class=\"img bg-cover wp-post-image attachment-cheerup-768 size-cheerup-768\" role=\"img\" data-bgset=\"https:\/\/roadtales.de\/wp-content\/uploads\/2024\/12\/Meerechse-in-der-Naehe-eines-Felsen-in-den-Galapagos-Inseln-768x512.jpg 768w, https:\/\/roadtales.de\/wp-content\/uploads\/2024\/12\/Meerechse-in-der-Naehe-eines-Felsen-in-den-Galapagos-Inseln-300x200.jpg 300w, https:\/\/roadtales.de\/wp-content\/uploads\/2024\/12\/Meerechse-in-der-Naehe-eines-Felsen-in-den-Galapagos-Inseln-1024x683.jpg 1024w, https:\/\/roadtales.de\/wp-content\/uploads\/2024\/12\/Meerechse-in-der-Naehe-eines-Felsen-in-den-Galapagos-Inseln-1536x1024.jpg 1536w, https:\/\/roadtales.de\/wp-content\/uploads\/2024\/12\/Meerechse-in-der-Naehe-eines-Felsen-in-den-Galapagos-Inseln-18x12.jpg 18w, https:\/\/roadtales.de\/wp-content\/uploads\/2024\/12\/Meerechse-in-der-Naehe-eines-Felsen-in-den-Galapagos-Inseln-175x117.jpg 175w, https:\/\/roadtales.de\/wp-content\/uploads\/2024\/12\/Meerechse-in-der-Naehe-eines-Felsen-in-den-Galapagos-Inseln-450x300.jpg 450w, https:\/\/roadtales.de\/wp-content\/uploads\/2024\/12\/Meerechse-in-der-Naehe-eines-Felsen-in-den-Galapagos-Inseln-1170x780.jpg 1170w, https:\/\/roadtales.de\/wp-content\/uploads\/2024\/12\/Meerechse-in-der-Naehe-eines-Felsen-in-den-Galapagos-Inseln-270x180.jpg 270w, https:\/\/roadtales.de\/wp-content\/uploads\/2024\/12\/Meerechse-in-der-Naehe-eines-Felsen-in-den-Galapagos-Inseln.jpg 1546w\" data-sizes=\"(max-width: 370px) 100vw, 370px\" aria-label=\"Marine iguana near a rock in the Galapagos Islands\" data-ratio=\"1.4995150339476\"><\/span><\/a>\n\t\t\n\t\t\n\t\t\t\t\n\t<\/div>\n\t\t\n\t\t<div class=\"content-wrap\">\n\t\t\t<div class=\"meta-title\">\n\t\t\n\t\t\t<div class=\"post-meta post-meta-b post-meta-center has-below\"><div class=\"meta-above\"><span class=\"post-cat\">\n\t\t\t\t\t\t\n\t\t\t\t\t\t<a href=\"https:\/\/roadtales.de\/en\/category\/reiseziele\/suedamerika\/ecuador\" class=\"category\" rel=\"category\">Ecuador<\/a> <a href=\"https:\/\/roadtales.de\/en\/category\/reiseziele\" class=\"category\" rel=\"category\">Travel Destinations<\/a> <a href=\"https:\/\/roadtales.de\/en\/category\/reiseziele\/suedamerika\" class=\"category\" rel=\"category\">South America<\/a>\n\t\t\t\t\t<\/span>\n\t\t\t\t\t<\/div><h2 class=\"is-title post-title-alt\"><a href=\"https:\/\/roadtales.de\/en\/galapagos-guenstig-tipps-erfahrungen\">Discovering the Gal\u00e1pagos Islands on a Budget: Our Experiences, Tips, and Highlights for Unforgettable Days<\/a><\/h2><div class=\"below meta-below\"><a href=\"https:\/\/roadtales.de\/en\/galapagos-guenstig-tipps-erfahrungen\" class=\"meta-item date-link\">\n\t\t\t\t\t\t<time class=\"post-date\" datetime=\"2024-12-04T18:43:46+01:00\">04\/12\/2024<\/time>\n\t\t\t\t\t<\/a><\/div><\/div>\t\t\n\t\t<\/div>\n\n\t\t\t\t\n\t\t\t\t\t\n\t\t\t<a href=\"https:\/\/roadtales.de\/en\/galapagos-guenstig-tipps-erfahrungen\" class=\"read-more-link read-more-btn\">\n\t\t\t\tTo the article\t\t\t<\/a>\n\n\t\t\n\t\t\n\t<\/div>\n\t\t\n<\/article>\n\t\t\t\t\t<\/div>\n\t\t\t\t\t\n\t\t\t\t\t\t\t\t\t\n\t\t\t\t\t\t\n\t\t\t\t\n\t\t<\/div>\n\t<\/div>\n\t\n\t\n\t\t\t<\/div>\n\t\n\t<\/section>\n\n<\/div><\/div><\/div><\/div>","protected":false},"excerpt":{"rendered":"Die Gal\u00e1pagos Inseln stehen auf der Bucketlist vieler Reisender \u2013 auch auf unserer.&nbsp; Trotzdem haben wir aus Kostengr\u00fcnden lange \u00fcberlegt, ob wir im Rahmen unserer S\u00fcdamerikareise die Galapagos Inseln besuchen. Schlie\u00dflich fiel die Entscheidung spontan \u2013 und wir haben es keine Sekunde bereut. Aber Hand aufs Herz: Eine Reise auf die Gal\u00e1pagos Inseln ist alles","protected":false},"author":1,"featured_media":0,"parent":0,"menu_order":0,"comment_status":"closed","ping_status":"closed","template":"page-blocks.php","meta":{"slim_seo":{"title":"Gal\u00e1pagos-Inseln g\u00fcnstig entdecken: Unsere Erfahrungen, Tipps und Highlights f\u00fcr unvergessliche Tage test - Roadtales","description":"Die Gal\u00e1pagos Inseln stehen auf der Bucketlist vieler Reisender \u2013 auch auf unserer.&nbsp; Trotzdem haben wir aus Kostengr\u00fcnden lange \u00fcberlegt, ob wir im Rahmen"},"footnotes":""},"class_list":["post-3187","page","type-page","status-publish"],"yoast_head":"<!-- This site is optimized with the Yoast SEO plugin v27.4 - https:\/\/yoast.com\/product\/yoast-seo-wordpress\/ -->\n<title>Ecuador Reiseziele \u2013 faszinierende Landschaften und Tierwelt<\/title>\n<meta name=\"description\" content=\"Erkunde die sch\u00f6nsten Ziele Ecuadors. Von der Pazifikk\u00fcste, den Anden bis zu den Gal\u00e1pagos \u2013 Tipps und Berichte f\u00fcr dein Abenteuer in Ecuador.\" \/>\n<meta name=\"robots\" content=\"index, follow, max-snippet:-1, max-image-preview:large, max-video-preview:-1\" \/>\n<link rel=\"canonical\" href=\"https:\/\/roadtales.de\/en\/ecuador-reiseziele\/\" \/>\n<meta property=\"og:locale\" content=\"en_GB\" \/>\n<meta property=\"og:type\" content=\"article\" \/>\n<meta property=\"og:title\" content=\"Ecuador Reiseziele \u2013 faszinierende Landschaften und Tierwelt\" \/>\n<meta property=\"og:description\" content=\"Erkunde die sch\u00f6nsten Ziele Ecuadors. Von der Pazifikk\u00fcste, den Anden bis zu den Gal\u00e1pagos \u2013 Tipps und Berichte f\u00fcr dein Abenteuer in Ecuador.\" \/>\n<meta property=\"og:url\" content=\"https:\/\/roadtales.de\/en\/ecuador-reiseziele\/\" \/>\n<meta property=\"og:site_name\" content=\"Roadtales\" \/>\n<meta property=\"article:modified_time\" content=\"2025-07-16T09:51:03+00:00\" \/>\n<meta name=\"twitter:card\" content=\"summary_large_image\" \/>\n<meta name=\"twitter:label1\" content=\"Estimated reading time\" \/>\n\t<meta name=\"twitter:data1\" content=\"1 minute\" \/>\n<script type=\"application\/ld+json\" class=\"yoast-schema-graph\">{\"@context\":\"https:\\\/\\\/schema.org\",\"@graph\":[{\"@type\":\"WebPage\",\"@id\":\"https:\\\/\\\/roadtales.de\\\/ecuador-reiseziele\",\"url\":\"https:\\\/\\\/roadtales.de\\\/ecuador-reiseziele\",\"name\":\"Ecuador Reiseziele \u2013 faszinierende Landschaften und Tierwelt\",\"isPartOf\":{\"@id\":\"https:\\\/\\\/roadtales.de\\\/#website\"},\"datePublished\":\"2024-12-04T17:27:55+00:00\",\"dateModified\":\"2025-07-16T09:51:03+00:00\",\"description\":\"Erkunde die sch\u00f6nsten Ziele Ecuadors. Von der Pazifikk\u00fcste, den Anden bis zu den Gal\u00e1pagos \u2013 Tipps und Berichte f\u00fcr dein Abenteuer in Ecuador.\",\"breadcrumb\":{\"@id\":\"https:\\\/\\\/roadtales.de\\\/ecuador-reiseziele#breadcrumb\"},\"inLanguage\":\"en-GB\",\"potentialAction\":[{\"@type\":\"ReadAction\",\"target\":[\"https:\\\/\\\/roadtales.de\\\/ecuador-reiseziele\"]}]},{\"@type\":\"BreadcrumbList\",\"@id\":\"https:\\\/\\\/roadtales.de\\\/ecuador-reiseziele#breadcrumb\",\"itemListElement\":[{\"@type\":\"ListItem\",\"position\":1,\"name\":\"Startseite\",\"item\":\"https:\\\/\\\/roadtales.de\\\/\"},{\"@type\":\"ListItem\",\"position\":2,\"name\":\"Ecuador\"}]},{\"@type\":\"WebSite\",\"@id\":\"https:\\\/\\\/roadtales.de\\\/#website\",\"url\":\"https:\\\/\\\/roadtales.de\\\/\",\"name\":\"Roadtales\",\"description\":\"Overlanding, Camperausbau &amp; Reiseabenteuer\",\"publisher\":{\"@id\":\"https:\\\/\\\/roadtales.de\\\/#\\\/schema\\\/person\\\/1e68636375004def3d491f4977d362d0\"},\"potentialAction\":[{\"@type\":\"SearchAction\",\"target\":{\"@type\":\"EntryPoint\",\"urlTemplate\":\"https:\\\/\\\/roadtales.de\\\/?s={search_term_string}\"},\"query-input\":{\"@type\":\"PropertyValueSpecification\",\"valueRequired\":true,\"valueName\":\"search_term_string\"}}],\"inLanguage\":\"en-GB\"},{\"@type\":[\"Person\",\"Organization\"],\"@id\":\"https:\\\/\\\/roadtales.de\\\/#\\\/schema\\\/person\\\/1e68636375004def3d491f4977d362d0\",\"name\":\"Sarah\",\"image\":{\"@type\":\"ImageObject\",\"inLanguage\":\"en-GB\",\"@id\":\"https:\\\/\\\/roadtales.de\\\/wp-content\\\/uploads\\\/2023\\\/11\\\/Gotland-Restaurants-Sarah-Roadtales.jpg\",\"url\":\"https:\\\/\\\/roadtales.de\\\/wp-content\\\/uploads\\\/2023\\\/11\\\/Gotland-Restaurants-Sarah-Roadtales.jpg\",\"contentUrl\":\"https:\\\/\\\/roadtales.de\\\/wp-content\\\/uploads\\\/2023\\\/11\\\/Gotland-Restaurants-Sarah-Roadtales.jpg\",\"width\":660,\"height\":880,\"caption\":\"Sarah\"},\"logo\":{\"@id\":\"https:\\\/\\\/roadtales.de\\\/wp-content\\\/uploads\\\/2023\\\/11\\\/Gotland-Restaurants-Sarah-Roadtales.jpg\"},\"description\":\"Ich bin Sarah. Geboren 1990 im S\u00fcden von Deutschland an der Grenze zur Schweiz. Nach dem Abi hat es mich ins Ausland gezogen f\u00fcr ein Jahr nach Lesotho. Zwischen Bachelor uns Master war ich dann in S\u00fcdostasien reisen und habe meinen Master schlussendlich in Schweden gemacht. Nach einigen Jahren im Berufsleben, habe ich mich dann in ein Abenteuer gewagt und habe mit meinem Freund unseren Camper ausgebaut und nach S\u00fcdamerika verschifft. Seither erkunden wir gemeinsam mit viel Abenteuerlust und Neugierde diesen wundersch\u00f6nen Kontinent.\",\"sameAs\":[\"https:\\\/\\\/roadtales.de\",\"https:\\\/\\\/instagram.com\\\/_roadtales\\\/\"]}]}<\/script>\n<!-- \/ Yoast SEO plugin. -->","yoast_head_json":{"title":"Ecuador Reiseziele \u2013 faszinierende Landschaften und Tierwelt","description":"Erkunde die sch\u00f6nsten Ziele Ecuadors. Von der Pazifikk\u00fcste, den Anden bis zu den Gal\u00e1pagos \u2013 Tipps und Berichte f\u00fcr dein Abenteuer in Ecuador.","robots":{"index":"index","follow":"follow","max-snippet":"max-snippet:-1","max-image-preview":"max-image-preview:large","max-video-preview":"max-video-preview:-1"},"canonical":"https:\/\/roadtales.de\/en\/ecuador-reiseziele\/","og_locale":"en_GB","og_type":"article","og_title":"Ecuador Reiseziele \u2013 faszinierende Landschaften und Tierwelt","og_description":"Erkunde die sch\u00f6nsten Ziele Ecuadors. Von der Pazifikk\u00fcste, den Anden bis zu den Gal\u00e1pagos \u2013 Tipps und Berichte f\u00fcr dein Abenteuer in Ecuador.","og_url":"https:\/\/roadtales.de\/en\/ecuador-reiseziele\/","og_site_name":"Roadtales","article_modified_time":"2025-07-16T09:51:03+00:00","twitter_card":"summary_large_image","twitter_misc":{"Estimated reading time":"1 minute"},"schema":{"@context":"https:\/\/schema.org","@graph":[{"@type":"WebPage","@id":"https:\/\/roadtales.de\/ecuador-reiseziele","url":"https:\/\/roadtales.de\/ecuador-reiseziele","name":"Ecuador Reiseziele \u2013 faszinierende Landschaften und Tierwelt","isPartOf":{"@id":"https:\/\/roadtales.de\/#website"},"datePublished":"2024-12-04T17:27:55+00:00","dateModified":"2025-07-16T09:51:03+00:00","description":"Erkunde die sch\u00f6nsten Ziele Ecuadors. Von der Pazifikk\u00fcste, den Anden bis zu den Gal\u00e1pagos \u2013 Tipps und Berichte f\u00fcr dein Abenteuer in Ecuador.","breadcrumb":{"@id":"https:\/\/roadtales.de\/ecuador-reiseziele#breadcrumb"},"inLanguage":"en-GB","potentialAction":[{"@type":"ReadAction","target":["https:\/\/roadtales.de\/ecuador-reiseziele"]}]},{"@type":"BreadcrumbList","@id":"https:\/\/roadtales.de\/ecuador-reiseziele#breadcrumb","itemListElement":[{"@type":"ListItem","position":1,"name":"Startseite","item":"https:\/\/roadtales.de\/"},{"@type":"ListItem","position":2,"name":"Ecuador"}]},{"@type":"WebSite","@id":"https:\/\/roadtales.de\/#website","url":"https:\/\/roadtales.de\/","name":"Roadtales","description":"Overlanding, Camperausbau &amp; Reiseabenteuer","publisher":{"@id":"https:\/\/roadtales.de\/#\/schema\/person\/1e68636375004def3d491f4977d362d0"},"potentialAction":[{"@type":"SearchAction","target":{"@type":"EntryPoint","urlTemplate":"https:\/\/roadtales.de\/?s={search_term_string}"},"query-input":{"@type":"PropertyValueSpecification","valueRequired":true,"valueName":"search_term_string"}}],"inLanguage":"en-GB"},{"@type":["Person","Organization"],"@id":"https:\/\/roadtales.de\/#\/schema\/person\/1e68636375004def3d491f4977d362d0","name":"Sarah","image":{"@type":"ImageObject","inLanguage":"en-GB","@id":"https:\/\/roadtales.de\/wp-content\/uploads\/2023\/11\/Gotland-Restaurants-Sarah-Roadtales.jpg","url":"https:\/\/roadtales.de\/wp-content\/uploads\/2023\/11\/Gotland-Restaurants-Sarah-Roadtales.jpg","contentUrl":"https:\/\/roadtales.de\/wp-content\/uploads\/2023\/11\/Gotland-Restaurants-Sarah-Roadtales.jpg","width":660,"height":880,"caption":"Sarah"},"logo":{"@id":"https:\/\/roadtales.de\/wp-content\/uploads\/2023\/11\/Gotland-Restaurants-Sarah-Roadtales.jpg"},"description":"I am Sarah. Born in 1990 in the south of Germany, near the Swiss border. After finishing high school, I moved abroad for a year to Lesotho. Between my bachelor's and master's degrees, I traveled through Southeast Asia and eventually completed my master's in Sweden. After a few years in the workforce, I embarked on an adventure with my boyfriend, converting our camper and shipping it to South America. Since then, we have been exploring this beautiful continent together with a lot of adventurous spirit and curiosity.","sameAs":["https:\/\/roadtales.de","https:\/\/instagram.com\/_roadtales\/"]}]}},"jetpack_sharing_enabled":true,"jetpack-related-posts":[{"id":2870,"url":"https:\/\/roadtales.de\/en\/suedamerika-reiseziele","url_meta":{"origin":3187,"position":0},"title":"South America","author":"Sarah","date":"24\/09\/2024","format":false,"excerpt":"Welcome to our South America adventure!","rel":"","context":"Similar post","block_context":{"text":"Similar post","link":""},"img":{"alt_text":"Argentinien Reiseziele","src":"https:\/\/i0.wp.com\/roadtales.de\/wp-content\/uploads\/2024\/09\/Argentinien-Reiseziele-150x150.jpg?resize=350%2C200&ssl=1","width":350,"height":200,"srcset":"https:\/\/i0.wp.com\/roadtales.de\/wp-content\/uploads\/2024\/09\/Argentinien-Reiseziele-150x150.jpg?resize=350%2C200&ssl=1 1x, https:\/\/i0.wp.com\/roadtales.de\/wp-content\/uploads\/2024\/09\/Argentinien-Reiseziele-150x150.jpg?resize=525%2C300&ssl=1 1.5x, https:\/\/i0.wp.com\/roadtales.de\/wp-content\/uploads\/2024\/09\/Argentinien-Reiseziele-150x150.jpg?resize=700%2C400&ssl=1 2x"},"classes":[]},{"id":2893,"url":"https:\/\/roadtales.de\/en\/europa-reiseziele","url_meta":{"origin":3187,"position":1},"title":"Europe","author":"Sarah","date":"24\/09\/2024","format":false,"excerpt":"Welcome to our Europe page!","rel":"","context":"Similar post","block_context":{"text":"Similar post","link":""},"img":{"alt_text":"Montenegro Reiseziele","src":"https:\/\/i0.wp.com\/roadtales.de\/wp-content\/uploads\/2024\/09\/Montenegro-Reiseziele-150x150.jpg?resize=350%2C200&ssl=1","width":350,"height":200,"srcset":"https:\/\/i0.wp.com\/roadtales.de\/wp-content\/uploads\/2024\/09\/Montenegro-Reiseziele-150x150.jpg?resize=350%2C200&ssl=1 1x, https:\/\/i0.wp.com\/roadtales.de\/wp-content\/uploads\/2024\/09\/Montenegro-Reiseziele-150x150.jpg?resize=525%2C300&ssl=1 1.5x, https:\/\/i0.wp.com\/roadtales.de\/wp-content\/uploads\/2024\/09\/Montenegro-Reiseziele-150x150.jpg?resize=700%2C400&ssl=1 2x"},"classes":[]},{"id":2897,"url":"https:\/\/roadtales.de\/en\/argentinien-reisetipps","url_meta":{"origin":3187,"position":2},"title":"Argentina","author":"Sarah","date":"24\/09\/2024","format":false,"excerpt":"","rel":"","context":"Similar post","block_context":{"text":"Similar post","link":""},"img":{"alt_text":"","src":"","width":0,"height":0},"classes":[]},{"id":2901,"url":"https:\/\/roadtales.de\/en\/chile-reiseziele","url_meta":{"origin":3187,"position":3},"title":"Chile","author":"Sarah","date":"24\/09\/2024","format":false,"excerpt":"Chile","rel":"","context":"Similar post","block_context":{"text":"Similar post","link":""},"img":{"alt_text":"","src":"","width":0,"height":0},"classes":[]},{"id":3607,"url":"https:\/\/roadtales.de\/en\/kolumbien-reiseziele","url_meta":{"origin":3187,"position":4},"title":"Columbia","author":"Sarah","date":"30\/06\/2025","format":false,"excerpt":"","rel":"","context":"Similar post","block_context":{"text":"Similar post","link":""},"img":{"alt_text":"","src":"","width":0,"height":0},"classes":[]},{"id":2903,"url":"https:\/\/roadtales.de\/en\/peru-reiseziele","url_meta":{"origin":3187,"position":5},"title":"Peru","author":"Sarah","date":"24\/09\/2024","format":false,"excerpt":"Peru","rel":"","context":"Similar post","block_context":{"text":"Similar post","link":""},"img":{"alt_text":"","src":"","width":0,"height":0},"classes":[]}],"_links":{"self":[{"href":"https:\/\/roadtales.de\/en\/wp-json\/wp\/v2\/pages\/3187","targetHints":{"allow":["GET"]}}],"collection":[{"href":"https:\/\/roadtales.de\/en\/wp-json\/wp\/v2\/pages"}],"about":[{"href":"https:\/\/roadtales.de\/en\/wp-json\/wp\/v2\/types\/page"}],"author":[{"embeddable":true,"href":"https:\/\/roadtales.de\/en\/wp-json\/wp\/v2\/users\/1"}],"replies":[{"embeddable":true,"href":"https:\/\/roadtales.de\/en\/wp-json\/wp\/v2\/comments?post=3187"}],"version-history":[{"count":5,"href":"https:\/\/roadtales.de\/en\/wp-json\/wp\/v2\/pages\/3187\/revisions"}],"predecessor-version":[{"id":3653,"href":"https:\/\/roadtales.de\/en\/wp-json\/wp\/v2\/pages\/3187\/revisions\/3653"}],"wp:attachment":[{"href":"https:\/\/roadtales.de\/en\/wp-json\/wp\/v2\/media?parent=3187"}],"curies":[{"name":"wp","href":"https:\/\/api.w.org\/{rel}","templated":true}]}}