{"id":3528,"date":"2025-05-26T20:54:36","date_gmt":"2025-05-26T18:54:36","guid":{"rendered":"https:\/\/roadtales.de\/?page_id=3528"},"modified":"2025-07-16T11:59:04","modified_gmt":"2025-07-16T09:59:04","slug":"schweiz-reiseziele","status":"publish","type":"page","link":"https:\/\/roadtales.de\/en\/schweiz-reiseziele","title":{"rendered":"Switzerland"},"content":{"rendered":"<div class=\"ts-row blocks cf wpb_row\"><div class=\"wpb_column vc_column_container vc_col-sm-12 col-12\"><div class=\"vc_column-inner\"><div class=\"wpb_wrapper\">\n\t<div class=\"wpb_text_column wpb_content_element post-content\">\n\t\t<div class=\"wpb_wrapper\">\n\t\t\t<h2>Switzerland<\/h2>\n\n\t\t<\/div>\n\t<\/div>\n<\/div><\/div><\/div><div class=\"wpb_column vc_column_container vc_col-sm-12 col-12\"><div class=\"vc_column-inner\"><div class=\"wpb_wrapper\">\n\t<div class=\"wpb_text_column wpb_content_element post-content\">\n\t\t<div class=\"wpb_wrapper\">\n\t\t\t\n\t\t<\/div>\n\t<\/div>\n<\/div><\/div><\/div><\/div><div class=\"ts-row blocks cf wpb_row\"><div class=\"wpb_column vc_column_container vc_col-sm-12 col-12\"><div class=\"vc_column-inner\"><div class=\"wpb_wrapper\">\n\t<section class=\"cf block loop-grid-3\" data-id=\"p-1\">\n\t\n\t\t\n\t\t\t\t\t\n\t\t\t<div class=\"block-head block-head-b\">\n\t\t\t\t<h4 class=\"title\"><a href=\"https:\/\/roadtales.de\/en\/category\/reiseziele\/europa\/schweiz\">Newest Switzerland posts<\/a><\/h4>\n\t\t\t\t\n\t\t\t\t\t\t\t\n\t\t\t<\/div>\t\n\t\t\t\n\t\t\n\t\t\t\t\n\t\t\t\t\n\t\t<div class=\"block-content\">\n\t\t\n\t<div class=\"posts-dynamic posts-container ts-row grid count-0 is-mixed has-grid-3 masonry\">\n\t\t\t\n\t\t\t\t\t\n\t\t\t\t\t\t\n\t\t\t\t\t\t\t\n\t\t\t\t\t\t\t\t\n\t\t\t\t<div class=\"posts-wrap\">\t\t\t\t\n\t\t\t\t\t\t\n\t\t\t\t\t\t\n\t\t\t\t\t\t\t\t\n\t\t\t\t\t<div class=\"column col-4\">\t\n\t\t\t\t\t\t\n<article id=\"post-3493\" class=\"grid-post post-3493 post type-post status-publish format-standard has-post-thumbnail category-europa category-schweiz tag-reisebericht tag-reisetipps tag-staedtereise no-excerpt grid-post-c3 grid-post-c\">\n\n\n\t<div class=\"post-thumb\">\n\t\t\n\t\t<a href=\"https:\/\/roadtales.de\/en\/basel-sehenswuerdigkeiten\" class=\"image-link media-ratio bg-ratio\"style=\"--a-ratio: 1.5006501950585\"><span data-bgsrc=\"https:\/\/roadtales.de\/wp-content\/uploads\/2025\/05\/Weiter-Platz-mit-alten-herrschaftlichen-Haeusern-und-einer-Strassenlaterne-und-Mann-auf-einem-Fahrrad-im-Vordergrund-768x512.jpg\" class=\"img bg-cover wp-post-image attachment-cheerup-768 size-cheerup-768\" role=\"img\" data-bgset=\"https:\/\/roadtales.de\/wp-content\/uploads\/2025\/05\/Weiter-Platz-mit-alten-herrschaftlichen-Haeusern-und-einer-Strassenlaterne-und-Mann-auf-einem-Fahrrad-im-Vordergrund-768x512.jpg 768w, https:\/\/roadtales.de\/wp-content\/uploads\/2025\/05\/Weiter-Platz-mit-alten-herrschaftlichen-Haeusern-und-einer-Strassenlaterne-und-Mann-auf-einem-Fahrrad-im-Vordergrund-300x200.jpg 300w, https:\/\/roadtales.de\/wp-content\/uploads\/2025\/05\/Weiter-Platz-mit-alten-herrschaftlichen-Haeusern-und-einer-Strassenlaterne-und-Mann-auf-einem-Fahrrad-im-Vordergrund-1024x682.jpg 1024w, https:\/\/roadtales.de\/wp-content\/uploads\/2025\/05\/Weiter-Platz-mit-alten-herrschaftlichen-Haeusern-und-einer-Strassenlaterne-und-Mann-auf-einem-Fahrrad-im-Vordergrund-18x12.jpg 18w, https:\/\/roadtales.de\/wp-content\/uploads\/2025\/05\/Weiter-Platz-mit-alten-herrschaftlichen-Haeusern-und-einer-Strassenlaterne-und-Mann-auf-einem-Fahrrad-im-Vordergrund-175x117.jpg 175w, https:\/\/roadtales.de\/wp-content\/uploads\/2025\/05\/Weiter-Platz-mit-alten-herrschaftlichen-Haeusern-und-einer-Strassenlaterne-und-Mann-auf-einem-Fahrrad-im-Vordergrund-450x300.jpg 450w, https:\/\/roadtales.de\/wp-content\/uploads\/2025\/05\/Weiter-Platz-mit-alten-herrschaftlichen-Haeusern-und-einer-Strassenlaterne-und-Mann-auf-einem-Fahrrad-im-Vordergrund-270x180.jpg 270w, https:\/\/roadtales.de\/wp-content\/uploads\/2025\/05\/Weiter-Platz-mit-alten-herrschaftlichen-Haeusern-und-einer-Strassenlaterne-und-Mann-auf-einem-Fahrrad-im-Vordergrund.jpg 1154w\" data-sizes=\"(max-width: 370px) 100vw, 370px\" aria-label=\"Weiter Platz mit alten herrschaftlichen haeusern und einer strassenlaterne und mann auf einem fahrrad im vordergrund\" data-ratio=\"1.5006501950585\"><\/span><\/a>\n\t\t\n\t\t\n\t\t\t\t\n\t<\/div>\n\t\t\n\t\t<div class=\"content-wrap\">\n\t\t\t<div class=\"meta-title\">\n\t\t\n\t\t\t<div class=\"post-meta post-meta-b post-meta-center has-below\"><div class=\"meta-above\"><span class=\"post-cat\">\n\t\t\t\t\t\t\n\t\t\t\t\t\t<a href=\"https:\/\/roadtales.de\/en\/category\/reiseziele\/europa\" class=\"category\" rel=\"category\">Europe<\/a> <a href=\"https:\/\/roadtales.de\/en\/category\/reiseziele\/europa\/schweiz\" class=\"category\" rel=\"category\">Switzerland<\/a>\n\t\t\t\t\t<\/span>\n\t\t\t\t\t<\/div><h2 class=\"is-title post-title-alt\"><a href=\"https:\/\/roadtales.de\/en\/basel-sehenswuerdigkeiten\">Basel Attractions: Tips and Highlights for Your City Trip<\/a><\/h2><div class=\"below meta-below\"><a href=\"https:\/\/roadtales.de\/en\/basel-sehenswuerdigkeiten\" class=\"meta-item date-link\">\n\t\t\t\t\t\t<time class=\"post-date\" datetime=\"2025-05-26T20:37:57+02:00\">26\/05\/2025<\/time>\n\t\t\t\t\t<\/a><\/div><\/div>\t\t\n\t\t<\/div>\n\n\t\t\t\t\n\t\t\t\t\t\n\t\t\t<a href=\"https:\/\/roadtales.de\/en\/basel-sehenswuerdigkeiten\" class=\"read-more-link read-more-btn\">\n\t\t\t\tTo the article\t\t\t<\/a>\n\n\t\t\n\t\t\n\t<\/div>\n\t\t\n<\/article>\n\t\t\t\t\t<\/div>\n\t\t\t\t\t\n\t\t\t\t\t\t\t\t\t\n\t\t\t\t\t\t\n\t\t\t\t\n\t\t<\/div>\n\t<\/div>\n\t\n\t\n\t\t\t<\/div>\n\t\n\t<\/section>\n\n<\/div><\/div><\/div><\/div>","protected":false},"excerpt":{"rendered":"Basel, die charmante Kulturstadt am Dreil\u00e4ndereck, \u00fcberrascht mit ihrer einzigartigen Mischung aus mittelalterlichem Flair und modernem Kulturleben. Basel ist mit seiner pittoresken Altstadt mit ihren verwinkelten Gassen, dem imposanten M\u00fcnster und Rathaus sowie seinen weltber\u00fchmten Museen ein wirkliches Juwel der Schweiz. Und dann ist da noch dieser besondere Sommerzauber: Wenn die Basler sich den Rhein","protected":false},"author":1,"featured_media":0,"parent":0,"menu_order":0,"comment_status":"closed","ping_status":"closed","template":"page-blocks.php","meta":{"slim_seo":{"title":"Basel Sehensw\u00fcrdigkeiten: Tipps und Highlights f\u00fcr deinen St\u00e4dtetrip - Roadtales","description":"Basel, die charmante Kulturstadt am Dreil\u00e4ndereck , \u00fcberrascht mit ihrer einzigartigen Mischung aus mittelalterlichem Flair und modernem Kulturleben. Basel ist"},"footnotes":""},"class_list":["post-3528","page","type-page","status-publish"],"yoast_head":"<!-- This site is optimized with the Yoast SEO plugin v27.5 - https:\/\/yoast.com\/product\/yoast-seo-wordpress\/ -->\n<title>Reiseziele Schweiz \u2013 Natur erleben, Kultur entdecken &amp; Tipps<\/title>\n<meta name=\"description\" content=\"Entdecke die sch\u00f6nsten Reiseziele der Schweiz \u2013 von alpiner Natur bis zu kulturellen Highlights. Tipps &amp; Inspiration f\u00fcr die n\u00e4chste Reise\" \/>\n<meta name=\"robots\" content=\"index, follow, max-snippet:-1, max-image-preview:large, max-video-preview:-1\" \/>\n<link rel=\"canonical\" href=\"https:\/\/roadtales.de\/en\/schweiz-reiseziele\/\" \/>\n<meta property=\"og:locale\" content=\"en_GB\" \/>\n<meta property=\"og:type\" content=\"article\" \/>\n<meta property=\"og:title\" content=\"Reiseziele Schweiz \u2013 Natur erleben, Kultur entdecken &amp; Tipps\" \/>\n<meta property=\"og:description\" content=\"Entdecke die sch\u00f6nsten Reiseziele der Schweiz \u2013 von alpiner Natur bis zu kulturellen Highlights. Tipps &amp; Inspiration f\u00fcr die n\u00e4chste Reise\" \/>\n<meta property=\"og:url\" content=\"https:\/\/roadtales.de\/en\/schweiz-reiseziele\/\" \/>\n<meta property=\"og:site_name\" content=\"Roadtales\" \/>\n<meta property=\"article:modified_time\" content=\"2025-07-16T09:59:04+00:00\" \/>\n<meta name=\"twitter:card\" content=\"summary_large_image\" \/>\n<meta name=\"twitter:label1\" content=\"Estimated reading time\" \/>\n\t<meta name=\"twitter:data1\" content=\"1 minute\" \/>\n<script type=\"application\/ld+json\" class=\"yoast-schema-graph\">{\"@context\":\"https:\\\/\\\/schema.org\",\"@graph\":[{\"@type\":\"WebPage\",\"@id\":\"https:\\\/\\\/roadtales.de\\\/schweiz-reiseziele\",\"url\":\"https:\\\/\\\/roadtales.de\\\/schweiz-reiseziele\",\"name\":\"Reiseziele Schweiz \u2013 Natur erleben, Kultur entdecken & Tipps\",\"isPartOf\":{\"@id\":\"https:\\\/\\\/roadtales.de\\\/#website\"},\"datePublished\":\"2025-05-26T18:54:36+00:00\",\"dateModified\":\"2025-07-16T09:59:04+00:00\",\"description\":\"Entdecke die sch\u00f6nsten Reiseziele der Schweiz \u2013 von alpiner Natur bis zu kulturellen Highlights. Tipps & Inspiration f\u00fcr die n\u00e4chste Reise\",\"breadcrumb\":{\"@id\":\"https:\\\/\\\/roadtales.de\\\/schweiz-reiseziele#breadcrumb\"},\"inLanguage\":\"en-GB\",\"potentialAction\":[{\"@type\":\"ReadAction\",\"target\":[\"https:\\\/\\\/roadtales.de\\\/schweiz-reiseziele\"]}]},{\"@type\":\"BreadcrumbList\",\"@id\":\"https:\\\/\\\/roadtales.de\\\/schweiz-reiseziele#breadcrumb\",\"itemListElement\":[{\"@type\":\"ListItem\",\"position\":1,\"name\":\"Startseite\",\"item\":\"https:\\\/\\\/roadtales.de\\\/\"},{\"@type\":\"ListItem\",\"position\":2,\"name\":\"Schweiz\"}]},{\"@type\":\"WebSite\",\"@id\":\"https:\\\/\\\/roadtales.de\\\/#website\",\"url\":\"https:\\\/\\\/roadtales.de\\\/\",\"name\":\"Roadtales\",\"description\":\"Overlanding, Camperausbau &amp; Reiseabenteuer\",\"publisher\":{\"@id\":\"https:\\\/\\\/roadtales.de\\\/#\\\/schema\\\/person\\\/1e68636375004def3d491f4977d362d0\"},\"potentialAction\":[{\"@type\":\"SearchAction\",\"target\":{\"@type\":\"EntryPoint\",\"urlTemplate\":\"https:\\\/\\\/roadtales.de\\\/?s={search_term_string}\"},\"query-input\":{\"@type\":\"PropertyValueSpecification\",\"valueRequired\":true,\"valueName\":\"search_term_string\"}}],\"inLanguage\":\"en-GB\"},{\"@type\":[\"Person\",\"Organization\"],\"@id\":\"https:\\\/\\\/roadtales.de\\\/#\\\/schema\\\/person\\\/1e68636375004def3d491f4977d362d0\",\"name\":\"Sarah\",\"image\":{\"@type\":\"ImageObject\",\"inLanguage\":\"en-GB\",\"@id\":\"https:\\\/\\\/roadtales.de\\\/wp-content\\\/uploads\\\/2023\\\/11\\\/Gotland-Restaurants-Sarah-Roadtales.jpg\",\"url\":\"https:\\\/\\\/roadtales.de\\\/wp-content\\\/uploads\\\/2023\\\/11\\\/Gotland-Restaurants-Sarah-Roadtales.jpg\",\"contentUrl\":\"https:\\\/\\\/roadtales.de\\\/wp-content\\\/uploads\\\/2023\\\/11\\\/Gotland-Restaurants-Sarah-Roadtales.jpg\",\"width\":660,\"height\":880,\"caption\":\"Sarah\"},\"logo\":{\"@id\":\"https:\\\/\\\/roadtales.de\\\/wp-content\\\/uploads\\\/2023\\\/11\\\/Gotland-Restaurants-Sarah-Roadtales.jpg\"},\"description\":\"Ich bin Sarah. Geboren 1990 im S\u00fcden von Deutschland an der Grenze zur Schweiz. Nach dem Abi hat es mich ins Ausland gezogen f\u00fcr ein Jahr nach Lesotho. Zwischen Bachelor uns Master war ich dann in S\u00fcdostasien reisen und habe meinen Master schlussendlich in Schweden gemacht. Nach einigen Jahren im Berufsleben, habe ich mich dann in ein Abenteuer gewagt und habe mit meinem Freund unseren Camper ausgebaut und nach S\u00fcdamerika verschifft. Seither erkunden wir gemeinsam mit viel Abenteuerlust und Neugierde diesen wundersch\u00f6nen Kontinent.\",\"sameAs\":[\"https:\\\/\\\/roadtales.de\",\"https:\\\/\\\/instagram.com\\\/_roadtales\\\/\"]}]}<\/script>\n<!-- \/ Yoast SEO plugin. -->","yoast_head_json":{"title":"Reiseziele Schweiz \u2013 Natur erleben, Kultur entdecken & Tipps","description":"Entdecke die sch\u00f6nsten Reiseziele der Schweiz \u2013 von alpiner Natur bis zu kulturellen Highlights. Tipps & Inspiration f\u00fcr die n\u00e4chste Reise","robots":{"index":"index","follow":"follow","max-snippet":"max-snippet:-1","max-image-preview":"max-image-preview:large","max-video-preview":"max-video-preview:-1"},"canonical":"https:\/\/roadtales.de\/en\/schweiz-reiseziele\/","og_locale":"en_GB","og_type":"article","og_title":"Reiseziele Schweiz \u2013 Natur erleben, Kultur entdecken & Tipps","og_description":"Entdecke die sch\u00f6nsten Reiseziele der Schweiz \u2013 von alpiner Natur bis zu kulturellen Highlights. Tipps & Inspiration f\u00fcr die n\u00e4chste Reise","og_url":"https:\/\/roadtales.de\/en\/schweiz-reiseziele\/","og_site_name":"Roadtales","article_modified_time":"2025-07-16T09:59:04+00:00","twitter_card":"summary_large_image","twitter_misc":{"Estimated reading time":"1 minute"},"schema":{"@context":"https:\/\/schema.org","@graph":[{"@type":"WebPage","@id":"https:\/\/roadtales.de\/schweiz-reiseziele","url":"https:\/\/roadtales.de\/schweiz-reiseziele","name":"Reiseziele Schweiz \u2013 Natur erleben, Kultur entdecken & Tipps","isPartOf":{"@id":"https:\/\/roadtales.de\/#website"},"datePublished":"2025-05-26T18:54:36+00:00","dateModified":"2025-07-16T09:59:04+00:00","description":"Entdecke die sch\u00f6nsten Reiseziele der Schweiz \u2013 von alpiner Natur bis zu kulturellen Highlights. Tipps & Inspiration f\u00fcr die n\u00e4chste Reise","breadcrumb":{"@id":"https:\/\/roadtales.de\/schweiz-reiseziele#breadcrumb"},"inLanguage":"en-GB","potentialAction":[{"@type":"ReadAction","target":["https:\/\/roadtales.de\/schweiz-reiseziele"]}]},{"@type":"BreadcrumbList","@id":"https:\/\/roadtales.de\/schweiz-reiseziele#breadcrumb","itemListElement":[{"@type":"ListItem","position":1,"name":"Startseite","item":"https:\/\/roadtales.de\/"},{"@type":"ListItem","position":2,"name":"Schweiz"}]},{"@type":"WebSite","@id":"https:\/\/roadtales.de\/#website","url":"https:\/\/roadtales.de\/","name":"Roadtales","description":"Overlanding, Camperausbau &amp; Reiseabenteuer","publisher":{"@id":"https:\/\/roadtales.de\/#\/schema\/person\/1e68636375004def3d491f4977d362d0"},"potentialAction":[{"@type":"SearchAction","target":{"@type":"EntryPoint","urlTemplate":"https:\/\/roadtales.de\/?s={search_term_string}"},"query-input":{"@type":"PropertyValueSpecification","valueRequired":true,"valueName":"search_term_string"}}],"inLanguage":"en-GB"},{"@type":["Person","Organization"],"@id":"https:\/\/roadtales.de\/#\/schema\/person\/1e68636375004def3d491f4977d362d0","name":"Sarah","image":{"@type":"ImageObject","inLanguage":"en-GB","@id":"https:\/\/roadtales.de\/wp-content\/uploads\/2023\/11\/Gotland-Restaurants-Sarah-Roadtales.jpg","url":"https:\/\/roadtales.de\/wp-content\/uploads\/2023\/11\/Gotland-Restaurants-Sarah-Roadtales.jpg","contentUrl":"https:\/\/roadtales.de\/wp-content\/uploads\/2023\/11\/Gotland-Restaurants-Sarah-Roadtales.jpg","width":660,"height":880,"caption":"Sarah"},"logo":{"@id":"https:\/\/roadtales.de\/wp-content\/uploads\/2023\/11\/Gotland-Restaurants-Sarah-Roadtales.jpg"},"description":"I am Sarah. Born in 1990 in the south of Germany, near the Swiss border. After finishing high school, I moved abroad for a year to Lesotho. Between my bachelor's and master's degrees, I traveled through Southeast Asia and eventually completed my master's in Sweden. After a few years in the workforce, I embarked on an adventure with my boyfriend, converting our camper and shipping it to South America. Since then, we have been exploring this beautiful continent together with a lot of adventurous spirit and curiosity.","sameAs":["https:\/\/roadtales.de","https:\/\/instagram.com\/_roadtales\/"]}]}},"jetpack_sharing_enabled":true,"jetpack-related-posts":[{"id":2893,"url":"https:\/\/roadtales.de\/en\/europa-reiseziele","url_meta":{"origin":3528,"position":0},"title":"Europe","author":"Sarah","date":"24\/09\/2024","format":false,"excerpt":"Welcome to our Europe page!","rel":"","context":"Similar post","block_context":{"text":"Similar post","link":""},"img":{"alt_text":"Montenegro Reiseziele","src":"https:\/\/i0.wp.com\/roadtales.de\/wp-content\/uploads\/2024\/09\/Montenegro-Reiseziele-150x150.jpg?resize=350%2C200&ssl=1","width":350,"height":200,"srcset":"https:\/\/i0.wp.com\/roadtales.de\/wp-content\/uploads\/2024\/09\/Montenegro-Reiseziele-150x150.jpg?resize=350%2C200&ssl=1 1x, https:\/\/i0.wp.com\/roadtales.de\/wp-content\/uploads\/2024\/09\/Montenegro-Reiseziele-150x150.jpg?resize=525%2C300&ssl=1 1.5x, https:\/\/i0.wp.com\/roadtales.de\/wp-content\/uploads\/2024\/09\/Montenegro-Reiseziele-150x150.jpg?resize=700%2C400&ssl=1 2x"},"classes":[]},{"id":2897,"url":"https:\/\/roadtales.de\/en\/argentinien-reisetipps","url_meta":{"origin":3528,"position":1},"title":"Argentina","author":"Sarah","date":"24\/09\/2024","format":false,"excerpt":"","rel":"","context":"Similar post","block_context":{"text":"Similar post","link":""},"img":{"alt_text":"","src":"","width":0,"height":0},"classes":[]},{"id":2901,"url":"https:\/\/roadtales.de\/en\/chile-reiseziele","url_meta":{"origin":3528,"position":2},"title":"Chile","author":"Sarah","date":"24\/09\/2024","format":false,"excerpt":"Chile","rel":"","context":"Similar post","block_context":{"text":"Similar post","link":""},"img":{"alt_text":"","src":"","width":0,"height":0},"classes":[]},{"id":211,"url":"https:\/\/roadtales.de\/en\/reiseziele-weltweit","url_meta":{"origin":3528,"position":3},"title":"Travel Destinations","author":"Sarah","date":"19\/05\/2022","format":false,"excerpt":"","rel":"","context":"Similar post","block_context":{"text":"Similar post","link":""},"img":{"alt_text":"","src":"","width":0,"height":0},"classes":[]},{"id":2903,"url":"https:\/\/roadtales.de\/en\/peru-reiseziele","url_meta":{"origin":3528,"position":4},"title":"Peru","author":"Sarah","date":"24\/09\/2024","format":false,"excerpt":"Peru","rel":"","context":"Similar post","block_context":{"text":"Similar post","link":""},"img":{"alt_text":"","src":"","width":0,"height":0},"classes":[]},{"id":2899,"url":"https:\/\/roadtales.de\/en\/bolivien-reiseziele","url_meta":{"origin":3528,"position":5},"title":"Bolivia","author":"Sarah","date":"24\/09\/2024","format":false,"excerpt":"Bolivia","rel":"","context":"Similar post","block_context":{"text":"Similar post","link":""},"img":{"alt_text":"","src":"","width":0,"height":0},"classes":[]}],"_links":{"self":[{"href":"https:\/\/roadtales.de\/en\/wp-json\/wp\/v2\/pages\/3528","targetHints":{"allow":["GET"]}}],"collection":[{"href":"https:\/\/roadtales.de\/en\/wp-json\/wp\/v2\/pages"}],"about":[{"href":"https:\/\/roadtales.de\/en\/wp-json\/wp\/v2\/types\/page"}],"author":[{"embeddable":true,"href":"https:\/\/roadtales.de\/en\/wp-json\/wp\/v2\/users\/1"}],"replies":[{"embeddable":true,"href":"https:\/\/roadtales.de\/en\/wp-json\/wp\/v2\/comments?post=3528"}],"version-history":[{"count":3,"href":"https:\/\/roadtales.de\/en\/wp-json\/wp\/v2\/pages\/3528\/revisions"}],"predecessor-version":[{"id":3657,"href":"https:\/\/roadtales.de\/en\/wp-json\/wp\/v2\/pages\/3528\/revisions\/3657"}],"wp:attachment":[{"href":"https:\/\/roadtales.de\/en\/wp-json\/wp\/v2\/media?parent=3528"}],"curies":[{"name":"wp","href":"https:\/\/api.w.org\/{rel}","templated":true}]}}