{"id":3607,"date":"2025-06-30T16:54:54","date_gmt":"2025-06-30T14:54:54","guid":{"rendered":"https:\/\/roadtales.de\/?page_id=3607"},"modified":"2025-07-16T12:58:39","modified_gmt":"2025-07-16T10:58:39","slug":"kolumbien-reiseziele","status":"publish","type":"page","link":"https:\/\/roadtales.de\/en\/kolumbien-reiseziele","title":{"rendered":"Columbia"},"content":{"rendered":"<div class=\"ts-row blocks cf wpb_row\"><div class=\"wpb_column vc_column_container vc_col-sm-12 col-12\"><div class=\"vc_column-inner\"><div class=\"wpb_wrapper\">\n\t<div class=\"wpb_text_column wpb_content_element post-content\">\n\t\t<div class=\"wpb_wrapper\">\n\t\t\t<h2>Columbia<\/h2>\n\n\t\t<\/div>\n\t<\/div>\n<\/div><\/div><\/div><\/div><div class=\"ts-row blocks cf wpb_row\"><div class=\"wpb_column vc_column_container vc_col-sm-12 col-12\"><div class=\"vc_column-inner\"><div class=\"wpb_wrapper\">\n\t<div class=\"wpb_text_column wpb_content_element post-content\">\n\t\t<div class=\"wpb_wrapper\">\n\t\t\t<p>Colombia - a country full of diversity and contrasts. From the Caribbean beaches to the majestic Andes and the lush Amazon rainforest. Colombia impressed us deeply with its stunning range of landscapes. Besides that, you\u2019ll find an exciting culture, warm hearted people, and a whole bunch of beautiful towns and cities. In our travel reports, we take you to the most beautiful places, show you exciting activities, and give you practical tips for your adventure in Colombia. Discover the most beautiful destinations in Colombia with us.<\/p>\n\n\t\t<\/div>\n\t<\/div>\n<\/div><\/div><\/div><\/div><div class=\"ts-row blocks cf wpb_row\"><div class=\"wpb_column vc_column_container vc_col-sm-12 col-12\"><div class=\"vc_column-inner\"><div class=\"wpb_wrapper\">\n\t<section class=\"cf block loop-grid-3\" data-id=\"p-1\">\n\t\n\t\t\n\t\t\t\t\t\n\t\t\t<div class=\"block-head block-head-b\">\n\t\t\t\t<h4 class=\"title\"><a href=\"https:\/\/roadtales.de\/en\/category\/reiseziele\/suedamerika\/kolumbien\">Newest Columbia Posts<\/a><\/h4>\n\t\t\t\t\n\t\t\t\t\t\t\t\t\t<a href=\"https:\/\/roadtales.de\/en\/category\/reiseziele\/suedamerika\/kolumbien\" class=\"view-all\">Show all<\/a>\n\t\t\t\t\t\t\t\n\t\t\t<\/div>\t\n\t\t\t\n\t\t\n\t\t\t\t\n\t\t\t\t\n\t\t<div class=\"block-content\">\n\t\t\n\t<div class=\"posts-dynamic posts-container ts-row grid count-0 is-mixed has-grid-3 masonry\">\n\t\t\t\n\t\t\t\t\t\n\t\t\t\t\t\t\n\t\t\t\t\t\t\t\n\t\t\t\t\t\t\t\t\n\t\t\t\t<div class=\"posts-wrap\">\t\t\t\t\n\t\t\t\t\t\t\n\t\t\t\t\t\t\n\t\t\t\t\t\t\t\t\n\t\t\t\t\t<div class=\"column col-4\">\t\n\t\t\t\t\t\t\n<article id=\"post-3980\" class=\"grid-post post-3980 post type-post status-publish format-standard has-post-thumbnail category-kolumbien category-suedamerika tag-geheimtipp tag-panamericana tag-reisebericht tag-reisetipps no-excerpt grid-post-c3 grid-post-c\">\n\n\n\t<div class=\"post-thumb\">\n\t\t\n\t\t<a href=\"https:\/\/roadtales.de\/en\/jardin-kolumbien-sehenswurdigkeiten\" class=\"image-link media-ratio bg-ratio\"style=\"--a-ratio: 1.499493414387\"><span data-bgsrc=\"https:\/\/roadtales.de\/wp-content\/uploads\/2026\/03\/Bunte-Kolonialarchitektur-in-Jardin-de-Antioquia-Kolumbien-768x512.jpg\" class=\"img bg-cover wp-post-image attachment-cheerup-768 size-cheerup-768\" role=\"img\" data-bgset=\"https:\/\/roadtales.de\/wp-content\/uploads\/2026\/03\/Bunte-Kolonialarchitektur-in-Jardin-de-Antioquia-Kolumbien-768x512.jpg 768w, https:\/\/roadtales.de\/wp-content\/uploads\/2026\/03\/Bunte-Kolonialarchitektur-in-Jardin-de-Antioquia-Kolumbien-300x200.jpg 300w, https:\/\/roadtales.de\/wp-content\/uploads\/2026\/03\/Bunte-Kolonialarchitektur-in-Jardin-de-Antioquia-Kolumbien-1024x683.jpg 1024w, https:\/\/roadtales.de\/wp-content\/uploads\/2026\/03\/Bunte-Kolonialarchitektur-in-Jardin-de-Antioquia-Kolumbien-18x12.jpg 18w, https:\/\/roadtales.de\/wp-content\/uploads\/2026\/03\/Bunte-Kolonialarchitektur-in-Jardin-de-Antioquia-Kolumbien-175x117.jpg 175w, https:\/\/roadtales.de\/wp-content\/uploads\/2026\/03\/Bunte-Kolonialarchitektur-in-Jardin-de-Antioquia-Kolumbien-450x300.jpg 450w, https:\/\/roadtales.de\/wp-content\/uploads\/2026\/03\/Bunte-Kolonialarchitektur-in-Jardin-de-Antioquia-Kolumbien-1170x780.jpg 1170w, https:\/\/roadtales.de\/wp-content\/uploads\/2026\/03\/Bunte-Kolonialarchitektur-in-Jardin-de-Antioquia-Kolumbien-270x180.jpg 270w, https:\/\/roadtales.de\/wp-content\/uploads\/2026\/03\/Bunte-Kolonialarchitektur-in-Jardin-de-Antioquia-Kolumbien.jpg 1480w\" data-sizes=\"(max-width: 370px) 100vw, 370px\" aria-label=\"Colorful colonial architecture in Jard\u00edn de Antioquia, Colombia\" data-ratio=\"1.499493414387\"><\/span><\/a>\n\t\t\n\t\t\n\t\t\t\t\n\t<\/div>\n\t\t\n\t\t<div class=\"content-wrap\">\n\t\t\t<div class=\"meta-title\">\n\t\t\n\t\t\t<div class=\"post-meta post-meta-b post-meta-center has-below\"><div class=\"meta-above\"><span class=\"post-cat\">\n\t\t\t\t\t\t\n\t\t\t\t\t\t<a href=\"https:\/\/roadtales.de\/en\/category\/reiseziele\/suedamerika\/kolumbien\" class=\"category\" rel=\"category\">Columbia<\/a> <a href=\"https:\/\/roadtales.de\/en\/category\/reiseziele\/suedamerika\" class=\"category\" rel=\"category\">South America<\/a>\n\t\t\t\t\t<\/span>\n\t\t\t\t\t<\/div><h2 class=\"is-title post-title-alt\"><a href=\"https:\/\/roadtales.de\/en\/jardin-kolumbien-sehenswurdigkeiten\">Jard\u00edn Colombia: The most beautiful sights &amp; tips for your visit<\/a><\/h2><div class=\"below meta-below\"><a href=\"https:\/\/roadtales.de\/en\/jardin-kolumbien-sehenswurdigkeiten\" class=\"meta-item date-link\">\n\t\t\t\t\t\t<time class=\"post-date\" datetime=\"2026-03-31T17:29:02+02:00\">31\/03\/2026<\/time>\n\t\t\t\t\t<\/a><\/div><\/div>\t\t\n\t\t<\/div>\n\n\t\t\t\t\n\t\t\t\t\t\n\t\t\t<a href=\"https:\/\/roadtales.de\/en\/jardin-kolumbien-sehenswurdigkeiten\" class=\"read-more-link read-more-btn\">\n\t\t\t\tTo the article\t\t\t<\/a>\n\n\t\t\n\t\t\n\t<\/div>\n\t\t\n<\/article>\n\t\t\t\t\t<\/div>\n\t\t\t\t\t\n\t\t\t\t\t\t\t\t\t\n\t\t\t\t\t\t\n\t\t\t\t\t\n\t\t\t\t\t\t\n\t\t\t\t\t\t\n\t\t\t\t\t\t\t\t\n\t\t\t\t\t<div class=\"column col-4\">\t\n\t\t\t\t\t\t\n<article id=\"post-3972\" class=\"grid-post post-3972 post type-post status-publish format-standard has-post-thumbnail category-kolumbien category-suedamerika tag-reisebericht tag-tierbeobachtung no-excerpt grid-post-c3 grid-post-c\">\n\n\n\t<div class=\"post-thumb\">\n\t\t\n\t\t<a href=\"https:\/\/roadtales.de\/en\/felsenhahn-in-jardin-kolumbien\" class=\"image-link media-ratio bg-ratio\"style=\"--a-ratio: 1.5\"><span data-bgsrc=\"https:\/\/roadtales.de\/wp-content\/uploads\/2026\/03\/Andenfelsenhahn-Kolumbien-Jardin-de-Antioquia-768x512.jpg\" class=\"img bg-cover wp-post-image attachment-cheerup-768 size-cheerup-768\" role=\"img\" data-bgset=\"https:\/\/roadtales.de\/wp-content\/uploads\/2026\/03\/Andenfelsenhahn-Kolumbien-Jardin-de-Antioquia-768x512.jpg 768w, https:\/\/roadtales.de\/wp-content\/uploads\/2026\/03\/Andenfelsenhahn-Kolumbien-Jardin-de-Antioquia-300x200.jpg 300w, https:\/\/roadtales.de\/wp-content\/uploads\/2026\/03\/Andenfelsenhahn-Kolumbien-Jardin-de-Antioquia-18x12.jpg 18w, https:\/\/roadtales.de\/wp-content\/uploads\/2026\/03\/Andenfelsenhahn-Kolumbien-Jardin-de-Antioquia-175x117.jpg 175w, https:\/\/roadtales.de\/wp-content\/uploads\/2026\/03\/Andenfelsenhahn-Kolumbien-Jardin-de-Antioquia-450x300.jpg 450w, https:\/\/roadtales.de\/wp-content\/uploads\/2026\/03\/Andenfelsenhahn-Kolumbien-Jardin-de-Antioquia-270x180.jpg 270w, https:\/\/roadtales.de\/wp-content\/uploads\/2026\/03\/Andenfelsenhahn-Kolumbien-Jardin-de-Antioquia.jpg 846w\" data-sizes=\"(max-width: 370px) 100vw, 370px\" aria-label=\"Andean Cock-of-the-rock Colombia Jardin de Antioquia\" data-ratio=\"1.5\"><\/span><\/a>\n\t\t\n\t\t\n\t\t\t\t\n\t<\/div>\n\t\t\n\t\t<div class=\"content-wrap\">\n\t\t\t<div class=\"meta-title\">\n\t\t\n\t\t\t<div class=\"post-meta post-meta-b post-meta-center has-below\"><div class=\"meta-above\"><span class=\"post-cat\">\n\t\t\t\t\t\t\n\t\t\t\t\t\t<a href=\"https:\/\/roadtales.de\/en\/category\/reiseziele\/suedamerika\/kolumbien\" class=\"category\" rel=\"category\">Columbia<\/a> <a href=\"https:\/\/roadtales.de\/en\/category\/reiseziele\/suedamerika\" class=\"category\" rel=\"category\">South America<\/a>\n\t\t\t\t\t<\/span>\n\t\t\t\t\t<\/div><h2 class=\"is-title post-title-alt\"><a href=\"https:\/\/roadtales.de\/en\/felsenhahn-in-jardin-kolumbien\">Observe the Andean Cock-of-the-Rock in Jard\u00edn Colombia \u2013 best time, costs &amp; tips<\/a><\/h2><div class=\"below meta-below\"><a href=\"https:\/\/roadtales.de\/en\/felsenhahn-in-jardin-kolumbien\" class=\"meta-item date-link\">\n\t\t\t\t\t\t<time class=\"post-date\" datetime=\"2026-03-24T21:31:47+01:00\">24\/03\/2026<\/time>\n\t\t\t\t\t<\/a><\/div><\/div>\t\t\n\t\t<\/div>\n\n\t\t\t\t\n\t\t\t\t\t\n\t\t\t<a href=\"https:\/\/roadtales.de\/en\/felsenhahn-in-jardin-kolumbien\" class=\"read-more-link read-more-btn\">\n\t\t\t\tTo the article\t\t\t<\/a>\n\n\t\t\n\t\t\n\t<\/div>\n\t\t\n<\/article>\n\t\t\t\t\t<\/div>\n\t\t\t\t\t\n\t\t\t\t\t\t\t\t\t\n\t\t\t\t\t\t\n\t\t\t\t\t\n\t\t\t\t\t\t\n\t\t\t\t\t\t\n\t\t\t\t\t\t\t\t\n\t\t\t\t\t<div class=\"column col-4\">\t\n\t\t\t\t\t\t\n<article id=\"post-3551\" class=\"grid-post post-3551 post type-post status-publish format-standard has-post-thumbnail category-kolumbien category-reiseziele category-suedamerika tag-reisebericht tag-reisetipps tag-staedtereise no-excerpt grid-post-c3 grid-post-c\">\n\n\n\t<div class=\"post-thumb\">\n\t\t\n\t\t<a href=\"https:\/\/roadtales.de\/en\/cartagena-kolumbien-sehenswuerdigkeiten\" class=\"image-link media-ratio bg-ratio\"style=\"--a-ratio: 1.4995150339476\"><span data-bgsrc=\"https:\/\/roadtales.de\/wp-content\/uploads\/2025\/06\/Eine-Platz-vpller-Menschen-mit-einer-alten-sandsteinfarbenen-Kirche-und-einem-gelb-weissen-kolonialen-Gebaeude-1-768x512.jpg\" class=\"img bg-cover wp-post-image attachment-cheerup-768 size-cheerup-768\" role=\"img\" data-bgset=\"https:\/\/roadtales.de\/wp-content\/uploads\/2025\/06\/Eine-Platz-vpller-Menschen-mit-einer-alten-sandsteinfarbenen-Kirche-und-einem-gelb-weissen-kolonialen-Gebaeude-1-768x512.jpg 768w, https:\/\/roadtales.de\/wp-content\/uploads\/2025\/06\/Eine-Platz-vpller-Menschen-mit-einer-alten-sandsteinfarbenen-Kirche-und-einem-gelb-weissen-kolonialen-Gebaeude-1-300x200.jpg 300w, https:\/\/roadtales.de\/wp-content\/uploads\/2025\/06\/Eine-Platz-vpller-Menschen-mit-einer-alten-sandsteinfarbenen-Kirche-und-einem-gelb-weissen-kolonialen-Gebaeude-1-1024x683.jpg 1024w, https:\/\/roadtales.de\/wp-content\/uploads\/2025\/06\/Eine-Platz-vpller-Menschen-mit-einer-alten-sandsteinfarbenen-Kirche-und-einem-gelb-weissen-kolonialen-Gebaeude-1-1536x1024.jpg 1536w, https:\/\/roadtales.de\/wp-content\/uploads\/2025\/06\/Eine-Platz-vpller-Menschen-mit-einer-alten-sandsteinfarbenen-Kirche-und-einem-gelb-weissen-kolonialen-Gebaeude-1-18x12.jpg 18w, https:\/\/roadtales.de\/wp-content\/uploads\/2025\/06\/Eine-Platz-vpller-Menschen-mit-einer-alten-sandsteinfarbenen-Kirche-und-einem-gelb-weissen-kolonialen-Gebaeude-1-175x117.jpg 175w, https:\/\/roadtales.de\/wp-content\/uploads\/2025\/06\/Eine-Platz-vpller-Menschen-mit-einer-alten-sandsteinfarbenen-Kirche-und-einem-gelb-weissen-kolonialen-Gebaeude-1-450x300.jpg 450w, https:\/\/roadtales.de\/wp-content\/uploads\/2025\/06\/Eine-Platz-vpller-Menschen-mit-einer-alten-sandsteinfarbenen-Kirche-und-einem-gelb-weissen-kolonialen-Gebaeude-1-1170x780.jpg 1170w, https:\/\/roadtales.de\/wp-content\/uploads\/2025\/06\/Eine-Platz-vpller-Menschen-mit-einer-alten-sandsteinfarbenen-Kirche-und-einem-gelb-weissen-kolonialen-Gebaeude-1-270x180.jpg 270w, https:\/\/roadtales.de\/wp-content\/uploads\/2025\/06\/Eine-Platz-vpller-Menschen-mit-einer-alten-sandsteinfarbenen-Kirche-und-einem-gelb-weissen-kolonialen-Gebaeude-1.jpg 1546w\" data-sizes=\"(max-width: 370px) 100vw, 370px\" aria-label=\"A square full of people with an old sandstone-colored church and a yellow and white colonial building\" data-ratio=\"1.4995150339476\"><\/span><\/a>\n\t\t\n\t\t\n\t\t\t\t\n\t<\/div>\n\t\t\n\t\t<div class=\"content-wrap\">\n\t\t\t<div class=\"meta-title\">\n\t\t\n\t\t\t<div class=\"post-meta post-meta-b post-meta-center has-below\"><div class=\"meta-above\"><span class=\"post-cat\">\n\t\t\t\t\t\t\n\t\t\t\t\t\t<a href=\"https:\/\/roadtales.de\/en\/category\/reiseziele\/suedamerika\/kolumbien\" class=\"category\" rel=\"category\">Columbia<\/a> <a href=\"https:\/\/roadtales.de\/en\/category\/reiseziele\" class=\"category\" rel=\"category\">Travel Destinations<\/a> <a href=\"https:\/\/roadtales.de\/en\/category\/reiseziele\/suedamerika\" class=\"category\" rel=\"category\">South America<\/a>\n\t\t\t\t\t<\/span>\n\t\t\t\t\t<\/div><h2 class=\"is-title post-title-alt\"><a href=\"https:\/\/roadtales.de\/en\/cartagena-kolumbien-sehenswuerdigkeiten\">Cartagena de Indias - Travel tips for Colombia's colorful Caribbean city<\/a><\/h2><div class=\"below meta-below\"><a href=\"https:\/\/roadtales.de\/en\/cartagena-kolumbien-sehenswuerdigkeiten\" class=\"meta-item date-link\">\n\t\t\t\t\t\t<time class=\"post-date\" datetime=\"2025-06-30T16:57:22+02:00\">30\/06\/2025<\/time>\n\t\t\t\t\t<\/a><\/div><\/div>\t\t\n\t\t<\/div>\n\n\t\t\t\t\n\t\t\t\t\t\n\t\t\t<a href=\"https:\/\/roadtales.de\/en\/cartagena-kolumbien-sehenswuerdigkeiten\" class=\"read-more-link read-more-btn\">\n\t\t\t\tTo the article\t\t\t<\/a>\n\n\t\t\n\t\t\n\t<\/div>\n\t\t\n<\/article>\n\t\t\t\t\t<\/div>\n\t\t\t\t\t\n\t\t\t\t\t\t\t\t\t\n\t\t\t\t\t\t\n\t\t\t\t\n\t\t<\/div>\n\t<\/div>\n\t\n\t\n\t\t\t<\/div>\n\t\n\t<\/section>\n\n<\/div><\/div><\/div><\/div>","protected":false},"excerpt":{"rendered":"Schmale Gassen, bunte Kolonialh\u00e4user, Street Art und Salsa-Rythmen - Cartagena de Indias hat uns vom ersten Moment an begeistert. Die Kolonialstadt an Kolumbiens Karibikk\u00fcste vereint Geschichte und Moderne, Kultur und karibisches Lebensgef\u00fchl auf einzigartige Weise. Es ist eine Stadt, in der es Spa\u00df macht, durch die Stra\u00dfen der Altstadt zu schlendern, durch Gesch\u00e4fte zu st\u00f6bern","protected":false},"author":1,"featured_media":0,"parent":0,"menu_order":0,"comment_status":"closed","ping_status":"closed","template":"page-blocks.php","meta":{"slim_seo":{"title":"Cartagena de Indias - Reisetipps f\u00fcr Kolumbiens farbenfrohe Karibikstadt - Roadtales","description":"Schmale Gassen, bunte Kolonialh\u00e4user, Street Art und Salsa-Rythmen - Cartagena de Indias hat uns vom ersten Moment an begeistert. Die Kolonialstadt an Kolumbien"},"footnotes":""},"class_list":["post-3607","page","type-page","status-publish"],"yoast_head":"<!-- This site is optimized with the Yoast SEO plugin v27.4 - https:\/\/yoast.com\/product\/yoast-seo-wordpress\/ -->\n<title>Reiseziele Kolumbien - entdecke Kolumbiens Vielfalt<\/title>\n<meta name=\"description\" content=\"Entdecke die sch\u00f6nsten Kolumbien Reiseziele mit uns - von den Str\u00e4nden der Karibikk\u00fcste bis zu den Gipfeln der Anden.\" \/>\n<meta name=\"robots\" content=\"index, follow, max-snippet:-1, max-image-preview:large, max-video-preview:-1\" \/>\n<link rel=\"canonical\" href=\"https:\/\/roadtales.de\/en\/kolumbien-reiseziele\/\" \/>\n<meta property=\"og:locale\" content=\"en_GB\" \/>\n<meta property=\"og:type\" content=\"article\" \/>\n<meta property=\"og:title\" content=\"Reiseziele Kolumbien - entdecke Kolumbiens Vielfalt\" \/>\n<meta property=\"og:description\" content=\"Entdecke die sch\u00f6nsten Kolumbien Reiseziele mit uns - von den Str\u00e4nden der Karibikk\u00fcste bis zu den Gipfeln der Anden.\" \/>\n<meta property=\"og:url\" content=\"https:\/\/roadtales.de\/en\/kolumbien-reiseziele\/\" \/>\n<meta property=\"og:site_name\" content=\"Roadtales\" \/>\n<meta property=\"article:modified_time\" content=\"2025-07-16T10:58:39+00:00\" \/>\n<meta name=\"twitter:card\" content=\"summary_large_image\" \/>\n<meta name=\"twitter:label1\" content=\"Estimated reading time\" \/>\n\t<meta name=\"twitter:data1\" content=\"1 minute\" \/>\n<script type=\"application\/ld+json\" class=\"yoast-schema-graph\">{\"@context\":\"https:\\\/\\\/schema.org\",\"@graph\":[{\"@type\":\"WebPage\",\"@id\":\"https:\\\/\\\/roadtales.de\\\/kolumbien-reiseziele\",\"url\":\"https:\\\/\\\/roadtales.de\\\/kolumbien-reiseziele\",\"name\":\"Reiseziele Kolumbien - entdecke Kolumbiens Vielfalt\",\"isPartOf\":{\"@id\":\"https:\\\/\\\/roadtales.de\\\/#website\"},\"datePublished\":\"2025-06-30T14:54:54+00:00\",\"dateModified\":\"2025-07-16T10:58:39+00:00\",\"description\":\"Entdecke die sch\u00f6nsten Kolumbien Reiseziele mit uns - von den Str\u00e4nden der Karibikk\u00fcste bis zu den Gipfeln der Anden.\",\"breadcrumb\":{\"@id\":\"https:\\\/\\\/roadtales.de\\\/kolumbien-reiseziele#breadcrumb\"},\"inLanguage\":\"en-GB\",\"potentialAction\":[{\"@type\":\"ReadAction\",\"target\":[\"https:\\\/\\\/roadtales.de\\\/kolumbien-reiseziele\"]}]},{\"@type\":\"BreadcrumbList\",\"@id\":\"https:\\\/\\\/roadtales.de\\\/kolumbien-reiseziele#breadcrumb\",\"itemListElement\":[{\"@type\":\"ListItem\",\"position\":1,\"name\":\"Startseite\",\"item\":\"https:\\\/\\\/roadtales.de\\\/\"},{\"@type\":\"ListItem\",\"position\":2,\"name\":\"Kolumbien\"}]},{\"@type\":\"WebSite\",\"@id\":\"https:\\\/\\\/roadtales.de\\\/#website\",\"url\":\"https:\\\/\\\/roadtales.de\\\/\",\"name\":\"Roadtales\",\"description\":\"Overlanding, Camperausbau &amp; Reiseabenteuer\",\"publisher\":{\"@id\":\"https:\\\/\\\/roadtales.de\\\/#\\\/schema\\\/person\\\/1e68636375004def3d491f4977d362d0\"},\"potentialAction\":[{\"@type\":\"SearchAction\",\"target\":{\"@type\":\"EntryPoint\",\"urlTemplate\":\"https:\\\/\\\/roadtales.de\\\/?s={search_term_string}\"},\"query-input\":{\"@type\":\"PropertyValueSpecification\",\"valueRequired\":true,\"valueName\":\"search_term_string\"}}],\"inLanguage\":\"en-GB\"},{\"@type\":[\"Person\",\"Organization\"],\"@id\":\"https:\\\/\\\/roadtales.de\\\/#\\\/schema\\\/person\\\/1e68636375004def3d491f4977d362d0\",\"name\":\"Sarah\",\"image\":{\"@type\":\"ImageObject\",\"inLanguage\":\"en-GB\",\"@id\":\"https:\\\/\\\/roadtales.de\\\/wp-content\\\/uploads\\\/2023\\\/11\\\/Gotland-Restaurants-Sarah-Roadtales.jpg\",\"url\":\"https:\\\/\\\/roadtales.de\\\/wp-content\\\/uploads\\\/2023\\\/11\\\/Gotland-Restaurants-Sarah-Roadtales.jpg\",\"contentUrl\":\"https:\\\/\\\/roadtales.de\\\/wp-content\\\/uploads\\\/2023\\\/11\\\/Gotland-Restaurants-Sarah-Roadtales.jpg\",\"width\":660,\"height\":880,\"caption\":\"Sarah\"},\"logo\":{\"@id\":\"https:\\\/\\\/roadtales.de\\\/wp-content\\\/uploads\\\/2023\\\/11\\\/Gotland-Restaurants-Sarah-Roadtales.jpg\"},\"description\":\"Ich bin Sarah. Geboren 1990 im S\u00fcden von Deutschland an der Grenze zur Schweiz. Nach dem Abi hat es mich ins Ausland gezogen f\u00fcr ein Jahr nach Lesotho. Zwischen Bachelor uns Master war ich dann in S\u00fcdostasien reisen und habe meinen Master schlussendlich in Schweden gemacht. Nach einigen Jahren im Berufsleben, habe ich mich dann in ein Abenteuer gewagt und habe mit meinem Freund unseren Camper ausgebaut und nach S\u00fcdamerika verschifft. Seither erkunden wir gemeinsam mit viel Abenteuerlust und Neugierde diesen wundersch\u00f6nen Kontinent.\",\"sameAs\":[\"https:\\\/\\\/roadtales.de\",\"https:\\\/\\\/instagram.com\\\/_roadtales\\\/\"]}]}<\/script>\n<!-- \/ Yoast SEO plugin. -->","yoast_head_json":{"title":"Reiseziele Kolumbien - entdecke Kolumbiens Vielfalt","description":"Entdecke die sch\u00f6nsten Kolumbien Reiseziele mit uns - von den Str\u00e4nden der Karibikk\u00fcste bis zu den Gipfeln der Anden.","robots":{"index":"index","follow":"follow","max-snippet":"max-snippet:-1","max-image-preview":"max-image-preview:large","max-video-preview":"max-video-preview:-1"},"canonical":"https:\/\/roadtales.de\/en\/kolumbien-reiseziele\/","og_locale":"en_GB","og_type":"article","og_title":"Reiseziele Kolumbien - entdecke Kolumbiens Vielfalt","og_description":"Entdecke die sch\u00f6nsten Kolumbien Reiseziele mit uns - von den Str\u00e4nden der Karibikk\u00fcste bis zu den Gipfeln der Anden.","og_url":"https:\/\/roadtales.de\/en\/kolumbien-reiseziele\/","og_site_name":"Roadtales","article_modified_time":"2025-07-16T10:58:39+00:00","twitter_card":"summary_large_image","twitter_misc":{"Estimated reading time":"1 minute"},"schema":{"@context":"https:\/\/schema.org","@graph":[{"@type":"WebPage","@id":"https:\/\/roadtales.de\/kolumbien-reiseziele","url":"https:\/\/roadtales.de\/kolumbien-reiseziele","name":"Reiseziele Kolumbien - entdecke Kolumbiens Vielfalt","isPartOf":{"@id":"https:\/\/roadtales.de\/#website"},"datePublished":"2025-06-30T14:54:54+00:00","dateModified":"2025-07-16T10:58:39+00:00","description":"Entdecke die sch\u00f6nsten Kolumbien Reiseziele mit uns - von den Str\u00e4nden der Karibikk\u00fcste bis zu den Gipfeln der Anden.","breadcrumb":{"@id":"https:\/\/roadtales.de\/kolumbien-reiseziele#breadcrumb"},"inLanguage":"en-GB","potentialAction":[{"@type":"ReadAction","target":["https:\/\/roadtales.de\/kolumbien-reiseziele"]}]},{"@type":"BreadcrumbList","@id":"https:\/\/roadtales.de\/kolumbien-reiseziele#breadcrumb","itemListElement":[{"@type":"ListItem","position":1,"name":"Startseite","item":"https:\/\/roadtales.de\/"},{"@type":"ListItem","position":2,"name":"Kolumbien"}]},{"@type":"WebSite","@id":"https:\/\/roadtales.de\/#website","url":"https:\/\/roadtales.de\/","name":"Roadtales","description":"Overlanding, Camperausbau &amp; Reiseabenteuer","publisher":{"@id":"https:\/\/roadtales.de\/#\/schema\/person\/1e68636375004def3d491f4977d362d0"},"potentialAction":[{"@type":"SearchAction","target":{"@type":"EntryPoint","urlTemplate":"https:\/\/roadtales.de\/?s={search_term_string}"},"query-input":{"@type":"PropertyValueSpecification","valueRequired":true,"valueName":"search_term_string"}}],"inLanguage":"en-GB"},{"@type":["Person","Organization"],"@id":"https:\/\/roadtales.de\/#\/schema\/person\/1e68636375004def3d491f4977d362d0","name":"Sarah","image":{"@type":"ImageObject","inLanguage":"en-GB","@id":"https:\/\/roadtales.de\/wp-content\/uploads\/2023\/11\/Gotland-Restaurants-Sarah-Roadtales.jpg","url":"https:\/\/roadtales.de\/wp-content\/uploads\/2023\/11\/Gotland-Restaurants-Sarah-Roadtales.jpg","contentUrl":"https:\/\/roadtales.de\/wp-content\/uploads\/2023\/11\/Gotland-Restaurants-Sarah-Roadtales.jpg","width":660,"height":880,"caption":"Sarah"},"logo":{"@id":"https:\/\/roadtales.de\/wp-content\/uploads\/2023\/11\/Gotland-Restaurants-Sarah-Roadtales.jpg"},"description":"I am Sarah. Born in 1990 in the south of Germany, near the Swiss border. After finishing high school, I moved abroad for a year to Lesotho. Between my bachelor's and master's degrees, I traveled through Southeast Asia and eventually completed my master's in Sweden. After a few years in the workforce, I embarked on an adventure with my boyfriend, converting our camper and shipping it to South America. Since then, we have been exploring this beautiful continent together with a lot of adventurous spirit and curiosity.","sameAs":["https:\/\/roadtales.de","https:\/\/instagram.com\/_roadtales\/"]}]}},"jetpack_sharing_enabled":true,"jetpack-related-posts":[{"id":2897,"url":"https:\/\/roadtales.de\/en\/argentinien-reisetipps","url_meta":{"origin":3607,"position":0},"title":"Argentina","author":"Sarah","date":"24\/09\/2024","format":false,"excerpt":"","rel":"","context":"Similar post","block_context":{"text":"Similar post","link":""},"img":{"alt_text":"","src":"","width":0,"height":0},"classes":[]},{"id":2870,"url":"https:\/\/roadtales.de\/en\/suedamerika-reiseziele","url_meta":{"origin":3607,"position":1},"title":"South America","author":"Sarah","date":"24\/09\/2024","format":false,"excerpt":"Welcome to our South America adventure!","rel":"","context":"Similar post","block_context":{"text":"Similar post","link":""},"img":{"alt_text":"Argentinien Reiseziele","src":"https:\/\/i0.wp.com\/roadtales.de\/wp-content\/uploads\/2024\/09\/Argentinien-Reiseziele-150x150.jpg?resize=350%2C200&ssl=1","width":350,"height":200,"srcset":"https:\/\/i0.wp.com\/roadtales.de\/wp-content\/uploads\/2024\/09\/Argentinien-Reiseziele-150x150.jpg?resize=350%2C200&ssl=1 1x, https:\/\/i0.wp.com\/roadtales.de\/wp-content\/uploads\/2024\/09\/Argentinien-Reiseziele-150x150.jpg?resize=525%2C300&ssl=1 1.5x, https:\/\/i0.wp.com\/roadtales.de\/wp-content\/uploads\/2024\/09\/Argentinien-Reiseziele-150x150.jpg?resize=700%2C400&ssl=1 2x"},"classes":[]},{"id":3187,"url":"https:\/\/roadtales.de\/en\/ecuador-reiseziele","url_meta":{"origin":3607,"position":2},"title":"Ecuador","author":"Sarah","date":"04\/12\/2024","format":false,"excerpt":"","rel":"","context":"Similar post","block_context":{"text":"Similar post","link":""},"img":{"alt_text":"","src":"","width":0,"height":0},"classes":[]},{"id":211,"url":"https:\/\/roadtales.de\/en\/reiseziele-weltweit","url_meta":{"origin":3607,"position":3},"title":"Travel Destinations","author":"Sarah","date":"19\/05\/2022","format":false,"excerpt":"","rel":"","context":"Similar post","block_context":{"text":"Similar post","link":""},"img":{"alt_text":"","src":"","width":0,"height":0},"classes":[]},{"id":2912,"url":"https:\/\/roadtales.de\/en\/montenegro-reiseziele","url_meta":{"origin":3607,"position":4},"title":"Montenegro","author":"Sarah","date":"24\/09\/2024","format":false,"excerpt":"Montenegro","rel":"","context":"Similar post","block_context":{"text":"Similar post","link":""},"img":{"alt_text":"","src":"","width":0,"height":0},"classes":[]},{"id":2899,"url":"https:\/\/roadtales.de\/en\/bolivien-reiseziele","url_meta":{"origin":3607,"position":5},"title":"Bolivia","author":"Sarah","date":"24\/09\/2024","format":false,"excerpt":"Bolivia","rel":"","context":"Similar post","block_context":{"text":"Similar post","link":""},"img":{"alt_text":"","src":"","width":0,"height":0},"classes":[]}],"_links":{"self":[{"href":"https:\/\/roadtales.de\/en\/wp-json\/wp\/v2\/pages\/3607","targetHints":{"allow":["GET"]}}],"collection":[{"href":"https:\/\/roadtales.de\/en\/wp-json\/wp\/v2\/pages"}],"about":[{"href":"https:\/\/roadtales.de\/en\/wp-json\/wp\/v2\/types\/page"}],"author":[{"embeddable":true,"href":"https:\/\/roadtales.de\/en\/wp-json\/wp\/v2\/users\/1"}],"replies":[{"embeddable":true,"href":"https:\/\/roadtales.de\/en\/wp-json\/wp\/v2\/comments?post=3607"}],"version-history":[{"count":1,"href":"https:\/\/roadtales.de\/en\/wp-json\/wp\/v2\/pages\/3607\/revisions"}],"predecessor-version":[{"id":3608,"href":"https:\/\/roadtales.de\/en\/wp-json\/wp\/v2\/pages\/3607\/revisions\/3608"}],"wp:attachment":[{"href":"https:\/\/roadtales.de\/en\/wp-json\/wp\/v2\/media?parent=3607"}],"curies":[{"name":"wp","href":"https:\/\/api.w.org\/{rel}","templated":true}]}}